{"id":3321,"date":"2020-08-12T05:44:09","date_gmt":"2020-08-12T05:44:09","guid":{"rendered":"http:\/\/hubertpietka.bialystok.pl\/?page_id=3321"},"modified":"2020-08-12T06:00:09","modified_gmt":"2020-08-12T06:00:09","slug":"an-tek-dla-an-tak","status":"publish","type":"page","link":"https:\/\/hubertpietka.bialystok.pl\/?page_id=3321","title":{"rendered":"An-tek \/ dla An tak"},"content":{"rendered":"<p><strong><em>An-tek \/ dla An tak<\/em><\/strong><\/p>\n<p>Jutro rocznica<br \/>\nNaszego ma\u0142\u017ce\u0144skiego \u017cycia<br \/>\nDzi\u0119kuj\u0119 Ci<\/p>\n<p>Za wszystkie chwile<br \/>\nI trudne i mi\u0142e<br \/>\nZa wsp\u00f3\u0142trwanie<br \/>\nZa nieustawanie<\/p>\n<p>Powiedzia\u0142em Ci tak<br \/>\nPar\u0119 temu lat<br \/>\nI potwierdzam zawsze<br \/>\nTak dla mojej ma\u0142ej<\/p>\n<p>Tak dla Ani<\/p>\n<p>Mi\u0142o\u015b\u0107 i wytrwanie<br \/>\nWsp\u00f3\u0142zaufanie<\/p>\n<p>Jeste\u015bmy dla siebie<br \/>\nI niech tak po prostu b\u0119dzie<\/p>\n<p>Kocham Ciebie<br \/>\n<img decoding=\"async\" class=\"css-9pa8cd\" draggable=\"true\" src=\"https:\/\/pbs.twimg.com\/media\/EfMdXy4XgAAGQIh?format=jpg&amp;name=small\" alt=\"Image\" \/><br \/>\nNa zdj. \u015awi\u0119ty Antoni<br \/>\nW stopnickim klasztorze sercan\u00f3w<br \/>\nSerce przy sercu<br \/>\nI tak ju\u017c zawsze<\/p>\n<p style=\"text-align: center;\"><a href=\"https:\/\/www.youtube.com\/watch?v=eoaOSlGtBZk\"><em><strong>Cisza jak ta &#8211; W naszym niebie<\/strong><\/em><\/a><\/p>\n<p style=\"text-align: right;\"><a href=\"https:\/\/www.youtube.com\/watch?v=fygkjJrlmCY\"><em><strong>Universe &#8211; W per\u0142y zmieni\u0107 deszcz<\/strong><\/em><\/a><\/p>\n","protected":false},"excerpt":{"rendered":"<p>An-tek \/ dla An tak Jutro rocznica Naszego ma\u0142\u017ce\u0144skiego \u017cycia Dzi\u0119kuj\u0119 Ci Za wszystkie chwile I trudne i mi\u0142e Za wsp\u00f3\u0142trwanie Za nieustawanie Powiedzia\u0142em Ci&hellip; <\/p>\n","protected":false},"author":1,"featured_media":0,"parent":0,"menu_order":0,"comment_status":"closed","ping_status":"closed","template":"","meta":{"footnotes":""},"class_list":["post-3321","page","type-page","status-publish","hentry"],"_links":{"self":[{"href":"https:\/\/hubertpietka.bialystok.pl\/index.php?rest_route=\/wp\/v2\/pages\/3321","targetHints":{"allow":["GET"]}}],"collection":[{"href":"https:\/\/hubertpietka.bialystok.pl\/index.php?rest_route=\/wp\/v2\/pages"}],"about":[{"href":"https:\/\/hubertpietka.bialystok.pl\/index.php?rest_route=\/wp\/v2\/types\/page"}],"author":[{"embeddable":true,"href":"https:\/\/hubertpietka.bialystok.pl\/index.php?rest_route=\/wp\/v2\/users\/1"}],"replies":[{"embeddable":true,"href":"https:\/\/hubertpietka.bialystok.pl\/index.php?rest_route=%2Fwp%2Fv2%2Fcomments&post=3321"}],"version-history":[{"count":5,"href":"https:\/\/hubertpietka.bialystok.pl\/index.php?rest_route=\/wp\/v2\/pages\/3321\/revisions"}],"predecessor-version":[{"id":3326,"href":"https:\/\/hubertpietka.bialystok.pl\/index.php?rest_route=\/wp\/v2\/pages\/3321\/revisions\/3326"}],"wp:attachment":[{"href":"https:\/\/hubertpietka.bialystok.pl\/index.php?rest_route=%2Fwp%2Fv2%2Fmedia&parent=3321"}],"curies":[{"name":"wp","href":"https:\/\/api.w.org\/{rel}","templated":true}]}}