{"id":3328,"date":"2020-08-12T06:10:03","date_gmt":"2020-08-12T06:10:03","guid":{"rendered":"http:\/\/hubertpietka.bialystok.pl\/?page_id=3328"},"modified":"2020-08-12T06:22:21","modified_gmt":"2020-08-12T06:22:21","slug":"dia-logi-tropy-diabelskich-logik","status":"publish","type":"page","link":"https:\/\/hubertpietka.bialystok.pl\/?page_id=3328","title":{"rendered":"Dia-logi \/ tropy diabelskich logik"},"content":{"rendered":"<p><strong><em>Dia-logi \/ tropy diabelskich logik<\/em><\/strong><\/p>\n<p><em>Diab-etolog<\/em><br \/>\nDiabe\u0142 teolog<br \/>\nPapka m\u0119tnych s\u0142\u00f3w<br \/>\nS\u0142odzenie k\u0142amstw i zab\u00f3jstw<\/p>\n<p><em>Diab-etyk<\/em><br \/>\nDiabe\u0142 etyk<br \/>\nPomieszanie z popl\u0105taniem<br \/>\nNowe tre\u015bci warto\u015bci odwiecznych<\/p>\n<p>Dok\u0105d zmierzasz \u015bwiecie nasz<br \/>\nKomu pos\u0142uch dasz<\/p>\n<p>Prawda jest prawd\u0105<br \/>\nNie mo\u017cna jej nazywa\u0107 inaczej<br \/>\nCzysta logika<br \/>\nNie diabelska dialektyka<\/p>\n<p><em>Dia-lektyk<\/em><br \/>\nDiabe\u0142 eklektyk<br \/>\n\u0141\u0105czy sprzeczne rzeczy<br \/>\nSensy naddaje<br \/>\nTam gdzie ich nie ma wcale<\/p>\n<p><img decoding=\"async\" class=\"css-9pa8cd\" draggable=\"true\" src=\"https:\/\/pbs.twimg.com\/media\/EfMdtKEXoAcuPri?format=jpg&amp;name=small\" alt=\"Image\" \/><\/p>\n<p><em>Na zdj. Figurka Maryi<\/em><br \/>\n<em>W Pacanowie pobliskim<\/em><br \/>\n<em>To odtrutka najlepsza<\/em><br \/>\n<em>Na diabelskie parasensy<\/em><\/p>\n<p style=\"text-align: right;\"><a href=\"https:\/\/www.youtube.com\/watch?v=kze7hw-uOMY\"><em><strong>Kamil Bednarek &#8211; Spraniony<\/strong><\/em><\/a><\/p>\n<p style=\"text-align: center;\"><a href=\"https:\/\/www.youtube.com\/watch?v=cK6O3LgvsM4\"><em><strong>\u00a0Marek Grechuta &#8211; \u015awiecie nasz<\/strong><\/em><\/a><\/p>\n","protected":false},"excerpt":{"rendered":"<p>Dia-logi \/ tropy diabelskich logik Diab-etolog Diabe\u0142 teolog Papka m\u0119tnych s\u0142\u00f3w S\u0142odzenie k\u0142amstw i zab\u00f3jstw Diab-etyk Diabe\u0142 etyk Pomieszanie z popl\u0105taniem Nowe tre\u015bci warto\u015bci odwiecznych&hellip; <\/p>\n","protected":false},"author":1,"featured_media":0,"parent":0,"menu_order":0,"comment_status":"closed","ping_status":"closed","template":"","meta":{"footnotes":""},"class_list":["post-3328","page","type-page","status-publish","hentry"],"_links":{"self":[{"href":"https:\/\/hubertpietka.bialystok.pl\/index.php?rest_route=\/wp\/v2\/pages\/3328","targetHints":{"allow":["GET"]}}],"collection":[{"href":"https:\/\/hubertpietka.bialystok.pl\/index.php?rest_route=\/wp\/v2\/pages"}],"about":[{"href":"https:\/\/hubertpietka.bialystok.pl\/index.php?rest_route=\/wp\/v2\/types\/page"}],"author":[{"embeddable":true,"href":"https:\/\/hubertpietka.bialystok.pl\/index.php?rest_route=\/wp\/v2\/users\/1"}],"replies":[{"embeddable":true,"href":"https:\/\/hubertpietka.bialystok.pl\/index.php?rest_route=%2Fwp%2Fv2%2Fcomments&post=3328"}],"version-history":[{"count":4,"href":"https:\/\/hubertpietka.bialystok.pl\/index.php?rest_route=\/wp\/v2\/pages\/3328\/revisions"}],"predecessor-version":[{"id":3332,"href":"https:\/\/hubertpietka.bialystok.pl\/index.php?rest_route=\/wp\/v2\/pages\/3328\/revisions\/3332"}],"wp:attachment":[{"href":"https:\/\/hubertpietka.bialystok.pl\/index.php?rest_route=%2Fwp%2Fv2%2Fmedia&parent=3328"}],"curies":[{"name":"wp","href":"https:\/\/api.w.org\/{rel}","templated":true}]}}