{"id":3348,"date":"2020-08-26T17:39:01","date_gmt":"2020-08-26T17:39:01","guid":{"rendered":"http:\/\/hubertpietka.bialystok.pl\/?page_id=3348"},"modified":"2020-08-26T17:42:22","modified_gmt":"2020-08-26T17:42:22","slug":"3348-2","status":"publish","type":"page","link":"https:\/\/hubertpietka.bialystok.pl\/?page_id=3348","title":{"rendered":"Konkretne tendencje \/ wobec strace\u0144c\u00f3w"},"content":{"rendered":"<p><strong><em>Konkretne tendencje \/ wobec strace\u0144c\u00f3w<\/em><\/strong><\/p>\n<p>Jest realizowana<br \/>\nCelowa strategia<\/p>\n<p>On-y bawi si\u0119 nami<br \/>\nJak kocur myszkami<\/p>\n<p>Tu nas przydusi<br \/>\nTam nam popu\u015bci<\/p>\n<p>A wszystko to ma zmierza\u0107<br \/>\nDo jednego celu<\/p>\n<p>Tak czy inaczej<br \/>\n\u015amierci naszej<\/p>\n<p><img decoding=\"async\" class=\"css-9pa8cd\" draggable=\"true\" src=\"https:\/\/pbs.twimg.com\/media\/Ef6fwQaWAAI_M-V?format=jpg&amp;name=small\" alt=\"Image\" \/><\/p>\n<p><em>Na zdj. Na \u017bytniej niebo poranne<\/em><br \/>\n<em>Czy ten dom by\u0142 kiedykolwiek oaz\u0105<\/em><br \/>\n<em>Teraz bardziej przypomina klatk\u0119<\/em><br \/>\n<em>W kt\u00f3rej bawi si\u0119 nami on-y<\/em><br \/>\n<em>\u00a0<img decoding=\"async\" class=\"css-9pa8cd\" draggable=\"true\" src=\"https:\/\/pbs.twimg.com\/media\/Ef7sIGaXsAE_tub?format=jpg&amp;name=small\" alt=\"Image\" \/><\/em><br \/>\n<strong>Ps.<\/strong><br \/>\n<strong>\u017byjemy<\/strong><br \/>\n<strong>W nieustannym zagro\u017ceniu<\/strong><br \/>\n<strong>Od powietrza<\/strong><br \/>\n<strong>Ognia<\/strong><br \/>\n<strong>Ziemi<\/strong><br \/>\n<strong>\u00a0<\/strong><br \/>\n<strong>Gdy ja si\u0119 modl\u0119<\/strong><br \/>\n<strong>On-i-ego pr\u0105 do zbrodni<\/strong><br \/>\n<strong>\u00a0<\/strong><br \/>\n<strong>Po prostu si\u0119 boj\u0119<\/strong><\/p>\n","protected":false},"excerpt":{"rendered":"<p>Konkretne tendencje \/ wobec strace\u0144c\u00f3w Jest realizowana Celowa strategia On-y bawi si\u0119 nami Jak kocur myszkami Tu nas przydusi Tam nam popu\u015bci A wszystko to&hellip; <\/p>\n","protected":false},"author":1,"featured_media":0,"parent":0,"menu_order":0,"comment_status":"closed","ping_status":"closed","template":"","meta":{"footnotes":""},"class_list":["post-3348","page","type-page","status-publish","hentry"],"_links":{"self":[{"href":"https:\/\/hubertpietka.bialystok.pl\/index.php?rest_route=\/wp\/v2\/pages\/3348","targetHints":{"allow":["GET"]}}],"collection":[{"href":"https:\/\/hubertpietka.bialystok.pl\/index.php?rest_route=\/wp\/v2\/pages"}],"about":[{"href":"https:\/\/hubertpietka.bialystok.pl\/index.php?rest_route=\/wp\/v2\/types\/page"}],"author":[{"embeddable":true,"href":"https:\/\/hubertpietka.bialystok.pl\/index.php?rest_route=\/wp\/v2\/users\/1"}],"replies":[{"embeddable":true,"href":"https:\/\/hubertpietka.bialystok.pl\/index.php?rest_route=%2Fwp%2Fv2%2Fcomments&post=3348"}],"version-history":[{"count":5,"href":"https:\/\/hubertpietka.bialystok.pl\/index.php?rest_route=\/wp\/v2\/pages\/3348\/revisions"}],"predecessor-version":[{"id":3353,"href":"https:\/\/hubertpietka.bialystok.pl\/index.php?rest_route=\/wp\/v2\/pages\/3348\/revisions\/3353"}],"wp:attachment":[{"href":"https:\/\/hubertpietka.bialystok.pl\/index.php?rest_route=%2Fwp%2Fv2%2Fmedia&parent=3348"}],"curies":[{"name":"wp","href":"https:\/\/api.w.org\/{rel}","templated":true}]}}