{"id":337,"date":"2017-01-18T22:24:42","date_gmt":"2017-01-18T22:24:42","guid":{"rendered":"http:\/\/hubertpietka.bialystok.pl\/?page_id=337"},"modified":"2017-01-18T22:24:42","modified_gmt":"2017-01-18T22:24:42","slug":"kiedy","status":"publish","type":"page","link":"https:\/\/hubertpietka.bialystok.pl\/?page_id=337","title":{"rendered":"Kiedy\u2026"},"content":{"rendered":"<p><strong>Kiedy\u2026<\/strong><\/p>\n<p>&nbsp;<\/p>\n<p>kiedy jest strasznie ci\u0119\u017cko<\/p>\n<p>a cia\u0142o uwi\u0119zione w chorobie<\/p>\n<p>nie my\u015bl o grobie<\/p>\n<p>lecz o \u017cyciu<\/p>\n<p>by mog\u0142o si\u0119 wy\u015bni\u0107<\/p>\n<p>&nbsp;<\/p>\n<p>kiedy z niezrealizowania szalejesz<\/p>\n<p>poczekaj<\/p>\n<p>\u017cycie zna \u015bcie\u017cek wiele<\/p>\n<p>prowadz\u0105cych do cz\u0142owieka<\/p>\n<p>&nbsp;<\/p>\n<p>kiedy wszystkiego masz do\u015b\u0107<\/p>\n<p>zaczerpnij \u0142yk powietrza<\/p>\n<p>zajrzyj do swego wn\u0119trza<\/p>\n<p>&nbsp;<\/p>\n<p>kiedy ju\u017c nie wytrzymujesz<\/p>\n<p>zaufaj swoim butom<\/p>\n<p>i otw\u00f3rz drzwi swym my\u015blom<\/p>\n<p>&nbsp;<\/p>\n<p>marzenia<\/p>\n<p>pragnienia<\/p>\n<p>&nbsp;<\/p>\n<p>odkrywaj\u0105 nam znaczenia<\/p>\n<p>najprostsze najpierwsze nieodgadnione<\/p>\n<p>pod\u0105\u017caj w t\u0105 stron\u0119<\/p>\n<p>&nbsp;<\/p>\n<p>pos\u0142uchaj g\u0142osu serca swego<\/p>\n<p>ws\u0142uchaj si\u0119 w cichy szept jego<\/p>\n<p>by\u015b m\u00f3g\u0142 dalej i\u015b\u0107 i doszed\u0142<\/p>\n<p>do sensu swoich przeznacze\u0144<\/p>\n<p>&nbsp;<\/p>\n<p>moje ciche ja \u2013 do zobaczenia!<\/p>\n<p>nie kryj si\u0119 przede mn\u0105<\/p>\n<p>pozw\u00f3l mi si\u0119 zobaczy\u0107<\/p>\n","protected":false},"excerpt":{"rendered":"<p>Kiedy\u2026 &nbsp; kiedy jest strasznie ci\u0119\u017cko a cia\u0142o uwi\u0119zione w chorobie nie my\u015bl o grobie lecz o \u017cyciu by mog\u0142o si\u0119 wy\u015bni\u0107 &nbsp; kiedy z&hellip; <\/p>\n","protected":false},"author":1,"featured_media":0,"parent":0,"menu_order":0,"comment_status":"closed","ping_status":"closed","template":"","meta":{"footnotes":""},"class_list":["post-337","page","type-page","status-publish","hentry"],"_links":{"self":[{"href":"https:\/\/hubertpietka.bialystok.pl\/index.php?rest_route=\/wp\/v2\/pages\/337","targetHints":{"allow":["GET"]}}],"collection":[{"href":"https:\/\/hubertpietka.bialystok.pl\/index.php?rest_route=\/wp\/v2\/pages"}],"about":[{"href":"https:\/\/hubertpietka.bialystok.pl\/index.php?rest_route=\/wp\/v2\/types\/page"}],"author":[{"embeddable":true,"href":"https:\/\/hubertpietka.bialystok.pl\/index.php?rest_route=\/wp\/v2\/users\/1"}],"replies":[{"embeddable":true,"href":"https:\/\/hubertpietka.bialystok.pl\/index.php?rest_route=%2Fwp%2Fv2%2Fcomments&post=337"}],"version-history":[{"count":1,"href":"https:\/\/hubertpietka.bialystok.pl\/index.php?rest_route=\/wp\/v2\/pages\/337\/revisions"}],"predecessor-version":[{"id":338,"href":"https:\/\/hubertpietka.bialystok.pl\/index.php?rest_route=\/wp\/v2\/pages\/337\/revisions\/338"}],"wp:attachment":[{"href":"https:\/\/hubertpietka.bialystok.pl\/index.php?rest_route=%2Fwp%2Fv2%2Fmedia&parent=337"}],"curies":[{"name":"wp","href":"https:\/\/api.w.org\/{rel}","templated":true}]}}