{"id":3375,"date":"2020-09-16T06:05:26","date_gmt":"2020-09-16T06:05:26","guid":{"rendered":"http:\/\/hubertpietka.bialystok.pl\/?page_id=3375"},"modified":"2020-09-16T06:18:11","modified_gmt":"2020-09-16T06:18:11","slug":"niewdziecznosc-razaca-wrecz-porazajaco","status":"publish","type":"page","link":"https:\/\/hubertpietka.bialystok.pl\/?page_id=3375","title":{"rendered":"Niewdzi\u0119czno\u015b\u0107 ra\u017c\u0105ca \/ wr\u0119cz pora\u017caj\u0105co"},"content":{"rendered":"<p><strong><em>Niewdzi\u0119czno\u015b\u0107 ra\u017c\u0105ca \/ wr\u0119cz pora\u017caj\u0105co<\/em><\/strong><\/p>\n<p>Wyobra\u017a sobie \u017ce<br \/>\nPewn\u0105 osob\u0119<\/p>\n<ol>\n<li>Wyci\u0105gn\u0105\u0142e\u015b z bezdomno\u015bci<\/li>\n<\/ol>\n<p>Sp\u0142aci\u0142e\u015b cz\u0119\u015b\u0107 jej d\u0142ug\u00f3w<br \/>\nWspomaga\u0142e\u015b i koordynowa\u0142e\u015b j\u0105 na ka\u017cdym kroku<\/p>\n<p>Ta osoba w mi\u0119dzyczasie<br \/>\nCo\u015b ci podarowa\u0142a<br \/>\nNa skutek r\u00f3\u017cnych okoliczno\u015bci<br \/>\nKawa\u0142ek ziemi sypi\u0105ca si\u0119 star\u0105 drewnian\u0105 chat\u0119<br \/>\nI budynek gospodarczy<\/p>\n<p>I ty w tym budynku<br \/>\nZrobi\u0142e\u015b jej dom<br \/>\nWyka\u0144cza\u0142e\u015b go w\u0142asnymi r\u0119kami<br \/>\nSp\u0142acasz kredyt z tej inwestycji<br \/>\nAby ta osoba mog\u0142a tam mieszka\u0107<br \/>\nI ty by\u015b m\u00f3g\u0142 korzysta\u0107 z tego z czasem<br \/>\nMo\u017ce<\/p>\n<p>Nie ma w tym domu<br \/>\nNic co nie pochodzi\u0142o by od ciebie<br \/>\nNic co nie przesz\u0142o by przez twoje r\u0119ce<\/p>\n<p>A kiedy przyje\u017cd\u017casz<br \/>\nTa osoba<br \/>\nJe tw\u00f3j chleb<br \/>\nI pali nawet twoje papierosy<\/p>\n<p>Oczywi\u015bcie<br \/>\nTy za to mieszkanie<br \/>\nP\u0142acisz wszelkie rachunki<br \/>\nNawet telefon op\u0142acasz tej osobie<\/p>\n<p>I teraz<br \/>\nTa osoba uroi\u0142a sobie<br \/>\n\u017be jeste\u015b jej wrogiem<br \/>\nI chce wnie\u015b\u0107 spraw\u0119<br \/>\n(Lub ju\u017c mo\u017ce wnios\u0142a)<br \/>\nO cofni\u0119cie darowizny<br \/>\nZe wzgl\u0119du na niewdzi\u0119czno\u015b\u0107 obdarowanego<\/p>\n<p>Wyobra\u017casz to sobie<br \/>\nB\u00f3g sam jeden wie<br \/>\nCo jeszcze wymy\u015bli\u0107 mo\u017ce<\/p>\n<ol start=\"2\">\n<li>Niewdzi\u0119czno\u015b\u0107 ra\u017c\u0105ca<\/li>\n<\/ol>\n<p>Ma tu miejsce<br \/>\nAle tylko i wy\u0142\u0105cznie w jedn\u0105 stron\u0119<br \/>\nWr\u0119cz pora\u017caj\u0105ca<br \/>\nNiewdzi\u0119czno\u015b\u0107<\/p>\n<p>Bo wiesz \u017ce ta osoba<br \/>\n\u017byczy ci raczej niezbyt dobrze<br \/>\n\u017be opowiada o tobie<br \/>\nRzeczy r\u00f3\u017cne<br \/>\nWsz\u0119dzie naoko\u0142o<br \/>\n\u017be nawet by\u0107 mo\u017ce<br \/>\nPrzeklina ciebie<\/p>\n<p>A tylko dlatego \u017ce<br \/>\nUroi\u0142a sobie<br \/>\n\u017be chcesz j\u0105 wyrzuci\u0107<br \/>\nZ tego domu<\/p>\n<p>A pije dodatkowo na\u0142ogowo<br \/>\n\u017be o jazdach r\u00f3\u017cnych innych<br \/>\nJu\u017c nie wspomnisz<br \/>\nZreszt\u0105 z d\u0142ugami i alkoholem<br \/>\nBoryka si\u0119 niemal przez \u017cycie ca\u0142e<\/p>\n<ol start=\"3\">\n<li>Ty tej osobie<\/li>\n<\/ol>\n<p>Nie \u017cyczysz \u017ale<br \/>\nNie wyrzucisz j\u0105 przecie\u017c<br \/>\nWr\u0119cz przeciwnie<br \/>\nSam si\u0119 usuwasz<br \/>\nBy mog\u0142a \u017cy\u0107 po swojemu<br \/>\nCho\u0107 nie wiesz<br \/>\nJak to b\u0119dzie wygl\u0105da\u0107<br \/>\nFinalnie<\/p>\n<p>W sumie przecie\u017c to te\u017c chodzi<br \/>\nO zbawienie tej osoby<br \/>\nTy wiesz<br \/>\nO pewnym zniewoleniu jej<br \/>\nI nie\u015bwiadomo\u015bci<br \/>\nPos\u0142ugiwania si\u0119 ni\u0105<br \/>\nT\u0105 osob\u0105<br \/>\nSi\u0142 przeciwnych Bogu<br \/>\nMasz na to dowody<\/p>\n<p>Dlatego usuwasz si\u0119<br \/>\nI modlisz o zbawienie jej<br \/>\nOpami\u0119tanie w Bogu si\u0119<br \/>\nOsoby tej<\/p>\n<p>Bo to jest najwa\u017cniejsze<br \/>\n\u017beby\u015bmy po tej drugiej stronie<br \/>\nMogli si\u0119 spotka\u0107 tam wszyscy<br \/>\nTo jest ponad ca\u0142\u0105 reszt\u0105<\/p>\n<ol start=\"4\">\n<li>Wybaczasz<\/li>\n<\/ol>\n<p>I idziesz w sw\u0105 stron\u0119 dalej<br \/>\nNa pewn\u0105 poniewierk\u0119 si\u0119 skazujesz<br \/>\nCho\u0107 masz dom przecie\u017c<\/p>\n<p>W tym najwa\u017cniejsze jednak jest<br \/>\nZbawienie duszy jej<br \/>\nWi\u0119c to przyjmujesz<br \/>\nTak\u017ce w intencji tej<\/p>\n<p>Pora\u017caj\u0105ca niewdzi\u0119czno\u015b\u0107<br \/>\nW \u017cyciu ma miejsce<br \/>\nZapewne nie po raz pierwszy<br \/>\nAle to niewa\u017cne<br \/>\nB\u00f3g dopuszcza co\u015b czasem<br \/>\nAby objawi\u0142y si\u0119 rzeczy wi\u0119ksze<br \/>\nB\u00f3g wie po co to jest<\/p>\n<p>Modlisz si\u0119 dalej<br \/>\nZa osob\u0119 t\u0119<br \/>\nI idziesz w swoj\u0105 stron\u0119<\/p>\n<p><img decoding=\"async\" class=\"css-9pa8cd\" draggable=\"true\" src=\"https:\/\/pbs.twimg.com\/media\/Eh91ECoXsAEdyDL?format=jpg&amp;name=small\" alt=\"Image\" \/><\/p>\n<p>Na zdj. Na przedpolach Pacanowa<br \/>\nBolesna Matka Bo\u017ca<br \/>\nOna zna prawd\u0119 ka\u017cd\u0105<br \/>\nOna wsp\u00f3\u0142czuje z tob\u0105 zawsze<\/p>\n<p>Dzi\u015b Matki Bo\u017cej Bolesnej<br \/>\nWczoraj Podwy\u017cszenie Krzy\u017ca \u015awi\u0119tego<br \/>\nNic nie jest przypadkowe<br \/>\nWszystko jest po co\u015b<\/p>\n<p>Niech Bo\u017ce sprawy objawiaj\u0105 si\u0119<br \/>\nNiech przybieraj\u0105 wyraz w\u0142a\u015bciwy<br \/>\nA Ty Maryjo w opiece Swej miej<br \/>\nWszystkie dzieci Swe<\/p>\n<p>Jezu ufam Tobie<\/p>\n<p style=\"text-align: right;\"><a href=\"https:\/\/www.youtube.com\/watch?v=-04JSqu-BRg\"><em><strong>(B\u00f3g si\u0119 mamo nie pomyli\u0142)<\/strong><\/em><\/a><\/p>\n","protected":false},"excerpt":{"rendered":"<p>Niewdzi\u0119czno\u015b\u0107 ra\u017c\u0105ca \/ wr\u0119cz pora\u017caj\u0105co Wyobra\u017a sobie \u017ce Pewn\u0105 osob\u0119 Wyci\u0105gn\u0105\u0142e\u015b z bezdomno\u015bci Sp\u0142aci\u0142e\u015b cz\u0119\u015b\u0107 jej d\u0142ug\u00f3w Wspomaga\u0142e\u015b i koordynowa\u0142e\u015b j\u0105 na ka\u017cdym kroku Ta&hellip; <\/p>\n","protected":false},"author":1,"featured_media":0,"parent":0,"menu_order":0,"comment_status":"closed","ping_status":"closed","template":"","meta":{"footnotes":""},"class_list":["post-3375","page","type-page","status-publish","hentry"],"_links":{"self":[{"href":"https:\/\/hubertpietka.bialystok.pl\/index.php?rest_route=\/wp\/v2\/pages\/3375","targetHints":{"allow":["GET"]}}],"collection":[{"href":"https:\/\/hubertpietka.bialystok.pl\/index.php?rest_route=\/wp\/v2\/pages"}],"about":[{"href":"https:\/\/hubertpietka.bialystok.pl\/index.php?rest_route=\/wp\/v2\/types\/page"}],"author":[{"embeddable":true,"href":"https:\/\/hubertpietka.bialystok.pl\/index.php?rest_route=\/wp\/v2\/users\/1"}],"replies":[{"embeddable":true,"href":"https:\/\/hubertpietka.bialystok.pl\/index.php?rest_route=%2Fwp%2Fv2%2Fcomments&post=3375"}],"version-history":[{"count":5,"href":"https:\/\/hubertpietka.bialystok.pl\/index.php?rest_route=\/wp\/v2\/pages\/3375\/revisions"}],"predecessor-version":[{"id":3380,"href":"https:\/\/hubertpietka.bialystok.pl\/index.php?rest_route=\/wp\/v2\/pages\/3375\/revisions\/3380"}],"wp:attachment":[{"href":"https:\/\/hubertpietka.bialystok.pl\/index.php?rest_route=%2Fwp%2Fv2%2Fmedia&parent=3375"}],"curies":[{"name":"wp","href":"https:\/\/api.w.org\/{rel}","templated":true}]}}