{"id":3383,"date":"2020-09-16T06:44:50","date_gmt":"2020-09-16T06:44:50","guid":{"rendered":"http:\/\/hubertpietka.bialystok.pl\/?page_id=3383"},"modified":"2020-09-17T14:37:12","modified_gmt":"2020-09-17T14:37:12","slug":"swietliki-swietlne-tiki","status":"publish","type":"page","link":"https:\/\/hubertpietka.bialystok.pl\/?page_id=3383","title":{"rendered":"\u015awietliki \/ \u015bwietlne tiki"},"content":{"rendered":"<p>\u015awietliki \/ \u015bwietlne tiki<\/p>\n<p>\u015awietliki przylecia\u0142y<br \/>\nNoc\u0105<br \/>\nKiedy jest ciemno<br \/>\nKabelki si\u0119 poprzestawia\u0142y<br \/>\nCzy co\u015b takiego<\/p>\n<p>Jak wiadomo<br \/>\nKiedy jest ciemno<br \/>\nNoc\u0105<br \/>\n\u015awietliki do \u015bwiat\u0142a lec\u0105<\/p>\n<p>I teraz<br \/>\n\u015awietlik to tu to tam wyskoczy<br \/>\nRaz o ma\u0142o nie zabi\u0142<br \/>\nRaz cudem nie porazi\u0142<\/p>\n<p>Ju\u017c wystarczy<br \/>\nBy z tego nie by\u0142o<br \/>\nWi\u0119kszych nieszcz\u0119\u015b\u0107<br \/>\nDo\u015b\u0107 ju\u017c<\/p>\n<p><img decoding=\"async\" class=\"css-9pa8cd\" draggable=\"true\" src=\"https:\/\/pbs.twimg.com\/media\/EiBFkUfXYAU5Oua?format=jpg&amp;name=small\" alt=\"Image\" \/><\/p>\n<p><em>Na zdj. Niebo poranne na Bia\u0142oborzu<\/em><br \/>\n<em>Lampa na planie pierwszym<\/em><br \/>\n<em>Je\u015bli chce si\u0119 pozna\u0107 pewn\u0105 spraw\u0119<\/em><br \/>\n<em>Od \u017ar\u00f3d\u0142a trzeba zacz\u0105\u0107<\/em><br \/>\n<em>By zbli\u017cy\u0107 si\u0119 do \u015bwiat\u0142a<\/em><\/p>\n<p style=\"text-align: right;\"><em><strong><a href=\"https:\/\/youtu.be\/vgLGXnptNzk\">Maanam &#8211; Raz dwa, raz dwa<\/a><\/strong><\/em><\/p>\n","protected":false},"excerpt":{"rendered":"<p>\u015awietliki \/ \u015bwietlne tiki \u015awietliki przylecia\u0142y Noc\u0105 Kiedy jest ciemno Kabelki si\u0119 poprzestawia\u0142y Czy co\u015b takiego Jak wiadomo Kiedy jest ciemno Noc\u0105 \u015awietliki do \u015bwiat\u0142a&hellip; <\/p>\n","protected":false},"author":1,"featured_media":0,"parent":0,"menu_order":0,"comment_status":"closed","ping_status":"closed","template":"","meta":{"footnotes":""},"class_list":["post-3383","page","type-page","status-publish","hentry"],"_links":{"self":[{"href":"https:\/\/hubertpietka.bialystok.pl\/index.php?rest_route=\/wp\/v2\/pages\/3383","targetHints":{"allow":["GET"]}}],"collection":[{"href":"https:\/\/hubertpietka.bialystok.pl\/index.php?rest_route=\/wp\/v2\/pages"}],"about":[{"href":"https:\/\/hubertpietka.bialystok.pl\/index.php?rest_route=\/wp\/v2\/types\/page"}],"author":[{"embeddable":true,"href":"https:\/\/hubertpietka.bialystok.pl\/index.php?rest_route=\/wp\/v2\/users\/1"}],"replies":[{"embeddable":true,"href":"https:\/\/hubertpietka.bialystok.pl\/index.php?rest_route=%2Fwp%2Fv2%2Fcomments&post=3383"}],"version-history":[{"count":6,"href":"https:\/\/hubertpietka.bialystok.pl\/index.php?rest_route=\/wp\/v2\/pages\/3383\/revisions"}],"predecessor-version":[{"id":3390,"href":"https:\/\/hubertpietka.bialystok.pl\/index.php?rest_route=\/wp\/v2\/pages\/3383\/revisions\/3390"}],"wp:attachment":[{"href":"https:\/\/hubertpietka.bialystok.pl\/index.php?rest_route=%2Fwp%2Fv2%2Fmedia&parent=3383"}],"curies":[{"name":"wp","href":"https:\/\/api.w.org\/{rel}","templated":true}]}}