{"id":3404,"date":"2020-10-11T12:25:08","date_gmt":"2020-10-11T12:25:08","guid":{"rendered":"http:\/\/hubertpietka.bialystok.pl\/?page_id=3404"},"modified":"2020-10-11T12:34:37","modified_gmt":"2020-10-11T12:34:37","slug":"rozanca-swietego-krolowej-slowa-moje","status":"publish","type":"page","link":"https:\/\/hubertpietka.bialystok.pl\/?page_id=3404","title":{"rendered":"R\u00f3\u017ca\u0144ca \u015awi\u0119tego Kr\u00f3lowej \/ s\u0142owa moje"},"content":{"rendered":"<p><strong><em>R\u00f3\u017ca\u0144ca \u015awi\u0119tego Kr\u00f3lowej \/ s\u0142owa moje<\/em><\/strong><\/p>\n<p>1.<br \/>\nMatko Bo\u017ca R\u00f3\u017ca\u0144cowa<br \/>\nMatko r\u00f3\u017c s\u0142owa<br \/>\nI \u015bwi\u0119tych obraz\u00f3w<br \/>\nIkon z \u017cycia Chrystusa<\/p>\n<p>W Tobie \u0142\u0105czy si\u0119 wszystko<br \/>\n\u017bycia nasze z nieba sprawami<br \/>\nSi\u0119 jednaj\u0105<br \/>\nTy nas nie odrzucasz<\/p>\n<p>2.<br \/>\nPrzez Twoje s\u0142owo<br \/>\nZgod\u0119 na sprawy Bo\u017ce<br \/>\nPrzysz\u0142o na \u015bwiat S\u0142owo Wcielone<\/p>\n<p>\u015awi\u0119te s\u0142owa Zdrowa\u015b<br \/>\nTobie szeptane<br \/>\nPrzez r\u00f3\u017caniec<br \/>\nTy przyjmujesz<\/p>\n<p>I znasz ich zawarto\u015b\u0107<br \/>\nSerca obj\u0119to\u015b\u0107<br \/>\nUtulasz<br \/>\n<img decoding=\"async\" class=\"css-9pa8cd\" draggable=\"true\" src=\"https:\/\/pbs.twimg.com\/media\/EkDDvp2XsAEi836?format=jpg&amp;name=small\" alt=\"Image\" \/><br \/>\n<em>Na zdj. Matko Bo\u017ca Loreta\u0144ska<\/em><br \/>\n<em>W sanktuarium w Piotrkowicach<\/em><br \/>\n<em>\u00a0<\/em><br \/>\n<em>R\u00f3\u017caniec jest niejako domkiem Maryi<\/em><br \/>\n<em>W kt\u00f3rym si\u0119 chroni\u0105<\/em><br \/>\n<em>Dzieci jej z ufno\u015bci\u0105<\/em><br \/>\n<em>\u00a0<\/em><br \/>\n<em>Ofiarowuj\u0105c Jej swe s\u0142owa<\/em><br \/>\n<em>Kt\u00f3re Ona zanosi do Boga<\/em><\/p>\n<p style=\"text-align: right;\"><a href=\"https:\/\/www.youtube.com\/watch?v=DOFcHhr1XtE&amp;feature=youtu.be\"><em><strong>R\u00f3\u017ca\u0144cowa Pani Nieba Ziemi (R\u00f3\u017ca\u0144cowa Dziewico Maryjo)<\/strong><\/em><\/a><\/p>\n","protected":false},"excerpt":{"rendered":"<p>R\u00f3\u017ca\u0144ca \u015awi\u0119tego Kr\u00f3lowej \/ s\u0142owa moje 1. Matko Bo\u017ca R\u00f3\u017ca\u0144cowa Matko r\u00f3\u017c s\u0142owa I \u015bwi\u0119tych obraz\u00f3w Ikon z \u017cycia Chrystusa W Tobie \u0142\u0105czy si\u0119 wszystko&hellip; <\/p>\n","protected":false},"author":1,"featured_media":0,"parent":0,"menu_order":0,"comment_status":"closed","ping_status":"closed","template":"","meta":{"footnotes":""},"class_list":["post-3404","page","type-page","status-publish","hentry"],"_links":{"self":[{"href":"https:\/\/hubertpietka.bialystok.pl\/index.php?rest_route=\/wp\/v2\/pages\/3404","targetHints":{"allow":["GET"]}}],"collection":[{"href":"https:\/\/hubertpietka.bialystok.pl\/index.php?rest_route=\/wp\/v2\/pages"}],"about":[{"href":"https:\/\/hubertpietka.bialystok.pl\/index.php?rest_route=\/wp\/v2\/types\/page"}],"author":[{"embeddable":true,"href":"https:\/\/hubertpietka.bialystok.pl\/index.php?rest_route=\/wp\/v2\/users\/1"}],"replies":[{"embeddable":true,"href":"https:\/\/hubertpietka.bialystok.pl\/index.php?rest_route=%2Fwp%2Fv2%2Fcomments&post=3404"}],"version-history":[{"count":5,"href":"https:\/\/hubertpietka.bialystok.pl\/index.php?rest_route=\/wp\/v2\/pages\/3404\/revisions"}],"predecessor-version":[{"id":3409,"href":"https:\/\/hubertpietka.bialystok.pl\/index.php?rest_route=\/wp\/v2\/pages\/3404\/revisions\/3409"}],"wp:attachment":[{"href":"https:\/\/hubertpietka.bialystok.pl\/index.php?rest_route=%2Fwp%2Fv2%2Fmedia&parent=3404"}],"curies":[{"name":"wp","href":"https:\/\/api.w.org\/{rel}","templated":true}]}}