{"id":3411,"date":"2020-10-11T12:40:26","date_gmt":"2020-10-11T12:40:26","guid":{"rendered":"http:\/\/hubertpietka.bialystok.pl\/?page_id=3411"},"modified":"2020-10-11T12:59:13","modified_gmt":"2020-10-11T12:59:13","slug":"chleb-powszedni-spoleczenstwa-malzenstwa","status":"publish","type":"page","link":"https:\/\/hubertpietka.bialystok.pl\/?page_id=3411","title":{"rendered":"Chleb powszedni spo\u0142ecze\u0144stwa \/ ma\u0142\u017ce\u0144stwa"},"content":{"rendered":"<p><strong><em>Chleb powszedni spo\u0142ecze\u0144stwa \/ ma\u0142\u017ce\u0144stwa<\/em><\/strong><\/p>\n<p>Chleb ma\u0142\u017ce\u0144stwa<br \/>\nTworzy m\u0105ka i woda<br \/>\nProdukty kt\u00f3re si\u0119 \u0142\u0105cz\u0105<br \/>\nTworz\u0105c jednolit\u0105 mas\u0119<br \/>\nCho\u0107 r\u00f3\u017cni\u0105 si\u0119 mi\u0119dzy sob\u0105 wszystkim<\/p>\n<p>Do tego trzeba doda\u0107<br \/>\nS\u00f3l sakramentu<br \/>\nCzyli \u017cycia w Bogu<br \/>\nWierno\u015bci sobie i Jemu<\/p>\n<p>I wreszcie wszystko dope\u0142nia zakwas<br \/>\nCzyli mi\u0142o\u015b\u0107<br \/>\nKt\u00f3ra mo\u017ce mie\u0107 r\u00f3\u017cny posmak<br \/>\nPrzenika jednak wszystko<br \/>\nNawet je\u015bli jest s\u0142odko-kwa\u015bna<\/p>\n<p>I \/ lub dodaje si\u0119 dro\u017cd\u017ce<br \/>\nCzyli wzrastaj\u0105ce w ma\u0142\u017ce\u0144stwach<br \/>\nPotomstwo<\/p>\n<p><img decoding=\"async\" class=\"css-9pa8cd\" draggable=\"true\" src=\"https:\/\/pbs.twimg.com\/media\/EkDKaLSWkAEYFzx?format=jpg&amp;name=small\" alt=\"Image\" \/><\/p>\n<p>I takim<br \/>\nChlebem ma\u0142\u017ce\u0144skim<br \/>\n\u017byje zdrowe spo\u0142ecze\u0144stwo<\/p>\n<p>Wreszcie<br \/>\nNa wz\u00f3r Chleba Eucharystycznego<br \/>\nJest chleb ma\u0142\u017ce\u0144stwa powszedniego<\/p>\n<p>Buduje rodziny<br \/>\nA jego okruchy<br \/>\nS\u0105 pokarmem dla wszystkich ludzi<br \/>\n<img decoding=\"async\" class=\"css-9pa8cd\" draggable=\"true\" src=\"https:\/\/pbs.twimg.com\/media\/EkDI4hqWAAAA6Fv?format=jpg&amp;name=small\" alt=\"Image\" \/><br \/>\n<em>Na zdj. W ko\u015bciele w Dawidach Bankowych<\/em><br \/>\n<em>Ekspozycja produkt\u00f3w do\u017cynkowych<\/em><br \/>\n<em>Znajduj\u0105 si\u0119 one przy o\u0142tarzu<\/em><br \/>\n<em>Chleb ma\u0142\u017ce\u0144ski \u017cycia w \u0142asce<\/em><br \/>\n<em>Jest dla Boga pi\u0119knym darem<\/em><br \/>\n<em>\u00a0<\/em><br \/>\n<em>Dzi\u0119kuj\u0119 Ci Panie<\/em><br \/>\n<em>Za ma\u0142\u017ce\u0144stwa sakrament<\/em><br \/>\n<em>Dzi\u0119ki kt\u00f3remu mo\u017cna wzrasta\u0107<\/em><br \/>\n<em>Ku pe\u0142ni cz\u0142owiecze\u0144stwa<\/em><\/p>\n<p style=\"text-align: center;\"><a href=\"https:\/\/www.youtube.com\/watch?v=bb4rqiIJ2WU\"><em><strong>Muniek Staszczyk Feat Anna Maria Jopek &#8211; Dzieje Grzechu<\/strong><\/em><\/a><\/p>\n<p style=\"text-align: right;\"><a href=\"https:\/\/www.youtube.com\/watch?v=GyNHqzD0ih8\"><em><strong>Tomek Kami\u0144ski &#8211; Tak Cudowna<\/strong><\/em><\/a><\/p>\n","protected":false},"excerpt":{"rendered":"<p>Chleb powszedni spo\u0142ecze\u0144stwa \/ ma\u0142\u017ce\u0144stwa Chleb ma\u0142\u017ce\u0144stwa Tworzy m\u0105ka i woda Produkty kt\u00f3re si\u0119 \u0142\u0105cz\u0105 Tworz\u0105c jednolit\u0105 mas\u0119 Cho\u0107 r\u00f3\u017cni\u0105 si\u0119 mi\u0119dzy sob\u0105 wszystkim Do&hellip; <\/p>\n","protected":false},"author":1,"featured_media":0,"parent":0,"menu_order":0,"comment_status":"closed","ping_status":"closed","template":"","meta":{"footnotes":""},"class_list":["post-3411","page","type-page","status-publish","hentry"],"_links":{"self":[{"href":"https:\/\/hubertpietka.bialystok.pl\/index.php?rest_route=\/wp\/v2\/pages\/3411","targetHints":{"allow":["GET"]}}],"collection":[{"href":"https:\/\/hubertpietka.bialystok.pl\/index.php?rest_route=\/wp\/v2\/pages"}],"about":[{"href":"https:\/\/hubertpietka.bialystok.pl\/index.php?rest_route=\/wp\/v2\/types\/page"}],"author":[{"embeddable":true,"href":"https:\/\/hubertpietka.bialystok.pl\/index.php?rest_route=\/wp\/v2\/users\/1"}],"replies":[{"embeddable":true,"href":"https:\/\/hubertpietka.bialystok.pl\/index.php?rest_route=%2Fwp%2Fv2%2Fcomments&post=3411"}],"version-history":[{"count":5,"href":"https:\/\/hubertpietka.bialystok.pl\/index.php?rest_route=\/wp\/v2\/pages\/3411\/revisions"}],"predecessor-version":[{"id":3416,"href":"https:\/\/hubertpietka.bialystok.pl\/index.php?rest_route=\/wp\/v2\/pages\/3411\/revisions\/3416"}],"wp:attachment":[{"href":"https:\/\/hubertpietka.bialystok.pl\/index.php?rest_route=%2Fwp%2Fv2%2Fmedia&parent=3411"}],"curies":[{"name":"wp","href":"https:\/\/api.w.org\/{rel}","templated":true}]}}