{"id":3428,"date":"2020-10-19T18:27:33","date_gmt":"2020-10-19T18:27:33","guid":{"rendered":"http:\/\/hubertpietka.bialystok.pl\/?page_id=3428"},"modified":"2020-10-19T18:32:44","modified_gmt":"2020-10-19T18:32:44","slug":"ja-sio-ja-nie","status":"publish","type":"page","link":"https:\/\/hubertpietka.bialystok.pl\/?page_id=3428","title":{"rendered":"Ja-sio \/ Ja-nie"},"content":{"rendered":"<p><strong><em>Ja-sio \/ Ja-nie<\/em><\/strong><\/p>\n<p>Radzi mi b\u0105d\u017acie<br \/>\nNiech b\u0119dzie Rado\u015b\u0107 ze mn\u0105<\/p>\n<p>M\u00f3j \u015bwiat jest autentyczny<br \/>\nNawet je\u015bli troch\u0119 autystyczny<\/p>\n<p>Ja nie udaj\u0119<br \/>\nPodst\u0119pu nie ma we mnie<\/p>\n<p>Zbyt przestronnego sumienia zwykle si\u0119 doszukuj\u0105<br \/>\nCi kt\u00f3rzy sami wed\u0142ug sumienia raczej nie post\u0119puj\u0105<\/p>\n<p><strong>Puenta<\/strong><br \/>\nMy\u015bl\u0119 \u017ce taki monolog<br \/>\nM\u00f3g\u0142by poprowadzi\u0107 m\u00f3j bratanek<br \/>\nKochany prosty<br \/>\nCzysty i jasny<\/p>\n<p>Bo najwa\u017cniejsze<br \/>\nTo stawa\u0107 w prawdzie<br \/>\nBy\u0107 kim si\u0119 jest<br \/>\nBy\u0107 kim by\u0107 mo\u017cna<br \/>\nI o nic si\u0119 zbytnio nie troska\u0107<\/p>\n<p><img decoding=\"async\" class=\"css-9pa8cd\" draggable=\"true\" src=\"https:\/\/pbs.twimg.com\/media\/Ektb6N7XYAE3_3u?format=jpg&amp;name=small\" alt=\"Image\" \/><\/p>\n<p><em>Na zdj. Pieski s\u0105 tak\u017ce proste<\/em><br \/>\n<em>Pieski s\u0105 jak dzieci troszk\u0119<\/em><br \/>\n<em>Tutaj Dumka<\/em><br \/>\n<em>Na Alei Pi\u0142sudskiego w Bia\u0142ymstoku<\/em><br \/>\n<em>Przy niej kwiatek bia\u0142y<\/em><br \/>\n<em>Czysto\u015b\u0107 jest duszy stanem<\/em><br \/>\n<em>Jest tajemnic\u0105 i darem<\/em><\/p>\n<p style=\"text-align: right;\"><a href=\"https:\/\/www.youtube.com\/watch?v=x6V_c7FepYk\"><em><strong>\u0141ukasz \u0141yczkowski &amp; 5\u00a0 Rano &#8211; Nie wiem jak<\/strong><\/em><\/a><\/p>\n","protected":false},"excerpt":{"rendered":"<p>Ja-sio \/ Ja-nie Radzi mi b\u0105d\u017acie Niech b\u0119dzie Rado\u015b\u0107 ze mn\u0105 M\u00f3j \u015bwiat jest autentyczny Nawet je\u015bli troch\u0119 autystyczny Ja nie udaj\u0119 Podst\u0119pu nie ma&hellip; <\/p>\n","protected":false},"author":1,"featured_media":0,"parent":0,"menu_order":0,"comment_status":"closed","ping_status":"closed","template":"","meta":{"footnotes":""},"class_list":["post-3428","page","type-page","status-publish","hentry"],"_links":{"self":[{"href":"https:\/\/hubertpietka.bialystok.pl\/index.php?rest_route=\/wp\/v2\/pages\/3428","targetHints":{"allow":["GET"]}}],"collection":[{"href":"https:\/\/hubertpietka.bialystok.pl\/index.php?rest_route=\/wp\/v2\/pages"}],"about":[{"href":"https:\/\/hubertpietka.bialystok.pl\/index.php?rest_route=\/wp\/v2\/types\/page"}],"author":[{"embeddable":true,"href":"https:\/\/hubertpietka.bialystok.pl\/index.php?rest_route=\/wp\/v2\/users\/1"}],"replies":[{"embeddable":true,"href":"https:\/\/hubertpietka.bialystok.pl\/index.php?rest_route=%2Fwp%2Fv2%2Fcomments&post=3428"}],"version-history":[{"count":4,"href":"https:\/\/hubertpietka.bialystok.pl\/index.php?rest_route=\/wp\/v2\/pages\/3428\/revisions"}],"predecessor-version":[{"id":3432,"href":"https:\/\/hubertpietka.bialystok.pl\/index.php?rest_route=\/wp\/v2\/pages\/3428\/revisions\/3432"}],"wp:attachment":[{"href":"https:\/\/hubertpietka.bialystok.pl\/index.php?rest_route=%2Fwp%2Fv2%2Fmedia&parent=3428"}],"curies":[{"name":"wp","href":"https:\/\/api.w.org\/{rel}","templated":true}]}}