{"id":3434,"date":"2020-10-19T18:53:27","date_gmt":"2020-10-19T18:53:27","guid":{"rendered":"http:\/\/hubertpietka.bialystok.pl\/?page_id=3434"},"modified":"2020-10-19T19:44:36","modified_gmt":"2020-10-19T19:44:36","slug":"emilia-emil-i-ja","status":"publish","type":"page","link":"https:\/\/hubertpietka.bialystok.pl\/?page_id=3434","title":{"rendered":"Emilia \/ Emil i ja"},"content":{"rendered":"<p><strong><em>Emilia \/ Emil i ja<\/em><\/strong><\/p>\n<p>E-we \/ by\u0107 we by\u0107 dla<br \/>\nMi-cha\u0142 \/ ha\u0142-ha\u0142 i pieski dwa<br \/>\nE-Mi-l \/ milusi\u0144ski syn<br \/>\nI ja<br \/>\n<em>E-MI-L-I-A<\/em><\/p>\n<p>I Emil wystarczy czasem<br \/>\n\u017beby wszystko by\u0142o jasne<\/p>\n<p>E-mil<br \/>\nDrogi \u017cyciowej kilometry nawet je\u015bli wirtualne<br \/>\nNajlepiej pokonywa\u0107 razem<\/p>\n<p><strong>E=mc2<\/strong><\/p>\n<p>Em2<br \/>\nMieszkanie w darze<br \/>\nNa czas jaki\u015b<br \/>\nJest nieocenionym wzorem<\/p>\n<p>EmC<br \/>\nCi kt\u00f3rzy<br \/>\nS\u0105 po prostu<br \/>\nI dla innych tak\u017ce by\u0107 mog\u0105<\/p>\n<p><img decoding=\"async\" class=\"css-9pa8cd\" draggable=\"true\" src=\"https:\/\/pbs.twimg.com\/media\/EktcGdBWMAMtzx5?format=jpg&amp;name=small\" alt=\"Image\" \/><\/p>\n<p><em>Na zdj. &#8222;Do graj\u0105cej szafy grosik wrzu\u0107&#8221;<\/em><br \/>\n<em> \u00a0<\/em><br \/>\n<em> Po prostu by\u0107<\/em><br \/>\n<em> B\u0142ogos\u0142awieni kt\u00f3rzy pozwalaj\u0105 innym<\/em><br \/>\n<em> Przebywa\u0107 w tym<\/em><br \/>\n<em> Co niezbywalnie jest potrzebne im<\/em><br \/>\n<em> \u00a0<\/em><br \/>\n<em> Emilio droga<\/em><br \/>\n<em> Mi\u0142a moja<\/em><br \/>\n<em> Dzi\u0119kuj\u0119 za wszystko<\/em><br \/>\n<em> Dla ciebie muzyka<\/em><br \/>\n<em> Niech zagra<\/em><br \/>\n<em>Po prostu tak<\/em><br \/>\n<em> Od serca<\/em><\/p>\n<p style=\"text-align: right;\"><a href=\"https:\/\/www.youtube.com\/watch?v=PzjZVEvvpq0\"><em><strong>Ci\u0105gle szukam &#8211; Manitou<\/strong><\/em><\/a><\/p>\n","protected":false},"excerpt":{"rendered":"<p>Emilia \/ Emil i ja E-we \/ by\u0107 we by\u0107 dla Mi-cha\u0142 \/ ha\u0142-ha\u0142 i pieski dwa E-Mi-l \/ milusi\u0144ski syn I ja E-MI-L-I-A I&hellip; <\/p>\n","protected":false},"author":1,"featured_media":0,"parent":0,"menu_order":0,"comment_status":"closed","ping_status":"closed","template":"","meta":{"footnotes":""},"class_list":["post-3434","page","type-page","status-publish","hentry"],"_links":{"self":[{"href":"https:\/\/hubertpietka.bialystok.pl\/index.php?rest_route=\/wp\/v2\/pages\/3434","targetHints":{"allow":["GET"]}}],"collection":[{"href":"https:\/\/hubertpietka.bialystok.pl\/index.php?rest_route=\/wp\/v2\/pages"}],"about":[{"href":"https:\/\/hubertpietka.bialystok.pl\/index.php?rest_route=\/wp\/v2\/types\/page"}],"author":[{"embeddable":true,"href":"https:\/\/hubertpietka.bialystok.pl\/index.php?rest_route=\/wp\/v2\/users\/1"}],"replies":[{"embeddable":true,"href":"https:\/\/hubertpietka.bialystok.pl\/index.php?rest_route=%2Fwp%2Fv2%2Fcomments&post=3434"}],"version-history":[{"count":5,"href":"https:\/\/hubertpietka.bialystok.pl\/index.php?rest_route=\/wp\/v2\/pages\/3434\/revisions"}],"predecessor-version":[{"id":3439,"href":"https:\/\/hubertpietka.bialystok.pl\/index.php?rest_route=\/wp\/v2\/pages\/3434\/revisions\/3439"}],"wp:attachment":[{"href":"https:\/\/hubertpietka.bialystok.pl\/index.php?rest_route=%2Fwp%2Fv2%2Fmedia&parent=3434"}],"curies":[{"name":"wp","href":"https:\/\/api.w.org\/{rel}","templated":true}]}}