{"id":3449,"date":"2020-10-29T08:49:29","date_gmt":"2020-10-29T08:49:29","guid":{"rendered":"http:\/\/hubertpietka.bialystok.pl\/?page_id=3449"},"modified":"2020-10-29T09:24:40","modified_gmt":"2020-10-29T09:24:40","slug":"3449-2","status":"publish","type":"page","link":"https:\/\/hubertpietka.bialystok.pl\/?page_id=3449","title":{"rendered":"PL Aneta \/ polska kobieta"},"content":{"rendered":"<p><strong><em>PL Aneta \/ polska kobieta<\/em><\/strong><\/p>\n<p>Planeta<\/p>\n<p>(Kto\u015b powie jedna z wielu)<\/p>\n<p>A dla mnie<br \/>\nNiezg\u0142\u0119biona<br \/>\nNie do ko\u0144ca odkryta<\/p>\n<p>Zadziwiaj\u0105ca ci\u0105gle<br \/>\nSw\u0105 istot\u0105<\/p>\n<p>Elipsa<br \/>\nAle bez k\u0105t\u00f3w<\/p>\n<p>Bez kant\u00f3w<br \/>\nKt\u00f3re pr\u00f3buj\u0105 jej przypisa\u0107<br \/>\nBy form\u0119 zniekszta\u0142ci\u0107<\/p>\n<p><img decoding=\"async\" class=\"css-9pa8cd\" draggable=\"true\" src=\"https:\/\/pbs.twimg.com\/media\/EleycfbW0AEJlUx?format=jpg&amp;name=small\" alt=\"Image\" \/><\/p>\n<p><em>Na zdj. Maryja Matka \u017bycia<\/em><br \/>\n<em>W ko\u015bciele w Magdalence<\/em><br \/>\n<em>Kto jest bez winy<\/em><br \/>\n<em>Niech pierwszy rzuci kamieniem<\/em><\/p>\n<p><em><strong><a href=\"https:\/\/www.youtube.com\/watch?v=r5V3FT3RXx4\">Andrzej Lampert &#8211; Moje uwielbienie<\/a><\/strong><\/em><\/p>\n","protected":false},"excerpt":{"rendered":"<p>PL Aneta \/ polska kobieta Planeta (Kto\u015b powie jedna z wielu) A dla mnie Niezg\u0142\u0119biona Nie do ko\u0144ca odkryta Zadziwiaj\u0105ca ci\u0105gle Sw\u0105 istot\u0105 Elipsa Ale&hellip; <\/p>\n","protected":false},"author":1,"featured_media":0,"parent":0,"menu_order":0,"comment_status":"closed","ping_status":"closed","template":"","meta":{"footnotes":""},"class_list":["post-3449","page","type-page","status-publish","hentry"],"_links":{"self":[{"href":"https:\/\/hubertpietka.bialystok.pl\/index.php?rest_route=\/wp\/v2\/pages\/3449","targetHints":{"allow":["GET"]}}],"collection":[{"href":"https:\/\/hubertpietka.bialystok.pl\/index.php?rest_route=\/wp\/v2\/pages"}],"about":[{"href":"https:\/\/hubertpietka.bialystok.pl\/index.php?rest_route=\/wp\/v2\/types\/page"}],"author":[{"embeddable":true,"href":"https:\/\/hubertpietka.bialystok.pl\/index.php?rest_route=\/wp\/v2\/users\/1"}],"replies":[{"embeddable":true,"href":"https:\/\/hubertpietka.bialystok.pl\/index.php?rest_route=%2Fwp%2Fv2%2Fcomments&post=3449"}],"version-history":[{"count":6,"href":"https:\/\/hubertpietka.bialystok.pl\/index.php?rest_route=\/wp\/v2\/pages\/3449\/revisions"}],"predecessor-version":[{"id":3456,"href":"https:\/\/hubertpietka.bialystok.pl\/index.php?rest_route=\/wp\/v2\/pages\/3449\/revisions\/3456"}],"wp:attachment":[{"href":"https:\/\/hubertpietka.bialystok.pl\/index.php?rest_route=%2Fwp%2Fv2%2Fmedia&parent=3449"}],"curies":[{"name":"wp","href":"https:\/\/api.w.org\/{rel}","templated":true}]}}