{"id":3463,"date":"2020-10-30T22:08:51","date_gmt":"2020-10-30T22:08:51","guid":{"rendered":"http:\/\/hubertpietka.bialystok.pl\/?page_id=3463"},"modified":"2020-10-30T22:22:40","modified_gmt":"2020-10-30T22:22:40","slug":"kaj-idziesz-jak","status":"publish","type":"page","link":"https:\/\/hubertpietka.bialystok.pl\/?page_id=3463","title":{"rendered":"Kaj idziesz \/ jak"},"content":{"rendered":"<p><strong><em>Kaj idziesz \/ jak<\/em><\/strong><\/p>\n<p>Kaj\u0119 broni\u0107, czy si\u0119 kaja\u0107<br \/>\nB\u00f3g, czy bo\u017cek<br \/>\nProlife, czy protest<\/p>\n<p>Polonia Christiana, czy apolonizm<br \/>\nPom\u00f3\u017c im, ile mo\u017cesz<\/p>\n<p><img decoding=\"async\" class=\"css-9pa8cd\" draggable=\"true\" src=\"https:\/\/pbs.twimg.com\/media\/Elm4mu-XEAAhhRC?format=jpg&amp;name=small\" alt=\"Image\" \/><\/p>\n<p><em>Na zdj. Matka Boska Cz\u0119stochowska<\/em><br \/>\n<em>W pewnym domu w Dawidach Bankowych<\/em><br \/>\n<em>Po\u015bredniczka \u0142ask wszelkich<\/em><br \/>\n<em>Trzeba by\u0107 cho\u0107 troch\u0119 szlachetnym<\/em><\/p>\n","protected":false},"excerpt":{"rendered":"<p>Kaj idziesz \/ jak Kaj\u0119 broni\u0107, czy si\u0119 kaja\u0107 B\u00f3g, czy bo\u017cek Prolife, czy protest Polonia Christiana, czy apolonizm Pom\u00f3\u017c im, ile mo\u017cesz Na zdj.&hellip; <\/p>\n","protected":false},"author":1,"featured_media":0,"parent":0,"menu_order":0,"comment_status":"closed","ping_status":"closed","template":"","meta":{"footnotes":""},"class_list":["post-3463","page","type-page","status-publish","hentry"],"_links":{"self":[{"href":"https:\/\/hubertpietka.bialystok.pl\/index.php?rest_route=\/wp\/v2\/pages\/3463","targetHints":{"allow":["GET"]}}],"collection":[{"href":"https:\/\/hubertpietka.bialystok.pl\/index.php?rest_route=\/wp\/v2\/pages"}],"about":[{"href":"https:\/\/hubertpietka.bialystok.pl\/index.php?rest_route=\/wp\/v2\/types\/page"}],"author":[{"embeddable":true,"href":"https:\/\/hubertpietka.bialystok.pl\/index.php?rest_route=\/wp\/v2\/users\/1"}],"replies":[{"embeddable":true,"href":"https:\/\/hubertpietka.bialystok.pl\/index.php?rest_route=%2Fwp%2Fv2%2Fcomments&post=3463"}],"version-history":[{"count":3,"href":"https:\/\/hubertpietka.bialystok.pl\/index.php?rest_route=\/wp\/v2\/pages\/3463\/revisions"}],"predecessor-version":[{"id":3466,"href":"https:\/\/hubertpietka.bialystok.pl\/index.php?rest_route=\/wp\/v2\/pages\/3463\/revisions\/3466"}],"wp:attachment":[{"href":"https:\/\/hubertpietka.bialystok.pl\/index.php?rest_route=%2Fwp%2Fv2%2Fmedia&parent=3463"}],"curies":[{"name":"wp","href":"https:\/\/api.w.org\/{rel}","templated":true}]}}