{"id":3491,"date":"2020-11-14T16:30:35","date_gmt":"2020-11-14T16:30:35","guid":{"rendered":"http:\/\/hubertpietka.bialystok.pl\/?page_id=3491"},"modified":"2020-11-16T22:03:33","modified_gmt":"2020-11-16T22:03:33","slug":"jesli-bys-zechciala","status":"publish","type":"page","link":"https:\/\/hubertpietka.bialystok.pl\/?page_id=3491","title":{"rendered":"Je\u015bli by\u015b zechcia\u0142\/a&#8230;"},"content":{"rendered":"<p><a href=\"http:\/\/hubertpietka.bialystok.pl\/wp-content\/uploads\/2020\/11\/11.jpg\"><img loading=\"lazy\" decoding=\"async\" class=\"alignnone size-thumbnail wp-image-3492\" src=\"http:\/\/hubertpietka.bialystok.pl\/wp-content\/uploads\/2020\/11\/11-150x150.jpg\" alt=\"\" width=\"150\" height=\"150\" srcset=\"https:\/\/hubertpietka.bialystok.pl\/wp-content\/uploads\/2020\/11\/11-150x150.jpg 150w, https:\/\/hubertpietka.bialystok.pl\/wp-content\/uploads\/2020\/11\/11-75x75.jpg 75w\" sizes=\"auto, (max-width: 150px) 100vw, 150px\" \/><\/a><\/p>\n<p><a href=\"http:\/\/hubertpietka.bialystok.pl\/?page_id=3514\"><em><strong>Podzi\u0119kowanie<\/strong><\/em><\/a><\/p>\n<p>\ud83d\ude42<\/p>\n","protected":false},"excerpt":{"rendered":"<p>Podzi\u0119kowanie \ud83d\ude42<\/p>\n","protected":false},"author":1,"featured_media":0,"parent":0,"menu_order":0,"comment_status":"closed","ping_status":"closed","template":"","meta":{"footnotes":""},"class_list":["post-3491","page","type-page","status-publish","hentry"],"_links":{"self":[{"href":"https:\/\/hubertpietka.bialystok.pl\/index.php?rest_route=\/wp\/v2\/pages\/3491","targetHints":{"allow":["GET"]}}],"collection":[{"href":"https:\/\/hubertpietka.bialystok.pl\/index.php?rest_route=\/wp\/v2\/pages"}],"about":[{"href":"https:\/\/hubertpietka.bialystok.pl\/index.php?rest_route=\/wp\/v2\/types\/page"}],"author":[{"embeddable":true,"href":"https:\/\/hubertpietka.bialystok.pl\/index.php?rest_route=\/wp\/v2\/users\/1"}],"replies":[{"embeddable":true,"href":"https:\/\/hubertpietka.bialystok.pl\/index.php?rest_route=%2Fwp%2Fv2%2Fcomments&post=3491"}],"version-history":[{"count":5,"href":"https:\/\/hubertpietka.bialystok.pl\/index.php?rest_route=\/wp\/v2\/pages\/3491\/revisions"}],"predecessor-version":[{"id":3520,"href":"https:\/\/hubertpietka.bialystok.pl\/index.php?rest_route=\/wp\/v2\/pages\/3491\/revisions\/3520"}],"wp:attachment":[{"href":"https:\/\/hubertpietka.bialystok.pl\/index.php?rest_route=%2Fwp%2Fv2%2Fmedia&parent=3491"}],"curies":[{"name":"wp","href":"https:\/\/api.w.org\/{rel}","templated":true}]}}