{"id":3514,"date":"2020-11-16T21:55:03","date_gmt":"2020-11-16T21:55:03","guid":{"rendered":"http:\/\/hubertpietka.bialystok.pl\/?page_id=3514"},"modified":"2020-11-16T21:59:13","modified_gmt":"2020-11-16T21:59:13","slug":"podziekowanie","status":"publish","type":"page","link":"https:\/\/hubertpietka.bialystok.pl\/?page_id=3514","title":{"rendered":"Podzi\u0119kowanie"},"content":{"rendered":"<p><a href=\"http:\/\/hubertpietka.bialystok.pl\/wp-content\/uploads\/2020\/11\/IMG_20201116_223914.jpg\"><img loading=\"lazy\" decoding=\"async\" class=\"alignnone size-thumbnail wp-image-3516\" src=\"http:\/\/hubertpietka.bialystok.pl\/wp-content\/uploads\/2020\/11\/IMG_20201116_223914-150x150.jpg\" alt=\"\" width=\"150\" height=\"150\" srcset=\"https:\/\/hubertpietka.bialystok.pl\/wp-content\/uploads\/2020\/11\/IMG_20201116_223914-150x150.jpg 150w, https:\/\/hubertpietka.bialystok.pl\/wp-content\/uploads\/2020\/11\/IMG_20201116_223914-300x300.jpg 300w, https:\/\/hubertpietka.bialystok.pl\/wp-content\/uploads\/2020\/11\/IMG_20201116_223914-768x768.jpg 768w, https:\/\/hubertpietka.bialystok.pl\/wp-content\/uploads\/2020\/11\/IMG_20201116_223914-1024x1024.jpg 1024w, https:\/\/hubertpietka.bialystok.pl\/wp-content\/uploads\/2020\/11\/IMG_20201116_223914-75x75.jpg 75w, https:\/\/hubertpietka.bialystok.pl\/wp-content\/uploads\/2020\/11\/IMG_20201116_223914.jpg 1374w\" sizes=\"auto, (max-width: 150px) 100vw, 150px\" \/><\/a><\/p>\n<p>Dzi\u0119ki Wam mog\u0119 &#8211;<\/p>\n<p>Tworzy\u0107 swobodnie!<\/p>\n","protected":false},"excerpt":{"rendered":"<p>Dzi\u0119ki Wam mog\u0119 &#8211; Tworzy\u0107 swobodnie!<\/p>\n","protected":false},"author":1,"featured_media":0,"parent":0,"menu_order":0,"comment_status":"closed","ping_status":"closed","template":"","meta":{"footnotes":""},"class_list":["post-3514","page","type-page","status-publish","hentry"],"_links":{"self":[{"href":"https:\/\/hubertpietka.bialystok.pl\/index.php?rest_route=\/wp\/v2\/pages\/3514","targetHints":{"allow":["GET"]}}],"collection":[{"href":"https:\/\/hubertpietka.bialystok.pl\/index.php?rest_route=\/wp\/v2\/pages"}],"about":[{"href":"https:\/\/hubertpietka.bialystok.pl\/index.php?rest_route=\/wp\/v2\/types\/page"}],"author":[{"embeddable":true,"href":"https:\/\/hubertpietka.bialystok.pl\/index.php?rest_route=\/wp\/v2\/users\/1"}],"replies":[{"embeddable":true,"href":"https:\/\/hubertpietka.bialystok.pl\/index.php?rest_route=%2Fwp%2Fv2%2Fcomments&post=3514"}],"version-history":[{"count":3,"href":"https:\/\/hubertpietka.bialystok.pl\/index.php?rest_route=\/wp\/v2\/pages\/3514\/revisions"}],"predecessor-version":[{"id":3518,"href":"https:\/\/hubertpietka.bialystok.pl\/index.php?rest_route=\/wp\/v2\/pages\/3514\/revisions\/3518"}],"wp:attachment":[{"href":"https:\/\/hubertpietka.bialystok.pl\/index.php?rest_route=%2Fwp%2Fv2%2Fmedia&parent=3514"}],"curies":[{"name":"wp","href":"https:\/\/api.w.org\/{rel}","templated":true}]}}