{"id":3524,"date":"2020-11-18T10:30:19","date_gmt":"2020-11-18T10:30:19","guid":{"rendered":"http:\/\/hubertpietka.bialystok.pl\/?page_id=3524"},"modified":"2020-11-18T11:09:05","modified_gmt":"2020-11-18T11:09:05","slug":"chrzescijanom-za-wiare-przesladowanym","status":"publish","type":"page","link":"https:\/\/hubertpietka.bialystok.pl\/?page_id=3524","title":{"rendered":"Chrze\u015bcijanom \/ za wiar\u0119 prze\u015bladowanym"},"content":{"rendered":"<p><strong><em>Chrze\u015bcijanom \/ za wiar\u0119 prze\u015bladowanym<\/em><\/strong><\/p>\n<p><em>Dla was ta oda<\/em><br \/>\n<em>Niech B\u00f3g wam odda<\/em><\/p>\n<p><strong>1.<\/strong><br \/>\nTylu braci w Chrystusie<br \/>\nNa ca\u0142ym \u015bwiecie<br \/>\nJest poddawanych prze\u015bladowaniom<br \/>\nTylko dlatego<br \/>\n\u017be \u017cyj\u0105 wed\u0142ug wiary<\/p>\n<p>I nie wa\u017cne<br \/>\nJak to inni nazywaj\u0105<br \/>\nIstota jest jedna<br \/>\nI na tym polega<\/p>\n<p><strong>2.<\/strong><br \/>\nZapanowa\u0142by pok\u00f3j na \u015bwiecie<br \/>\nGdyby prze\u015bladowania usta\u0142y<br \/>\nDo tego jest wezwana<br \/>\nWsp\u00f3lnota mi\u0119dzynarodowa ca\u0142a<br \/>\nAby je wyeliminowa\u0107<br \/>\nLub chocia\u017c ograniczy\u0107<br \/>\nW mo\u017cliwie najwi\u0119kszym zakresie<\/p>\n<p><strong>3.<\/strong><br \/>\nPrawd\u0105 nie jest<br \/>\n\u017be skoro one wyst\u0119puj\u0105<br \/>\nTo by\u0107 maj\u0105<br \/>\nB\u00f3g je dopuszcza<br \/>\nPo to by zmobilizowana zosta\u0142a<br \/>\nWsp\u00f3lnota og\u00f3lnoludzka<br \/>\nPrzeciw prze\u015bladowaniom<br \/>\nWsp\u00f3\u0142dzia\u0142ania<\/p>\n<p><em>W Chrystusie bracia<\/em><br \/>\n<em>Wy w Panu trwajcie<\/em><\/p>\n<p><img decoding=\"async\" class=\"thumbnail\" src=\"http:\/\/hubertpietka.bialystok.pl\/wp-content\/uploads\/2020\/11\/IMG_11111.jpg\" alt=\"\" \/><\/p>\n<p><strong>Na zdj. Dzi\u015b Dzie\u0144 solidarno\u015bci<\/strong><br \/>\n<strong>Z prze\u015bladowanym chrze\u015bcija\u0144stwem<\/strong><br \/>\n<strong>\u00a0<\/strong><br \/>\n<strong>W ko\u015bciele \u015bw. Szczepana w Raszynie<\/strong><br \/>\n<strong>Krzy\u017c i Naj\u015bwi\u0119tszy Sakrament<\/strong><br \/>\n<strong>A pod nimi anio\u0142<\/strong><br \/>\n<strong>Zasmucony bardzo<\/strong><br \/>\n<strong>\u00a0<\/strong><br \/>\n<strong>Prze\u015bladowani chrze\u015bcijanie<\/strong><br \/>\n<strong>Ca\u0142e niebo wsp\u00f3\u0142czuje z wami<\/strong><\/p>\n","protected":false},"excerpt":{"rendered":"<p>Chrze\u015bcijanom \/ za wiar\u0119 prze\u015bladowanym Dla was ta oda Niech B\u00f3g wam odda 1. Tylu braci w Chrystusie Na ca\u0142ym \u015bwiecie Jest poddawanych prze\u015bladowaniom Tylko&hellip; <\/p>\n","protected":false},"author":1,"featured_media":0,"parent":0,"menu_order":0,"comment_status":"closed","ping_status":"closed","template":"","meta":{"footnotes":""},"class_list":["post-3524","page","type-page","status-publish","hentry"],"_links":{"self":[{"href":"https:\/\/hubertpietka.bialystok.pl\/index.php?rest_route=\/wp\/v2\/pages\/3524","targetHints":{"allow":["GET"]}}],"collection":[{"href":"https:\/\/hubertpietka.bialystok.pl\/index.php?rest_route=\/wp\/v2\/pages"}],"about":[{"href":"https:\/\/hubertpietka.bialystok.pl\/index.php?rest_route=\/wp\/v2\/types\/page"}],"author":[{"embeddable":true,"href":"https:\/\/hubertpietka.bialystok.pl\/index.php?rest_route=\/wp\/v2\/users\/1"}],"replies":[{"embeddable":true,"href":"https:\/\/hubertpietka.bialystok.pl\/index.php?rest_route=%2Fwp%2Fv2%2Fcomments&post=3524"}],"version-history":[{"count":5,"href":"https:\/\/hubertpietka.bialystok.pl\/index.php?rest_route=\/wp\/v2\/pages\/3524\/revisions"}],"predecessor-version":[{"id":3533,"href":"https:\/\/hubertpietka.bialystok.pl\/index.php?rest_route=\/wp\/v2\/pages\/3524\/revisions\/3533"}],"wp:attachment":[{"href":"https:\/\/hubertpietka.bialystok.pl\/index.php?rest_route=%2Fwp%2Fv2%2Fmedia&parent=3524"}],"curies":[{"name":"wp","href":"https:\/\/api.w.org\/{rel}","templated":true}]}}