{"id":3534,"date":"2020-11-19T07:15:03","date_gmt":"2020-11-19T07:15:03","guid":{"rendered":"http:\/\/hubertpietka.bialystok.pl\/?page_id=3534"},"modified":"2020-11-19T07:17:06","modified_gmt":"2020-11-19T07:17:06","slug":"oskar-i-zona","status":"publish","type":"page","link":"https:\/\/hubertpietka.bialystok.pl\/?page_id=3534","title":{"rendered":"Oskar i \u017cona"},"content":{"rendered":"<p><strong><em>Oskar i \u017cona<\/em><\/strong><\/p>\n<p>Oskar\u017cona<br \/>\nOsy kar \u017c\u0105dne<\/p>\n<p>Wt\u00f3ry raz<br \/>\n\u017bon\u0105 przecie\u017c jest<\/p>\n<p>Za to \u017ce<br \/>\nJest kwiatek<\/p>\n<p>\u017be koli<br \/>\n\u017be pachnie<\/p>\n<p>\u017be jest r\u00f3\u017c\u0105<br \/>\nW ogrodzie Oskara<\/p>\n<p>Za to ma j\u0105 spotka\u0107 kara<\/p>\n<p><img decoding=\"async\" class=\"css-9pa8cd\" draggable=\"true\" src=\"https:\/\/pbs.twimg.com\/media\/EnKsxylXEAINK0S?format=jpg&amp;name=small\" alt=\"Image\" \/><\/p>\n<p><em>Na zdj. Adoracja Eucharystyczna<\/em><br \/>\n<em>Przy ko\u015bciele bia\u0142ostockim<\/em><br \/>\n<em>\u00a0<\/em><br \/>\n<em>W Duchu \u015awi\u0119tym<\/em><br \/>\n<em>W jednej z chwil wa\u017cnych<\/em><br \/>\n<em>\u00a0<\/em><br \/>\n<em>Pisano we wspomnienie b\u0142. Karoliny<\/em><br \/>\n<em>&#8222;Wierna m\u0119\u017cowi&#8221; jej imi\u0119<\/em><br \/>\n<em>\u00a0<\/em><br \/>\n<em>&#8222;Czysto\u015b\u0107 modlitwa i praca&#8221;<\/em><br \/>\n<em>Tym si\u0119 \u017cona Oskara odznacza<\/em><br \/>\n<em>\u00a0<\/em><br \/>\n<em>Niewiasta dzielna<\/em><br \/>\n<em>&#8222;Oddana domowi m\u0119\u017ca&#8221;<\/em><\/p>\n","protected":false},"excerpt":{"rendered":"<p>Oskar i \u017cona Oskar\u017cona Osy kar \u017c\u0105dne Wt\u00f3ry raz \u017bon\u0105 przecie\u017c jest Za to \u017ce Jest kwiatek \u017be koli \u017be pachnie \u017be jest r\u00f3\u017c\u0105 W&hellip; <\/p>\n","protected":false},"author":1,"featured_media":0,"parent":0,"menu_order":0,"comment_status":"closed","ping_status":"closed","template":"","meta":{"footnotes":""},"class_list":["post-3534","page","type-page","status-publish","hentry"],"_links":{"self":[{"href":"https:\/\/hubertpietka.bialystok.pl\/index.php?rest_route=\/wp\/v2\/pages\/3534","targetHints":{"allow":["GET"]}}],"collection":[{"href":"https:\/\/hubertpietka.bialystok.pl\/index.php?rest_route=\/wp\/v2\/pages"}],"about":[{"href":"https:\/\/hubertpietka.bialystok.pl\/index.php?rest_route=\/wp\/v2\/types\/page"}],"author":[{"embeddable":true,"href":"https:\/\/hubertpietka.bialystok.pl\/index.php?rest_route=\/wp\/v2\/users\/1"}],"replies":[{"embeddable":true,"href":"https:\/\/hubertpietka.bialystok.pl\/index.php?rest_route=%2Fwp%2Fv2%2Fcomments&post=3534"}],"version-history":[{"count":3,"href":"https:\/\/hubertpietka.bialystok.pl\/index.php?rest_route=\/wp\/v2\/pages\/3534\/revisions"}],"predecessor-version":[{"id":3537,"href":"https:\/\/hubertpietka.bialystok.pl\/index.php?rest_route=\/wp\/v2\/pages\/3534\/revisions\/3537"}],"wp:attachment":[{"href":"https:\/\/hubertpietka.bialystok.pl\/index.php?rest_route=%2Fwp%2Fv2%2Fmedia&parent=3534"}],"curies":[{"name":"wp","href":"https:\/\/api.w.org\/{rel}","templated":true}]}}