{"id":3539,"date":"2020-11-20T22:40:48","date_gmt":"2020-11-20T22:40:48","guid":{"rendered":"http:\/\/hubertpietka.bialystok.pl\/?page_id=3539"},"modified":"2020-11-22T22:22:53","modified_gmt":"2020-11-22T22:22:53","slug":"owa-piesn-milosierdziowa","status":"publish","type":"page","link":"https:\/\/hubertpietka.bialystok.pl\/?page_id=3539","title":{"rendered":"Owa \/ Pie\u015b\u0144 mi\u0142osierdziowa"},"content":{"rendered":"<p><strong><em>Owa \/ Pie\u015b\u0144 mi\u0142osierdziowa<\/em><\/strong><\/p>\n<p><strong>Pok\u0142adam ufno\u015b\u0107 sw\u0105 w Panu<\/strong><br \/>\n<strong>Tylko w Tobie z\u0142o\u017cy\u0142em nadziej\u0119<\/strong><br \/>\n<strong>Pok\u0142adam ufno\u015b\u0107 sw\u0105 w Panu<\/strong><br \/>\n<strong>Tylko w Tobie<\/strong><br \/>\n<strong>W Bo\u017cym mi\u0142osierdziu<\/strong><\/p>\n<p><img decoding=\"async\" class=\"css-9pa8cd\" draggable=\"true\" src=\"https:\/\/pbs.twimg.com\/media\/EnTNY9hWEAE-bPH?format=jpg&amp;name=small\" alt=\"Image\" \/><\/p>\n<p><em>Na zdj. Na \u017bytniej wczorajszy wsch\u00f3d s\u0142o\u0144ca<\/em><br \/>\n<em>A ja pytam ka\u017cdego osobno<\/em><br \/>\n<em>Chocia\u017cby<\/em> w <em>obliczu ostatnich wydarze\u0144<\/em><br \/>\n<em>Co lepiej uczyni\u0107<\/em><br \/>\n<em>Zabi\u0107 czy ocali\u0107 \u017cycie<\/em><br \/>\n<em>I za kt\u00f3re uczynione dobro<\/em><br \/>\n<em>Bo czy\u017c dobro mo\u017ce by\u0107 zbrodni\u0105<\/em><\/p>\n<p style=\"text-align: right;\"><a href=\"https:\/\/www.youtube.com\/watch?v=bEK-pABztK0\"><em><strong>Zaufa\u0142em Panu i ju\u017c<\/strong><\/em><\/a><\/p>\n","protected":false},"excerpt":{"rendered":"<p>Owa \/ Pie\u015b\u0144 mi\u0142osierdziowa Pok\u0142adam ufno\u015b\u0107 sw\u0105 w Panu Tylko w Tobie z\u0142o\u017cy\u0142em nadziej\u0119 Pok\u0142adam ufno\u015b\u0107 sw\u0105 w Panu Tylko w Tobie W Bo\u017cym mi\u0142osierdziu&hellip; <\/p>\n","protected":false},"author":1,"featured_media":0,"parent":0,"menu_order":0,"comment_status":"closed","ping_status":"closed","template":"","meta":{"footnotes":""},"class_list":["post-3539","page","type-page","status-publish","hentry"],"_links":{"self":[{"href":"https:\/\/hubertpietka.bialystok.pl\/index.php?rest_route=\/wp\/v2\/pages\/3539","targetHints":{"allow":["GET"]}}],"collection":[{"href":"https:\/\/hubertpietka.bialystok.pl\/index.php?rest_route=\/wp\/v2\/pages"}],"about":[{"href":"https:\/\/hubertpietka.bialystok.pl\/index.php?rest_route=\/wp\/v2\/types\/page"}],"author":[{"embeddable":true,"href":"https:\/\/hubertpietka.bialystok.pl\/index.php?rest_route=\/wp\/v2\/users\/1"}],"replies":[{"embeddable":true,"href":"https:\/\/hubertpietka.bialystok.pl\/index.php?rest_route=%2Fwp%2Fv2%2Fcomments&post=3539"}],"version-history":[{"count":5,"href":"https:\/\/hubertpietka.bialystok.pl\/index.php?rest_route=\/wp\/v2\/pages\/3539\/revisions"}],"predecessor-version":[{"id":3548,"href":"https:\/\/hubertpietka.bialystok.pl\/index.php?rest_route=\/wp\/v2\/pages\/3539\/revisions\/3548"}],"wp:attachment":[{"href":"https:\/\/hubertpietka.bialystok.pl\/index.php?rest_route=%2Fwp%2Fv2%2Fmedia&parent=3539"}],"curies":[{"name":"wp","href":"https:\/\/api.w.org\/{rel}","templated":true}]}}