{"id":3549,"date":"2020-11-22T22:33:17","date_gmt":"2020-11-22T22:33:17","guid":{"rendered":"http:\/\/hubertpietka.bialystok.pl\/?page_id=3549"},"modified":"2020-11-22T22:40:35","modified_gmt":"2020-11-22T22:40:35","slug":"m-ana-m","status":"publish","type":"page","link":"https:\/\/hubertpietka.bialystok.pl\/?page_id=3549","title":{"rendered":"M-Ana-M"},"content":{"rendered":"<p><strong><em>M-Ana-M<\/em><\/strong><\/p>\n<p><strong>M<\/strong>-oja <strong>Ana M<\/strong>-a\u0142a<br \/>\nAnetka kochana<\/p>\n<p><strong>M Ana M<\/strong><br \/>\nAn\u0119 okala<br \/>\nNaj\u015bwi\u0119tsza Maryja Panna<\/p>\n<p>Men An<br \/>\nJa zawsze jej<br \/>\n<img decoding=\"async\" class=\"css-9pa8cd\" draggable=\"true\" src=\"https:\/\/pbs.twimg.com\/media\/EndcIYYW4BE0vTI?format=jpg&amp;name=small\" alt=\"Image\" \/><br \/>\n<em>Na zdj. W ko\u015bciele bia\u0142ostockim Zmartwychwstania<\/em><br \/>\n<em>Wieczysta Adoracja<\/em><br \/>\n<em>Wspaniale \u017ce s\u0105 takie miejsca<\/em><br \/>\n<em>W Bia\u0142ymstoku jest ich coraz wi\u0119cej<\/em><br \/>\n<em>A ja zawsze moj\u0105 \u017con\u0119<\/em><br \/>\n<em>Chc\u0119 adorowa\u0107<\/em><br \/>\n<em>Tego B\u00f3g zniszczy<\/em><br \/>\n<em>Kto zniszczy \u015bwi\u0105tynie Boga<\/em><\/p>\n<p style=\"text-align: center;\"><a href=\"https:\/\/www.youtube.com\/watch?v=c2IsSqC1G2E\"><em><strong>Maanam &#8211; Po to jeste\u015b na \u015bwiecie<\/strong><\/em><\/a><\/p>\n","protected":false},"excerpt":{"rendered":"<p>M-Ana-M M-oja Ana M-a\u0142a Anetka kochana M Ana M An\u0119 okala Naj\u015bwi\u0119tsza Maryja Panna Men An Ja zawsze jej Na zdj. W ko\u015bciele bia\u0142ostockim Zmartwychwstania&hellip; <\/p>\n","protected":false},"author":1,"featured_media":0,"parent":0,"menu_order":0,"comment_status":"closed","ping_status":"closed","template":"","meta":{"footnotes":""},"class_list":["post-3549","page","type-page","status-publish","hentry"],"_links":{"self":[{"href":"https:\/\/hubertpietka.bialystok.pl\/index.php?rest_route=\/wp\/v2\/pages\/3549","targetHints":{"allow":["GET"]}}],"collection":[{"href":"https:\/\/hubertpietka.bialystok.pl\/index.php?rest_route=\/wp\/v2\/pages"}],"about":[{"href":"https:\/\/hubertpietka.bialystok.pl\/index.php?rest_route=\/wp\/v2\/types\/page"}],"author":[{"embeddable":true,"href":"https:\/\/hubertpietka.bialystok.pl\/index.php?rest_route=\/wp\/v2\/users\/1"}],"replies":[{"embeddable":true,"href":"https:\/\/hubertpietka.bialystok.pl\/index.php?rest_route=%2Fwp%2Fv2%2Fcomments&post=3549"}],"version-history":[{"count":5,"href":"https:\/\/hubertpietka.bialystok.pl\/index.php?rest_route=\/wp\/v2\/pages\/3549\/revisions"}],"predecessor-version":[{"id":3554,"href":"https:\/\/hubertpietka.bialystok.pl\/index.php?rest_route=\/wp\/v2\/pages\/3549\/revisions\/3554"}],"wp:attachment":[{"href":"https:\/\/hubertpietka.bialystok.pl\/index.php?rest_route=%2Fwp%2Fv2%2Fmedia&parent=3549"}],"curies":[{"name":"wp","href":"https:\/\/api.w.org\/{rel}","templated":true}]}}