{"id":3556,"date":"2020-11-29T12:19:44","date_gmt":"2020-11-29T12:19:44","guid":{"rendered":"http:\/\/hubertpietka.bialystok.pl\/?page_id=3556"},"modified":"2020-11-29T12:23:23","modified_gmt":"2020-11-29T12:23:23","slug":"wylewanie-sie-laski-podczas-eucharystii","status":"publish","type":"page","link":"https:\/\/hubertpietka.bialystok.pl\/?page_id=3556","title":{"rendered":"Wylewanie si\u0119 \u0142aski \/ podczas Eucharystii"},"content":{"rendered":"<p><strong><em>Wylewanie si\u0119 \u0142aski \/ podczas Eucharystii<\/em><\/strong><\/p>\n<ol>\n<li><strong> Duch \u015awi\u0119ty<\/strong><\/li>\n<\/ol>\n<p>Na czwartkowej Adoracji<br \/>\nW ko\u015bciele w Raszynie<br \/>\nWpad\u0142em w zachwycenie<br \/>\nKiedy si\u0119 modli\u0142em<\/p>\n<p>I ujrza\u0142em oczami duszy<br \/>\nJak znad modl\u0105cych si\u0119<br \/>\nP\u0142yn\u0105 strumienie \u015bwiat\u0142a<br \/>\nKu Bogu i \u0142\u0105cz\u0105 si\u0119 w Nim<\/p>\n<p>Wtedy zrozumia\u0142em<br \/>\n\u017be ka\u017cda Msza \u015awi\u0119ta<br \/>\nKa\u017cda Adoracja<br \/>\nJest wylaniem si\u0119 Ducha \u015awi\u0119tego<br \/>\nNa podczas niej si\u0119 modl\u0105cych<\/p>\n<p>Jak podczas Zielonych \u015awi\u0105tek<br \/>\nNa Maryj\u0119 i Aposto\u0142\u00f3w<br \/>\nZst\u0105pi\u0142 Duch \u015awi\u0119ty<br \/>\nW postaci j\u0119zyk\u00f3w ognistych<\/p>\n<ol start=\"2\">\n<li><strong> Mi\u0142o\u015b\u0107 Bo\u017ca<\/strong><\/li>\n<\/ol>\n<p>Strumienie modlitwy<br \/>\nPoszczeg\u00f3lnych wiernych<br \/>\nPodczas Adoracji<br \/>\nMszy \u015awi\u0119tej<br \/>\n\u0141\u0105cz\u0105 si\u0119 w Bogu<\/p>\n<p>Jak w kuli ognistej<br \/>\nI spalaj\u0105 si\u0119 w Jego Sercu<br \/>\nJak w s\u0142o\u0144cu<br \/>\nUdzielaj\u0105c ciep\u0142a \u015bwiatu<\/p>\n<p><img decoding=\"async\" class=\"css-9pa8cd\" draggable=\"true\" src=\"https:\/\/pbs.twimg.com\/media\/En_EWIcXUAEV52a?format=jpg&amp;name=small\" alt=\"Image\" \/><\/p>\n<p><em>Na zdj. Ustanowienie Eucharystii<\/em><br \/>\n<em>Przy ko\u015bciele raszy\u0144skim<\/em><br \/>\n<em>Za tym krzy\u017c<\/em><br \/>\n<em>Czerwona r\u00f3\u017ca<\/em><br \/>\n<em>I ksi\u0105\u017ceczka &#8222;Mi\u0142osierdzie Bo\u017ce&#8221;<\/em><br \/>\n<em>\u00a0<\/em><br \/>\n<em>Te wszystkie aspekty<\/em><br \/>\n<em>Wyst\u0119puj\u0105 podczas Eucharystii<\/em><br \/>\n<em>I \u0142\u0105cz\u0105 si\u0119 w sobie<\/em><br \/>\n<em>W niesamowity spos\u00f3b<\/em><\/p>\n","protected":false},"excerpt":{"rendered":"<p>Wylewanie si\u0119 \u0142aski \/ podczas Eucharystii Duch \u015awi\u0119ty Na czwartkowej Adoracji W ko\u015bciele w Raszynie Wpad\u0142em w zachwycenie Kiedy si\u0119 modli\u0142em I ujrza\u0142em oczami duszy&hellip; <\/p>\n","protected":false},"author":1,"featured_media":0,"parent":0,"menu_order":0,"comment_status":"closed","ping_status":"closed","template":"","meta":{"footnotes":""},"class_list":["post-3556","page","type-page","status-publish","hentry"],"_links":{"self":[{"href":"https:\/\/hubertpietka.bialystok.pl\/index.php?rest_route=\/wp\/v2\/pages\/3556","targetHints":{"allow":["GET"]}}],"collection":[{"href":"https:\/\/hubertpietka.bialystok.pl\/index.php?rest_route=\/wp\/v2\/pages"}],"about":[{"href":"https:\/\/hubertpietka.bialystok.pl\/index.php?rest_route=\/wp\/v2\/types\/page"}],"author":[{"embeddable":true,"href":"https:\/\/hubertpietka.bialystok.pl\/index.php?rest_route=\/wp\/v2\/users\/1"}],"replies":[{"embeddable":true,"href":"https:\/\/hubertpietka.bialystok.pl\/index.php?rest_route=%2Fwp%2Fv2%2Fcomments&post=3556"}],"version-history":[{"count":3,"href":"https:\/\/hubertpietka.bialystok.pl\/index.php?rest_route=\/wp\/v2\/pages\/3556\/revisions"}],"predecessor-version":[{"id":3559,"href":"https:\/\/hubertpietka.bialystok.pl\/index.php?rest_route=\/wp\/v2\/pages\/3556\/revisions\/3559"}],"wp:attachment":[{"href":"https:\/\/hubertpietka.bialystok.pl\/index.php?rest_route=%2Fwp%2Fv2%2Fmedia&parent=3556"}],"curies":[{"name":"wp","href":"https:\/\/api.w.org\/{rel}","templated":true}]}}