{"id":3561,"date":"2020-11-29T12:48:31","date_gmt":"2020-11-29T12:48:31","guid":{"rendered":"http:\/\/hubertpietka.bialystok.pl\/?page_id=3561"},"modified":"2020-11-29T12:55:16","modified_gmt":"2020-11-29T12:55:16","slug":"maradonie-maria-dona","status":"publish","type":"page","link":"https:\/\/hubertpietka.bialystok.pl\/?page_id=3561","title":{"rendered":"Maradonie \/ Maria Dona"},"content":{"rendered":"<p><strong><em>Maradonie \/ Maria Dona<\/em><\/strong><\/p>\n<ol>\n<li><strong> *Per la* sua &#8211; Maradonie<\/strong><\/li>\n<\/ol>\n<p>*Per\u0142a*<br \/>\nIskra Bo\u017ca<br \/>\nW tym pi\u0142karzu<br \/>\nJednym z najwi\u0119kszych<br \/>\nWszechczas\u00f3w<\/p>\n<p>Mimo \u017ce gubi\u0142 si\u0119 czasem<br \/>\nJego \u017cycie<br \/>\nNie by\u0142o idealne<br \/>\nHo\u0142d mu oddaj\u0119<\/p>\n<p>Jak Pele powiedzia\u0142<br \/>\nMy\u015bl\u0119 mam nadziej\u0119<br \/>\n\u017be wszyscy wielcy pi\u0142karze<br \/>\nSpotkaj\u0105 si\u0119 kiedy\u015b<br \/>\nNa niebieskich niwach<br \/>\nBy pogra\u0107 przed Panem<br \/>\nRazem<\/p>\n<p>Bo wiele rado\u015bci<br \/>\nDali \u015bwiatu<br \/>\nPer\u0142y swego talentu<br \/>\nOdpowiednio oszlifowali<\/p>\n<ol start=\"2\">\n<li><strong> Matce Bo\u017cej<\/strong><\/li>\n<\/ol>\n<p>Mara Dona<br \/>\nMatka Bo\u017ca Bolesna<br \/>\nW wolnym t\u0142umaczeniu<br \/>\nMo\u017ce chyba znaczy\u0107<\/p>\n<p>O Maryjo<br \/>\nNie pozbawione jest<br \/>\n\u017bycie ludzkie cierpienia<br \/>\nPrzyjmij twego syna<\/p>\n<p>Kt\u00f3ry cho\u0107<br \/>\nSi\u0119 troch\u0119 gubi\u0142<br \/>\nTyle rado\u015bci<br \/>\nSprawi\u0142 ludziom<\/p>\n<p>Do Mara Dony<br \/>\nSi\u0119 modl\u0119<br \/>\nZa Maradon\u0119<\/p>\n<p>I za wszystkich zagubionych<br \/>\nAby ich cierpienia<br \/>\nZosta\u0142y policzone<\/p>\n<p>By w Bogu<br \/>\nSi\u0119 odnale\u017ali<br \/>\nI za \u017cycia<br \/>\nI po \u015bmierci<\/p>\n<p><img decoding=\"async\" class=\"css-9pa8cd\" draggable=\"true\" src=\"https:\/\/pbs.twimg.com\/media\/En_EglcW4AALhbV?format=jpg&amp;name=small\" alt=\"Image\" \/><\/p>\n<p><em>Na zdj. Maria Dona<\/em><br \/>\n<em>Niewiasta Boga<\/em><br \/>\n<em>*Bogata* w Bogu<\/em><br \/>\n<em>*Boga ta*<\/em><br \/>\n<em>\u00a0<\/em><br \/>\n<em>W dolnym ko\u015bciele<\/em><br \/>\n<em>W Raszynie<\/em><br \/>\n<em>Ona opromienia<\/em><br \/>\n<em>Ka\u017cde ludzkie cierpienie<\/em><br \/>\n<em>\u00a0<\/em><br \/>\n<em>Jak pociesza\u0142a<\/em><br \/>\n<em>Swego Syna<\/em><br \/>\n<em>Tym tylko<\/em><br \/>\n<em>\u017be jest b\u0119dzie i by\u0142a<\/em><br \/>\n<em>\u00a0<\/em><br \/>\n<em>Ona nie zostawia nigdy<\/em><br \/>\n<em>Nawet je\u015bli opu\u015bcili by inni<\/em><\/p>\n<p style=\"text-align: right;\"><a href=\"https:\/\/www.youtube.com\/watch?v=mLcWIzet0F8\"><em><strong>Ty co nie zw\u0105tpi\u0142a\u015b nigdy<\/strong><\/em><\/a><\/p>\n","protected":false},"excerpt":{"rendered":"<p>Maradonie \/ Maria Dona *Per la* sua &#8211; Maradonie *Per\u0142a* Iskra Bo\u017ca W tym pi\u0142karzu Jednym z najwi\u0119kszych Wszechczas\u00f3w Mimo \u017ce gubi\u0142 si\u0119 czasem Jego&hellip; <\/p>\n","protected":false},"author":1,"featured_media":0,"parent":0,"menu_order":0,"comment_status":"closed","ping_status":"closed","template":"","meta":{"footnotes":""},"class_list":["post-3561","page","type-page","status-publish","hentry"],"_links":{"self":[{"href":"https:\/\/hubertpietka.bialystok.pl\/index.php?rest_route=\/wp\/v2\/pages\/3561","targetHints":{"allow":["GET"]}}],"collection":[{"href":"https:\/\/hubertpietka.bialystok.pl\/index.php?rest_route=\/wp\/v2\/pages"}],"about":[{"href":"https:\/\/hubertpietka.bialystok.pl\/index.php?rest_route=\/wp\/v2\/types\/page"}],"author":[{"embeddable":true,"href":"https:\/\/hubertpietka.bialystok.pl\/index.php?rest_route=\/wp\/v2\/users\/1"}],"replies":[{"embeddable":true,"href":"https:\/\/hubertpietka.bialystok.pl\/index.php?rest_route=%2Fwp%2Fv2%2Fcomments&post=3561"}],"version-history":[{"count":5,"href":"https:\/\/hubertpietka.bialystok.pl\/index.php?rest_route=\/wp\/v2\/pages\/3561\/revisions"}],"predecessor-version":[{"id":3566,"href":"https:\/\/hubertpietka.bialystok.pl\/index.php?rest_route=\/wp\/v2\/pages\/3561\/revisions\/3566"}],"wp:attachment":[{"href":"https:\/\/hubertpietka.bialystok.pl\/index.php?rest_route=%2Fwp%2Fv2%2Fmedia&parent=3561"}],"curies":[{"name":"wp","href":"https:\/\/api.w.org\/{rel}","templated":true}]}}