{"id":3568,"date":"2020-12-03T21:43:17","date_gmt":"2020-12-03T21:43:17","guid":{"rendered":"http:\/\/hubertpietka.bialystok.pl\/?page_id=3568"},"modified":"2020-12-03T21:47:39","modified_gmt":"2020-12-03T21:47:39","slug":"trybunal-konstytucyjny-a-sady-ideologiczne","status":"publish","type":"page","link":"https:\/\/hubertpietka.bialystok.pl\/?page_id=3568","title":{"rendered":"Trybuna\u0142 Konstytucyjny \/ a s\u0105dy ideologiczne"},"content":{"rendered":"<p><strong><em>Trybuna\u0142 Konstytucyjny \/ a s\u0105dy ideologiczne<\/em><\/strong><\/p>\n<ol>\n<li><strong>Trybuna\u0142 Konstytucyjny<\/strong><\/li>\n<\/ol>\n<p>Zachowa\u0142 si\u0119 jak trzeba<\/p>\n<p>W przeciwie\u0144stwie<br \/>\nDo na przyk\u0142ad<br \/>\nSad\u00f3w komunistycznych<\/p>\n<p>Sfingowane procesy<br \/>\nSkazuj\u0105ce Wykl\u0119tych<br \/>\nWed\u0142ug wcze\u015bniej obranej tezy<\/p>\n<p>Zachowa\u0142 si\u0119 jak trzeba<\/p>\n<ol start=\"2\">\n<li><strong>Za lub przeciw<\/strong><\/li>\n<\/ol>\n<p>Prawi ci<br \/>\nA lewi ci<br \/>\nLew i ci<\/p>\n<p>Szacunek dla ka\u017cdego \u017cycia<br \/>\nJest fundamentem cz\u0142owiecze\u0144stwa<\/p>\n<p>Nie ostanie si\u0119 nar\u00f3d<br \/>\nNie ostanie si\u0119 \u015bwiat<br \/>\nJe\u015bli godzi<br \/>\nW \u017cycie dzieci swoich<\/p>\n<p><img decoding=\"async\" class=\"css-9pa8cd\" draggable=\"true\" src=\"https:\/\/pbs.twimg.com\/media\/EoV1XVtXEAAGi4b?format=jpg&amp;name=small\" alt=\"Image\" \/><\/p>\n<p><em>Na zdj. W ko\u015bciele \u015bw. Szczepana raszy\u0144skim<\/em><br \/>\n<em> \u015awieca roratka<\/em><br \/>\n<em> Znak radosnego oczekiwania z Maryj\u0105<\/em><\/p>\n<p><em>Niech to b\u0119dzie te\u017c czas<\/em><br \/>\n<em> Kiedy spe\u0142ni si\u0119 powinno\u015b\u0107<\/em><br \/>\n<em> Demokratycznego pa\u0144stwa<\/em><\/p>\n","protected":false},"excerpt":{"rendered":"<p>Trybuna\u0142 Konstytucyjny \/ a s\u0105dy ideologiczne Trybuna\u0142 Konstytucyjny Zachowa\u0142 si\u0119 jak trzeba W przeciwie\u0144stwie Do na przyk\u0142ad Sad\u00f3w komunistycznych Sfingowane procesy Skazuj\u0105ce Wykl\u0119tych Wed\u0142ug wcze\u015bniej&hellip; <\/p>\n","protected":false},"author":1,"featured_media":0,"parent":0,"menu_order":0,"comment_status":"closed","ping_status":"closed","template":"","meta":{"footnotes":""},"class_list":["post-3568","page","type-page","status-publish","hentry"],"_links":{"self":[{"href":"https:\/\/hubertpietka.bialystok.pl\/index.php?rest_route=\/wp\/v2\/pages\/3568","targetHints":{"allow":["GET"]}}],"collection":[{"href":"https:\/\/hubertpietka.bialystok.pl\/index.php?rest_route=\/wp\/v2\/pages"}],"about":[{"href":"https:\/\/hubertpietka.bialystok.pl\/index.php?rest_route=\/wp\/v2\/types\/page"}],"author":[{"embeddable":true,"href":"https:\/\/hubertpietka.bialystok.pl\/index.php?rest_route=\/wp\/v2\/users\/1"}],"replies":[{"embeddable":true,"href":"https:\/\/hubertpietka.bialystok.pl\/index.php?rest_route=%2Fwp%2Fv2%2Fcomments&post=3568"}],"version-history":[{"count":4,"href":"https:\/\/hubertpietka.bialystok.pl\/index.php?rest_route=\/wp\/v2\/pages\/3568\/revisions"}],"predecessor-version":[{"id":3572,"href":"https:\/\/hubertpietka.bialystok.pl\/index.php?rest_route=\/wp\/v2\/pages\/3568\/revisions\/3572"}],"wp:attachment":[{"href":"https:\/\/hubertpietka.bialystok.pl\/index.php?rest_route=%2Fwp%2Fv2%2Fmedia&parent=3568"}],"curies":[{"name":"wp","href":"https:\/\/api.w.org\/{rel}","templated":true}]}}