{"id":3582,"date":"2020-12-13T18:20:26","date_gmt":"2020-12-13T18:20:26","guid":{"rendered":"http:\/\/hubertpietka.bialystok.pl\/?page_id=3582"},"modified":"2020-12-13T18:22:30","modified_gmt":"2020-12-13T18:22:30","slug":"winny-w-inny","status":"publish","type":"page","link":"https:\/\/hubertpietka.bialystok.pl\/?page_id=3582","title":{"rendered":"Winny \/ w inny"},"content":{"rendered":"<p><strong><em>Winny \/ w inny<\/em><\/strong><\/p>\n<p>Winny<br \/>\nPos\u0142a\u0107 go w \u015bwiat inny<br \/>\nW kt\u00f3ry wierzy przecie\u017c<br \/>\nPrzekonajmy si\u0119 czy istnieje<\/p>\n<p>Winny nawet<br \/>\nZa stref\u0119 cienia<br \/>\nNa kt\u00f3r\u0105 przecie\u017c<br \/>\nWp\u0142ywu nie ma<\/p>\n<p>Winny \u015bwiat\u0142a<br \/>\nKt\u00f3rym z ciemno\u015bci\u0105 walczy<br \/>\nWinny \u015bwiatu<\/p>\n<p>Bezproduktywny<br \/>\nA to co tworzy<br \/>\nInne by\u0107 powinno<br \/>\nMy przecie\u017c lepiej wiemy<\/p>\n<p><img decoding=\"async\" class=\"css-9pa8cd\" draggable=\"true\" src=\"https:\/\/pbs.twimg.com\/media\/EpIwRUDXcAgEk-d?format=jpg&amp;name=small\" alt=\"Image\" \/><\/p>\n<p><em>Na zdj. Frasobliwy Jezus<\/em><br \/>\n<em>Przy ko\u015bciele warszawskim<\/em><br \/>\n<em>\u015aw. J\u00f3zefa na Kole<\/em><br \/>\n<em>Przy ulicy *Deo-ty-my*<\/em><br \/>\n<em>Deo &#8211; (B\u00f3g) &#8211; ty &#8211; my<\/em><\/p>\n<p><strong>Ja si\u0119 patrz\u0119<\/strong><br \/>\n<strong>Ju\u017c id\u0105 siepacze<\/strong><br \/>\n<strong>Aby pojma\u0107 znowu<\/strong><br \/>\n<strong>Chrystusa w cz\u0142owieku<\/strong><br \/>\n<strong>Ju\u017c id\u0105 kiedy dojd\u0105<\/strong><\/p>\n<p>Dzi\u015b wspominana \u015bw. *O-tyl-ia*<br \/>\n*O-tym-tyle-ja*<br \/>\nA jej imi\u0119 znaczy Ojczyzna<br \/>\nDok\u0105d zmierza<\/p>\n","protected":false},"excerpt":{"rendered":"<p>Winny \/ w inny Winny Pos\u0142a\u0107 go w \u015bwiat inny W kt\u00f3ry wierzy przecie\u017c Przekonajmy si\u0119 czy istnieje Winny nawet Za stref\u0119 cienia Na kt\u00f3r\u0105&hellip; <\/p>\n","protected":false},"author":1,"featured_media":0,"parent":0,"menu_order":0,"comment_status":"closed","ping_status":"closed","template":"","meta":{"footnotes":""},"class_list":["post-3582","page","type-page","status-publish","hentry"],"_links":{"self":[{"href":"https:\/\/hubertpietka.bialystok.pl\/index.php?rest_route=\/wp\/v2\/pages\/3582","targetHints":{"allow":["GET"]}}],"collection":[{"href":"https:\/\/hubertpietka.bialystok.pl\/index.php?rest_route=\/wp\/v2\/pages"}],"about":[{"href":"https:\/\/hubertpietka.bialystok.pl\/index.php?rest_route=\/wp\/v2\/types\/page"}],"author":[{"embeddable":true,"href":"https:\/\/hubertpietka.bialystok.pl\/index.php?rest_route=\/wp\/v2\/users\/1"}],"replies":[{"embeddable":true,"href":"https:\/\/hubertpietka.bialystok.pl\/index.php?rest_route=%2Fwp%2Fv2%2Fcomments&post=3582"}],"version-history":[{"count":3,"href":"https:\/\/hubertpietka.bialystok.pl\/index.php?rest_route=\/wp\/v2\/pages\/3582\/revisions"}],"predecessor-version":[{"id":3585,"href":"https:\/\/hubertpietka.bialystok.pl\/index.php?rest_route=\/wp\/v2\/pages\/3582\/revisions\/3585"}],"wp:attachment":[{"href":"https:\/\/hubertpietka.bialystok.pl\/index.php?rest_route=%2Fwp%2Fv2%2Fmedia&parent=3582"}],"curies":[{"name":"wp","href":"https:\/\/api.w.org\/{rel}","templated":true}]}}