{"id":3594,"date":"2020-12-16T14:04:03","date_gmt":"2020-12-16T14:04:03","guid":{"rendered":"http:\/\/hubertpietka.bialystok.pl\/?page_id=3594"},"modified":"2020-12-16T14:30:56","modified_gmt":"2020-12-16T14:30:56","slug":"slowo-w-obronie","status":"publish","type":"page","link":"https:\/\/hubertpietka.bialystok.pl\/?page_id=3594","title":{"rendered":"S\u0142owo \/ w obronie"},"content":{"rendered":"<p><em><strong>S\u0142owo \/ w obronie<\/strong><\/em><\/p>\n<p><em>W obronie Jana Paw\u0142a II<\/em><br \/>\n<em>Jego imienia dobrego<\/em><\/p>\n<p>Kiedy trudno jest komu\u015b co\u015b zarzuci\u0107<br \/>\nBezpo\u015brednio<br \/>\nTo zawsze mo\u017cna powiedzie\u0107<br \/>\n\u017be zgadza\u0142 si\u0119 na z\u0142o wok\u00f3\u0142<\/p>\n<p>\u017be nie reagowa\u0142<br \/>\nMimo \u017ce to by\u0142o przed nim zakryte<br \/>\nBrak wiedzy nazywa si\u0119 ignorancj\u0105<br \/>\nBrak mo\u017cliwo\u015bci dzia\u0142ania<br \/>\nNa z\u0142o si\u0119 zgadzaniem<\/p>\n<p><a href=\"http:\/\/hubertpietka.bialystok.pl\/wp-content\/uploads\/2020\/12\/IMG_20201209_104143550.jpg\"><img loading=\"lazy\" decoding=\"async\" class=\"alignnone size-thumbnail wp-image-3598\" src=\"http:\/\/hubertpietka.bialystok.pl\/wp-content\/uploads\/2020\/12\/IMG_20201209_104143550-150x150.jpg\" alt=\"\" width=\"150\" height=\"150\" srcset=\"https:\/\/hubertpietka.bialystok.pl\/wp-content\/uploads\/2020\/12\/IMG_20201209_104143550-150x150.jpg 150w, https:\/\/hubertpietka.bialystok.pl\/wp-content\/uploads\/2020\/12\/IMG_20201209_104143550-75x75.jpg 75w\" sizes=\"auto, (max-width: 150px) 100vw, 150px\" \/><\/a><\/p>\n<p><em>Na zdj. \u015awi\u0119ty Jan Pawe\u0142 II i Jezus Mi\u0142osierny<\/em><br \/>\n<em>Jemu tam w niebie<\/em><br \/>\n<em>Ju\u017c nic nie szkodzi<\/em><br \/>\n<em>On trwa w mi\u0142o\u015bci<\/em><\/p>\n<p><em>Chodzi bardziej o nas<\/em><br \/>\n<em>By nie przekr\u0119ca\u0107 fakt\u00f3w<\/em><br \/>\n<em>Nie relatywizowa\u0107<\/em><br \/>\n<em>By \u015bwi\u0119to\u015b\u0107 by\u0142a obroniona<\/em><br \/>\n<em>W s\u0142u\u017cbie ludziom<\/em><\/p>\n<p><em>Bo to ci \u017cyj\u0105cy<\/em><br \/>\n<em>Z niej czerpi\u0105<\/em><br \/>\n<em>Z wstawiennictwa \u015bwi\u0119tych<\/em><\/p>\n<p><em>Poza tym tu na ziemi<\/em><br \/>\n<em>Jeste\u015bmy mu to winni<\/em><br \/>\n<em>Po ludzku tak zwyczajnie<\/em><\/p>\n<p style=\"text-align: right;\"><a href=\"https:\/\/youtu.be\/PCrVIwUT42c\"><strong><i>De Press &#8211; Cy bocycie \u015awinty Ojce<\/i><\/strong><\/a><\/p>\n<p><em>\u00a0<\/em><\/p>\n","protected":false},"excerpt":{"rendered":"<p>S\u0142owo \/ w obronie W obronie Jana Paw\u0142a II Jego imienia dobrego Kiedy trudno jest komu\u015b co\u015b zarzuci\u0107 Bezpo\u015brednio To zawsze mo\u017cna powiedzie\u0107 \u017be zgadza\u0142&hellip; <\/p>\n","protected":false},"author":1,"featured_media":0,"parent":0,"menu_order":0,"comment_status":"closed","ping_status":"closed","template":"","meta":{"footnotes":""},"class_list":["post-3594","page","type-page","status-publish","hentry"],"_links":{"self":[{"href":"https:\/\/hubertpietka.bialystok.pl\/index.php?rest_route=\/wp\/v2\/pages\/3594","targetHints":{"allow":["GET"]}}],"collection":[{"href":"https:\/\/hubertpietka.bialystok.pl\/index.php?rest_route=\/wp\/v2\/pages"}],"about":[{"href":"https:\/\/hubertpietka.bialystok.pl\/index.php?rest_route=\/wp\/v2\/types\/page"}],"author":[{"embeddable":true,"href":"https:\/\/hubertpietka.bialystok.pl\/index.php?rest_route=\/wp\/v2\/users\/1"}],"replies":[{"embeddable":true,"href":"https:\/\/hubertpietka.bialystok.pl\/index.php?rest_route=%2Fwp%2Fv2%2Fcomments&post=3594"}],"version-history":[{"count":5,"href":"https:\/\/hubertpietka.bialystok.pl\/index.php?rest_route=\/wp\/v2\/pages\/3594\/revisions"}],"predecessor-version":[{"id":3600,"href":"https:\/\/hubertpietka.bialystok.pl\/index.php?rest_route=\/wp\/v2\/pages\/3594\/revisions\/3600"}],"wp:attachment":[{"href":"https:\/\/hubertpietka.bialystok.pl\/index.php?rest_route=%2Fwp%2Fv2%2Fmedia&parent=3594"}],"curies":[{"name":"wp","href":"https:\/\/api.w.org\/{rel}","templated":true}]}}