{"id":3611,"date":"2020-12-22T00:07:26","date_gmt":"2020-12-22T00:07:26","guid":{"rendered":"http:\/\/hubertpietka.bialystok.pl\/?page_id=3611"},"modified":"2020-12-22T08:50:59","modified_gmt":"2020-12-22T08:50:59","slug":"3611-2","status":"publish","type":"page","link":"https:\/\/hubertpietka.bialystok.pl\/?page_id=3611","title":{"rendered":"Skoczek"},"content":{"rendered":"<p><em><strong>Skoczek<\/strong><\/em><\/p>\n<p>Ostatnio m\u00f3j zaw\u00f3d<br \/>\nTo pomocnik<br \/>\nW r\u00f3\u017cnych zak\u0142adach pogrzebowych<br \/>\nPono\u0107 jako skoczek<br \/>\nOkre\u015bla si\u0119 tak\u0105 funkcj\u0119<\/p>\n<p>Ale mo\u017cna by\u0107 skoczkiem inaczej<br \/>\nPo dniach godzinach mo\u017cna skaka\u0107<br \/>\nI zmienia\u0107 co chwil\u0119<br \/>\nWedle swego upodobania<br \/>\nTaka makabryczna zabawa<\/p>\n<p>\u017be tych godzin wszystkich nie wymieni\u0119 pozw\u00f3lcie<br \/>\nBo by\u0142o ich ju\u017c do\u015b\u0107 du\u017co<br \/>\nWspomn\u0119 tylko ostatni\u0105 i pierwsz\u0105<br \/>\nW Bia\u0142ymstoku bodaj\u017ce ok 9.40<br \/>\n(Bo ju\u017c nie pami\u0119tam dobrze)<br \/>\nI z dzisiaj 7.20 nieprawda\u017c?<br \/>\nA co b\u0119dzie jutro?<\/p>\n<p>Mo\u017cna te godziny sobie<br \/>\nW r\u00f3\u017cnych ustawia\u0107 korelacjach<br \/>\nMo\u017ce to by\u0107 wiecz\u00f3r rano noc<br \/>\nOd &#8211; do<br \/>\nCzy jak si\u0119 tylko chce<\/p>\n<p>Podobnie mo\u017cna odmienia\u0107<br \/>\nPrzez r\u00f3\u017cne przypadki dni<br \/>\nI zmienia\u0107 je<br \/>\nJak si\u0119 chce<br \/>\nTaka zabawa na chybi\u0142 trafi\u0142<\/p>\n<p>Polscy narciarze skoczkowie<br \/>\nS\u0105 do\u015b\u0107 dobrzy<br \/>\nJa te\u017c sobie radzi\u0142em jako\u015b<br \/>\nZ Bo\u017c\u0105 pomoc\u0105<br \/>\nW moim nowym zawodzie<br \/>\nAle to jest praca<br \/>\nA jak to nazwa\u0107<\/p>\n<p>A mo\u017ce to teraz<br \/>\nB\u0119dzie z zaskoczenia<br \/>\nSkoro inaczej<br \/>\nOn pojma\u0107 u\u015bmierci\u0107 si\u0119 nie da<\/p>\n<p>W ko\u0144cu<br \/>\n&#8222;Jaki\u017c B\u00f3g<br \/>\nMo\u017ce wyrwa\u0107 go ich<br \/>\nZ naszych r\u0105k&#8221;<\/p>\n<p><a href=\"http:\/\/hubertpietka.bialystok.pl\/wp-content\/uploads\/2020\/12\/IMG_20201222_010434.jpg\"><img loading=\"lazy\" decoding=\"async\" class=\"alignnone size-thumbnail wp-image-3615\" src=\"http:\/\/hubertpietka.bialystok.pl\/wp-content\/uploads\/2020\/12\/IMG_20201222_010434-150x150.jpg\" alt=\"\" width=\"150\" height=\"150\" srcset=\"https:\/\/hubertpietka.bialystok.pl\/wp-content\/uploads\/2020\/12\/IMG_20201222_010434-150x150.jpg 150w, https:\/\/hubertpietka.bialystok.pl\/wp-content\/uploads\/2020\/12\/IMG_20201222_010434-75x75.jpg 75w\" sizes=\"auto, (max-width: 150px) 100vw, 150px\" \/><\/a><\/p>\n<p><em>Na zdj. Maryja w ko\u015bciele<\/em><br \/>\n<em>Warszawskim \u015bw. Maksymiliana<\/em><br \/>\n<em>Tam m. in. uprawia\u0142em sw\u00f3j nowy zaw\u00f3d<\/em><br \/>\n<em>Dop\u00f3ki mog\u0142em<\/em><\/p>\n<p><em>Jutro b\u0142. Judyty<\/em><br \/>\n<em>Tym imieniem okre\u015bla si\u0119 te\u017c Maryj\u0119<\/em><br \/>\n<em>Znaczy Ona &#8222;chwalona&#8221;<\/em><\/p>\n<p><em>Niech wszystko co \u017cyje<\/em><br \/>\n<em>Chwali Maryj\u0119<\/em><\/p>\n<p><strong><i><a href=\"https:\/\/youtu.be\/U8ucy65j1m8\">Kwiat Jab\u0142oni &#8211; Dzi\u015b p\u00f3jd\u0119 p\u00f3\u017ano spa\u0107<\/a>\u00a0(polandrock2019)<\/i><\/strong><\/p>\n","protected":false},"excerpt":{"rendered":"<p>Skoczek Ostatnio m\u00f3j zaw\u00f3d To pomocnik W r\u00f3\u017cnych zak\u0142adach pogrzebowych Pono\u0107 jako skoczek Okre\u015bla si\u0119 tak\u0105 funkcj\u0119 Ale mo\u017cna by\u0107 skoczkiem inaczej Po dniach godzinach&hellip; <\/p>\n","protected":false},"author":1,"featured_media":0,"parent":0,"menu_order":0,"comment_status":"closed","ping_status":"closed","template":"","meta":{"footnotes":""},"class_list":["post-3611","page","type-page","status-publish","hentry"],"_links":{"self":[{"href":"https:\/\/hubertpietka.bialystok.pl\/index.php?rest_route=\/wp\/v2\/pages\/3611","targetHints":{"allow":["GET"]}}],"collection":[{"href":"https:\/\/hubertpietka.bialystok.pl\/index.php?rest_route=\/wp\/v2\/pages"}],"about":[{"href":"https:\/\/hubertpietka.bialystok.pl\/index.php?rest_route=\/wp\/v2\/types\/page"}],"author":[{"embeddable":true,"href":"https:\/\/hubertpietka.bialystok.pl\/index.php?rest_route=\/wp\/v2\/users\/1"}],"replies":[{"embeddable":true,"href":"https:\/\/hubertpietka.bialystok.pl\/index.php?rest_route=%2Fwp%2Fv2%2Fcomments&post=3611"}],"version-history":[{"count":6,"href":"https:\/\/hubertpietka.bialystok.pl\/index.php?rest_route=\/wp\/v2\/pages\/3611\/revisions"}],"predecessor-version":[{"id":3620,"href":"https:\/\/hubertpietka.bialystok.pl\/index.php?rest_route=\/wp\/v2\/pages\/3611\/revisions\/3620"}],"wp:attachment":[{"href":"https:\/\/hubertpietka.bialystok.pl\/index.php?rest_route=%2Fwp%2Fv2%2Fmedia&parent=3611"}],"curies":[{"name":"wp","href":"https:\/\/api.w.org\/{rel}","templated":true}]}}