{"id":3622,"date":"2020-12-24T15:20:03","date_gmt":"2020-12-24T15:20:03","guid":{"rendered":"http:\/\/hubertpietka.bialystok.pl\/?page_id=3622"},"modified":"2020-12-24T15:20:03","modified_gmt":"2020-12-24T15:20:03","slug":"swiateczne-zyczenia","status":"publish","type":"page","link":"https:\/\/hubertpietka.bialystok.pl\/?page_id=3622","title":{"rendered":"\u015awi\u0105teczne \u017cyczenia"},"content":{"rendered":"<p>Niech w ten \u015bwi\u0105teczny czas<br \/>\n&#8211; wi\u0119cej dobra b\u0119dzie w nas! \ud83d\ude42<br \/>\nB\u0105d\u017amy darem dla siebie nawzajem! \ud83d\udc9b<br \/>\nBo\u017conarodzeniowo pozdrawiam! \ud83d\ude42<\/p>\n<p style=\"text-align: center;\"><a href=\"http:\/\/hubertpietka.bialystok.pl\/wp-content\/uploads\/2020\/12\/IMG_20201224_161603.jpg\"><img loading=\"lazy\" decoding=\"async\" class=\"alignnone size-thumbnail wp-image-3623\" src=\"http:\/\/hubertpietka.bialystok.pl\/wp-content\/uploads\/2020\/12\/IMG_20201224_161603-150x150.jpg\" alt=\"\" width=\"150\" height=\"150\" srcset=\"https:\/\/hubertpietka.bialystok.pl\/wp-content\/uploads\/2020\/12\/IMG_20201224_161603-150x150.jpg 150w, https:\/\/hubertpietka.bialystok.pl\/wp-content\/uploads\/2020\/12\/IMG_20201224_161603-75x75.jpg 75w\" sizes=\"auto, (max-width: 150px) 100vw, 150px\" \/><\/a><\/p>\n","protected":false},"excerpt":{"rendered":"<p>Niech w ten \u015bwi\u0105teczny czas &#8211; wi\u0119cej dobra b\u0119dzie w nas! \ud83d\ude42 B\u0105d\u017amy darem dla siebie nawzajem! \ud83d\udc9b Bo\u017conarodzeniowo pozdrawiam! \ud83d\ude42<\/p>\n","protected":false},"author":1,"featured_media":0,"parent":0,"menu_order":0,"comment_status":"closed","ping_status":"closed","template":"","meta":{"footnotes":""},"class_list":["post-3622","page","type-page","status-publish","hentry"],"_links":{"self":[{"href":"https:\/\/hubertpietka.bialystok.pl\/index.php?rest_route=\/wp\/v2\/pages\/3622","targetHints":{"allow":["GET"]}}],"collection":[{"href":"https:\/\/hubertpietka.bialystok.pl\/index.php?rest_route=\/wp\/v2\/pages"}],"about":[{"href":"https:\/\/hubertpietka.bialystok.pl\/index.php?rest_route=\/wp\/v2\/types\/page"}],"author":[{"embeddable":true,"href":"https:\/\/hubertpietka.bialystok.pl\/index.php?rest_route=\/wp\/v2\/users\/1"}],"replies":[{"embeddable":true,"href":"https:\/\/hubertpietka.bialystok.pl\/index.php?rest_route=%2Fwp%2Fv2%2Fcomments&post=3622"}],"version-history":[{"count":1,"href":"https:\/\/hubertpietka.bialystok.pl\/index.php?rest_route=\/wp\/v2\/pages\/3622\/revisions"}],"predecessor-version":[{"id":3624,"href":"https:\/\/hubertpietka.bialystok.pl\/index.php?rest_route=\/wp\/v2\/pages\/3622\/revisions\/3624"}],"wp:attachment":[{"href":"https:\/\/hubertpietka.bialystok.pl\/index.php?rest_route=%2Fwp%2Fv2%2Fmedia&parent=3622"}],"curies":[{"name":"wp","href":"https:\/\/api.w.org\/{rel}","templated":true}]}}