{"id":3655,"date":"2021-01-01T00:07:41","date_gmt":"2021-01-01T00:07:41","guid":{"rendered":"http:\/\/hubertpietka.bialystok.pl\/?page_id=3655"},"modified":"2021-01-01T00:09:09","modified_gmt":"2021-01-01T00:09:09","slug":"oczerni-anie-ani","status":"publish","type":"page","link":"https:\/\/hubertpietka.bialystok.pl\/?page_id=3655","title":{"rendered":"Oczerni-anie \/ Ani"},"content":{"rendered":"<p><em><strong>Oczerni-anie \/ Ani<\/strong><\/em><\/p>\n<p>Znowu oczerniana<br \/>\nAnia<\/p>\n<p>Je\u015bli si\u0119 chce stawa\u0107<br \/>\nW prawdzie<br \/>\nTo trzeba te\u017c<br \/>\nWidzie\u0107 rzeczy przeciwne<\/p>\n<p>Wtedy dopiero<br \/>\nMo\u017cna wyda\u0107<br \/>\nOs\u0105d sprawiedliwy<\/p>\n<p><strong>Dzi\u015b wspominana<\/strong><br \/>\n<strong> \u015aw. Mel-ania<\/strong><br \/>\n<strong> Jej imi\u0119 od &#8222;czarna&#8221;<\/strong><br \/>\n<strong> Ale te\u017c dzisiaj<\/strong><br \/>\n<strong> Wspominana \u015bw. Laboure Katarzyna<\/strong><br \/>\n<strong> Jej imi\u0119 to oczyszcza\u0107<\/strong><br \/>\n<strong>Niech b\u0119dzie oczyszczone<\/strong><br \/>\n<strong> To co zosta\u0142o oczernione<\/strong><br \/>\n<strong> Niech tak si\u0119 zawsze dzieje<\/strong><\/p>\n<p><strong><a href=\"http:\/\/hubertpietka.bialystok.pl\/wp-content\/uploads\/2021\/01\/IMG_20210101_005442.jpg\"><img loading=\"lazy\" decoding=\"async\" class=\"alignnone size-thumbnail wp-image-3656\" src=\"http:\/\/hubertpietka.bialystok.pl\/wp-content\/uploads\/2021\/01\/IMG_20210101_005442-150x150.jpg\" alt=\"\" width=\"150\" height=\"150\" srcset=\"https:\/\/hubertpietka.bialystok.pl\/wp-content\/uploads\/2021\/01\/IMG_20210101_005442-150x150.jpg 150w, https:\/\/hubertpietka.bialystok.pl\/wp-content\/uploads\/2021\/01\/IMG_20210101_005442-75x75.jpg 75w\" sizes=\"auto, (max-width: 150px) 100vw, 150px\" \/><\/a><\/strong><\/p>\n<p><em>Na zdj. Maryja \u015awi\u0119ta Bo\u017ca Rodzicielka<\/em><br \/>\n<em> W warszawskim ko\u015bciele Matki Ko\u015bcio\u0142a<\/em><br \/>\n<em> Najczystsza ona<\/em><br \/>\n<em>Jej Ania<\/em><br \/>\n<em> *Powierz-ona*<\/em><\/p>\n","protected":false},"excerpt":{"rendered":"<p>Oczerni-anie \/ Ani Znowu oczerniana Ania Je\u015bli si\u0119 chce stawa\u0107 W prawdzie To trzeba te\u017c Widzie\u0107 rzeczy przeciwne Wtedy dopiero Mo\u017cna wyda\u0107 Os\u0105d sprawiedliwy Dzi\u015b&hellip; <\/p>\n","protected":false},"author":1,"featured_media":0,"parent":0,"menu_order":0,"comment_status":"closed","ping_status":"closed","template":"","meta":{"footnotes":""},"class_list":["post-3655","page","type-page","status-publish","hentry"],"_links":{"self":[{"href":"https:\/\/hubertpietka.bialystok.pl\/index.php?rest_route=\/wp\/v2\/pages\/3655","targetHints":{"allow":["GET"]}}],"collection":[{"href":"https:\/\/hubertpietka.bialystok.pl\/index.php?rest_route=\/wp\/v2\/pages"}],"about":[{"href":"https:\/\/hubertpietka.bialystok.pl\/index.php?rest_route=\/wp\/v2\/types\/page"}],"author":[{"embeddable":true,"href":"https:\/\/hubertpietka.bialystok.pl\/index.php?rest_route=\/wp\/v2\/users\/1"}],"replies":[{"embeddable":true,"href":"https:\/\/hubertpietka.bialystok.pl\/index.php?rest_route=%2Fwp%2Fv2%2Fcomments&post=3655"}],"version-history":[{"count":1,"href":"https:\/\/hubertpietka.bialystok.pl\/index.php?rest_route=\/wp\/v2\/pages\/3655\/revisions"}],"predecessor-version":[{"id":3657,"href":"https:\/\/hubertpietka.bialystok.pl\/index.php?rest_route=\/wp\/v2\/pages\/3655\/revisions\/3657"}],"wp:attachment":[{"href":"https:\/\/hubertpietka.bialystok.pl\/index.php?rest_route=%2Fwp%2Fv2%2Fmedia&parent=3655"}],"curies":[{"name":"wp","href":"https:\/\/api.w.org\/{rel}","templated":true}]}}