{"id":3673,"date":"2021-01-06T22:41:06","date_gmt":"2021-01-06T22:41:06","guid":{"rendered":"http:\/\/hubertpietka.bialystok.pl\/?page_id=3673"},"modified":"2021-01-06T22:41:06","modified_gmt":"2021-01-06T22:41:06","slug":"dziekczynienie","status":"publish","type":"page","link":"https:\/\/hubertpietka.bialystok.pl\/?page_id=3673","title":{"rendered":"Dzi\u0119kczynienie"},"content":{"rendered":"<p><em><strong>Dzi\u0119kczynienie<\/strong><\/em><\/p>\n<p>Maryjo Niepokalana, w Twoim Niepokalanym Pocz\u0119ciu chroni\u0119 siebie, \u017con\u0119 moj\u0105, bliskich naszych i wszystkich, kt\u00f3rzy s\u0105 z Boga.<br \/>\nPowierzam Ci kap\u0142an\u00f3w, wszystkich wierz\u0105cych, ludzi dobrej woli i Ko\u015bci\u00f3\u0142 ca\u0142y.<\/p>\n<p>Dzi\u0119kuj\u0119 Ci, Panie Jezu Chryste za ka\u017cd\u0105 Eucharysti\u0119, sprawowan\u0105 na \u015bwiecie ca\u0142ym. Dzi\u0119kuj\u0119 Ci za kap\u0142an\u00f3w i wszystkich, kt\u00f3rzy przyjmuj\u0105 szczerze sakramenty.<br \/>\nDzi\u0119kuj\u0119 Ci, Panie za ka\u017cd\u0105 Tw\u0105 posta\u0107 eucharystyczn\u0105 i wszystkich, kt\u00f3rzy staraj\u0105 si\u0119 doceni\u0107 ten dar Bo\u017cy &#8211; z Ciebie za \u017cycie \u015bwiata.<br \/>\nAmen!<\/p>\n<p><a href=\"http:\/\/hubertpietka.bialystok.pl\/wp-content\/uploads\/2021\/01\/IMG_20210106_233548.jpg\"><img loading=\"lazy\" decoding=\"async\" class=\"alignnone size-thumbnail wp-image-3674\" src=\"http:\/\/hubertpietka.bialystok.pl\/wp-content\/uploads\/2021\/01\/IMG_20210106_233548-150x150.jpg\" alt=\"\" width=\"150\" height=\"150\" srcset=\"https:\/\/hubertpietka.bialystok.pl\/wp-content\/uploads\/2021\/01\/IMG_20210106_233548-150x150.jpg 150w, https:\/\/hubertpietka.bialystok.pl\/wp-content\/uploads\/2021\/01\/IMG_20210106_233548-75x75.jpg 75w\" sizes=\"auto, (max-width: 150px) 100vw, 150px\" \/><\/a><\/p>\n<p>Na zdj. Maryja Niepokalana i stajenka<br \/>\nW sanktuarium Maryi Nauczycielki M\u0142odzie\u017cy<br \/>\nNa warszawskich Siekierkach<br \/>\nMaryjo zwyci\u0119\u017caj<\/p>\n","protected":false},"excerpt":{"rendered":"<p>Dzi\u0119kczynienie Maryjo Niepokalana, w Twoim Niepokalanym Pocz\u0119ciu chroni\u0119 siebie, \u017con\u0119 moj\u0105, bliskich naszych i wszystkich, kt\u00f3rzy s\u0105 z Boga. Powierzam Ci kap\u0142an\u00f3w, wszystkich wierz\u0105cych, ludzi&hellip; <\/p>\n","protected":false},"author":1,"featured_media":0,"parent":0,"menu_order":0,"comment_status":"closed","ping_status":"closed","template":"","meta":{"footnotes":""},"class_list":["post-3673","page","type-page","status-publish","hentry"],"_links":{"self":[{"href":"https:\/\/hubertpietka.bialystok.pl\/index.php?rest_route=\/wp\/v2\/pages\/3673","targetHints":{"allow":["GET"]}}],"collection":[{"href":"https:\/\/hubertpietka.bialystok.pl\/index.php?rest_route=\/wp\/v2\/pages"}],"about":[{"href":"https:\/\/hubertpietka.bialystok.pl\/index.php?rest_route=\/wp\/v2\/types\/page"}],"author":[{"embeddable":true,"href":"https:\/\/hubertpietka.bialystok.pl\/index.php?rest_route=\/wp\/v2\/users\/1"}],"replies":[{"embeddable":true,"href":"https:\/\/hubertpietka.bialystok.pl\/index.php?rest_route=%2Fwp%2Fv2%2Fcomments&post=3673"}],"version-history":[{"count":1,"href":"https:\/\/hubertpietka.bialystok.pl\/index.php?rest_route=\/wp\/v2\/pages\/3673\/revisions"}],"predecessor-version":[{"id":3675,"href":"https:\/\/hubertpietka.bialystok.pl\/index.php?rest_route=\/wp\/v2\/pages\/3673\/revisions\/3675"}],"wp:attachment":[{"href":"https:\/\/hubertpietka.bialystok.pl\/index.php?rest_route=%2Fwp%2Fv2%2Fmedia&parent=3673"}],"curies":[{"name":"wp","href":"https:\/\/api.w.org\/{rel}","templated":true}]}}