{"id":3681,"date":"2021-01-12T11:57:26","date_gmt":"2021-01-12T11:57:26","guid":{"rendered":"http:\/\/hubertpietka.bialystok.pl\/?page_id=3681"},"modified":"2021-01-13T22:30:04","modified_gmt":"2021-01-13T22:30:04","slug":"rs-reagowac-solidarnie","status":"publish","type":"page","link":"https:\/\/hubertpietka.bialystok.pl\/?page_id=3681","title":{"rendered":"*RS \/ Reagowa\u0107 Solidarnie"},"content":{"rendered":"<p><em><strong>*RS \/ Reagowa\u0107 Solidarnie<\/strong><\/em><\/p>\n<p><strong>1.<\/strong><br \/>\nPolak<br \/>\nPo serca zawale<br \/>\nSam je i pije<br \/>\nLe\u017cy w szpitalu<\/p>\n<p>Pom\u00f3c \u017cy\u0107<br \/>\nTo kocha\u0107 bardziej<br \/>\nNi\u017c zgodzi\u0107 si\u0119 na \u015bmier\u0107<\/p>\n<p><strong>2.<\/strong><br \/>\nPotrzebna szybka pomoc<br \/>\nJak audi *<strong>RS<\/strong>*<br \/>\nhe<strong>R<\/strong>e i<strong>S<\/strong><br \/>\nDop\u00f3ki on jest<\/p>\n<p><a href=\"http:\/\/hubertpietka.bialystok.pl\/wp-content\/uploads\/2021\/01\/IMG_20210112_125023.jpg\"><img loading=\"lazy\" decoding=\"async\" class=\"alignnone size-thumbnail wp-image-3682\" src=\"http:\/\/hubertpietka.bialystok.pl\/wp-content\/uploads\/2021\/01\/IMG_20210112_125023-150x150.jpg\" alt=\"\" width=\"150\" height=\"150\" srcset=\"https:\/\/hubertpietka.bialystok.pl\/wp-content\/uploads\/2021\/01\/IMG_20210112_125023-150x150.jpg 150w, https:\/\/hubertpietka.bialystok.pl\/wp-content\/uploads\/2021\/01\/IMG_20210112_125023-75x75.jpg 75w\" sizes=\"auto, (max-width: 150px) 100vw, 150px\" \/><\/a><\/p>\n<p><em>Na zdj. W klasztorze cysters\u00f3w w J\u0119drzejowie<\/em><br \/>\n<em>Matka Boska Jasnog\u00f3rska<\/em><br \/>\n<em>M\u00f3dl si\u0119 za nami Maryjo<\/em><\/p>\n<p><em>By nie by\u0142o na ludzko\u015bci<\/em><br \/>\n<em>Kolejnych <strong>R<\/strong>y<strong>S<\/strong><\/em><br \/>\n<em>W temacie tak wa\u017cnym<\/em><br \/>\n<em>By \u017cycie zwyci\u0119\u017ca\u0142o \u015bmier\u0107<\/em><\/p>\n","protected":false},"excerpt":{"rendered":"<p>*RS \/ Reagowa\u0107 Solidarnie 1. Polak Po serca zawale Sam je i pije Le\u017cy w szpitalu Pom\u00f3c \u017cy\u0107 To kocha\u0107 bardziej Ni\u017c zgodzi\u0107 si\u0119 na&hellip; <\/p>\n","protected":false},"author":1,"featured_media":0,"parent":0,"menu_order":0,"comment_status":"closed","ping_status":"closed","template":"","meta":{"footnotes":""},"class_list":["post-3681","page","type-page","status-publish","hentry"],"_links":{"self":[{"href":"https:\/\/hubertpietka.bialystok.pl\/index.php?rest_route=\/wp\/v2\/pages\/3681","targetHints":{"allow":["GET"]}}],"collection":[{"href":"https:\/\/hubertpietka.bialystok.pl\/index.php?rest_route=\/wp\/v2\/pages"}],"about":[{"href":"https:\/\/hubertpietka.bialystok.pl\/index.php?rest_route=\/wp\/v2\/types\/page"}],"author":[{"embeddable":true,"href":"https:\/\/hubertpietka.bialystok.pl\/index.php?rest_route=\/wp\/v2\/users\/1"}],"replies":[{"embeddable":true,"href":"https:\/\/hubertpietka.bialystok.pl\/index.php?rest_route=%2Fwp%2Fv2%2Fcomments&post=3681"}],"version-history":[{"count":2,"href":"https:\/\/hubertpietka.bialystok.pl\/index.php?rest_route=\/wp\/v2\/pages\/3681\/revisions"}],"predecessor-version":[{"id":3685,"href":"https:\/\/hubertpietka.bialystok.pl\/index.php?rest_route=\/wp\/v2\/pages\/3681\/revisions\/3685"}],"wp:attachment":[{"href":"https:\/\/hubertpietka.bialystok.pl\/index.php?rest_route=%2Fwp%2Fv2%2Fmedia&parent=3681"}],"curies":[{"name":"wp","href":"https:\/\/api.w.org\/{rel}","templated":true}]}}