{"id":3687,"date":"2021-01-22T19:10:09","date_gmt":"2021-01-22T19:10:09","guid":{"rendered":"http:\/\/hubertpietka.bialystok.pl\/?page_id=3687"},"modified":"2021-01-23T13:41:33","modified_gmt":"2021-01-23T13:41:33","slug":"ja-wiem-na-jawie-sen","status":"publish","type":"page","link":"https:\/\/hubertpietka.bialystok.pl\/?page_id=3687","title":{"rendered":"Ja wiem \/ na jawie sen"},"content":{"rendered":"<p><em><strong>Ja wiem \/ na jawie sen<\/strong><\/em><\/p>\n<p>Dzisiaj mia\u0142em sen<br \/>\nSen na jawie<\/p>\n<p>Chcia\u0142bym do\u017cy\u0107 takich czas\u00f3w<br \/>\nGdzie s\u0142owom<br \/>\nPrzywr\u00f3ci si\u0119 ich znaczenie<br \/>\nA warto\u015bci<br \/>\nB\u0119d\u0105 sta\u0142\u0105 niemal fizyczn\u0105<\/p>\n<p><strong>1.<\/strong> Bo gdy ja m\u00f3wi\u0119 <em>A<\/em><br \/>\nTam gdzie <em>B<\/em><br \/>\nOdpowiedzie\u0107 by trzeba<br \/>\nOni m\u00f3wi\u0105 <em>C<\/em><br \/>\nPrzekre\u015blaj\u0105c i znaczenie i intencj\u0119<\/p>\n<p><em>A\u2713B,<\/em><br \/>\n<em>A#B\u2713C<\/em><\/p>\n<p><strong>2.<\/strong> D\u0105\u017c\u0105 do jednego<br \/>\nUnicestwienia mnie<br \/>\nI moich i mojego<\/p>\n<p>Tak jakbym ja by\u0142 winien<br \/>\nTego na co wp\u0142ywu nie mam<\/p>\n<p><strong>\u2713<\/strong><br \/>\nDalej ja w moim na jawie \u015bnie<br \/>\n\u017by\u0142em w pe\u0142nej swobodzie<br \/>\nI ludzie wok\u00f3\u0142<br \/>\nByli po prostu<\/p>\n<p><strong>#<\/strong><br \/>\nA tymczasem<br \/>\nOni chc\u0105 mnie<br \/>\nW klatce s\u0142\u00f3w zamkn\u0105\u0107<\/p>\n<p>Zap\u0119dzi\u0107 w kozi r\u00f3g<br \/>\nPozbawi\u0107 w\u0142asnych dr\u00f3g<\/p>\n<p><a href=\"http:\/\/hubertpietka.bialystok.pl\/wp-content\/uploads\/2021\/01\/IMG_20210122_200751.jpg\"><img loading=\"lazy\" decoding=\"async\" class=\"alignnone size-thumbnail wp-image-3688\" src=\"http:\/\/hubertpietka.bialystok.pl\/wp-content\/uploads\/2021\/01\/IMG_20210122_200751-150x150.jpg\" alt=\"\" width=\"150\" height=\"150\" srcset=\"https:\/\/hubertpietka.bialystok.pl\/wp-content\/uploads\/2021\/01\/IMG_20210122_200751-150x150.jpg 150w, https:\/\/hubertpietka.bialystok.pl\/wp-content\/uploads\/2021\/01\/IMG_20210122_200751-75x75.jpg 75w\" sizes=\"auto, (max-width: 150px) 100vw, 150px\" \/><\/a><\/p>\n<p><em>Na zdj. Krakowskie Mi\u0142osierdzia Bo\u017cego Sanktuarium<\/em><br \/>\n<em>Pozwoli\u0107 by\u0107<\/em><br \/>\n<em>Tak zwyczajnie tak po prostu<\/em><br \/>\n<em>Nie ma wi\u0119kszej mi\u0142o\u015bci<\/em><\/p>\n<p><em>Czy tak wiele trzeba<\/em><br \/>\n<em>Czy tak wiele chc\u0119<\/em><br \/>\n<em>By spe\u0142ni\u0142 si\u0119 m\u00f3j sen<\/em><\/p>\n","protected":false},"excerpt":{"rendered":"<p>Ja wiem \/ na jawie sen Dzisiaj mia\u0142em sen Sen na jawie Chcia\u0142bym do\u017cy\u0107 takich czas\u00f3w Gdzie s\u0142owom Przywr\u00f3ci si\u0119 ich znaczenie A warto\u015bci B\u0119d\u0105&hellip; <\/p>\n","protected":false},"author":1,"featured_media":0,"parent":0,"menu_order":0,"comment_status":"closed","ping_status":"closed","template":"","meta":{"footnotes":""},"class_list":["post-3687","page","type-page","status-publish","hentry"],"_links":{"self":[{"href":"https:\/\/hubertpietka.bialystok.pl\/index.php?rest_route=\/wp\/v2\/pages\/3687","targetHints":{"allow":["GET"]}}],"collection":[{"href":"https:\/\/hubertpietka.bialystok.pl\/index.php?rest_route=\/wp\/v2\/pages"}],"about":[{"href":"https:\/\/hubertpietka.bialystok.pl\/index.php?rest_route=\/wp\/v2\/types\/page"}],"author":[{"embeddable":true,"href":"https:\/\/hubertpietka.bialystok.pl\/index.php?rest_route=\/wp\/v2\/users\/1"}],"replies":[{"embeddable":true,"href":"https:\/\/hubertpietka.bialystok.pl\/index.php?rest_route=%2Fwp%2Fv2%2Fcomments&post=3687"}],"version-history":[{"count":4,"href":"https:\/\/hubertpietka.bialystok.pl\/index.php?rest_route=\/wp\/v2\/pages\/3687\/revisions"}],"predecessor-version":[{"id":3696,"href":"https:\/\/hubertpietka.bialystok.pl\/index.php?rest_route=\/wp\/v2\/pages\/3687\/revisions\/3696"}],"wp:attachment":[{"href":"https:\/\/hubertpietka.bialystok.pl\/index.php?rest_route=%2Fwp%2Fv2%2Fmedia&parent=3687"}],"curies":[{"name":"wp","href":"https:\/\/api.w.org\/{rel}","templated":true}]}}