{"id":3697,"date":"2021-01-24T20:45:21","date_gmt":"2021-01-24T20:45:21","guid":{"rendered":"http:\/\/hubertpietka.bialystok.pl\/?page_id=3697"},"modified":"2021-01-24T20:54:12","modified_gmt":"2021-01-24T20:54:12","slug":"sprzeciw-wobec-aresztowan","status":"publish","type":"page","link":"https:\/\/hubertpietka.bialystok.pl\/?page_id=3697","title":{"rendered":"Sprzeciw wobec \/ *aresztowa\u0144*"},"content":{"rendered":"<p style=\"text-align: left;\"><em><strong>Sprzeciw wobec \/ *aresztowa\u0144*<\/strong><\/em><\/p>\n<p style=\"text-align: right;\"><em>\/ *a reszt\u0119 wam* &#8211; niech odda Pan<\/em><\/p>\n<p>W pewnym dalekim kraju<br \/>\nOpozycjonista zosta\u0142 aresztowany<br \/>\nKiedy powr\u00f3ci\u0142<br \/>\nPo pr\u00f3bie otrucia<\/p>\n<p>Podobny los<br \/>\nSpotka\u0142 \u017con\u0119 jego<br \/>\nI wiele tysi\u0119cy protestuj\u0105cych<br \/>\nW jego obronie<\/p>\n<p>Nie mo\u017cna milcze\u0107<br \/>\nKiedy \u0142amane s\u0105 prawa ludzkie<br \/>\nTo nie jest sprawa tylko jakiego\u015b kraju<br \/>\nKiedy \u0142amane s\u0105 prawa cz\u0142owieka<br \/>\nZrzeszania si\u0119 jakiekolwiek inne religijne czy spo\u0142eczne<\/p>\n<p><a href=\"http:\/\/hubertpietka.bialystok.pl\/wp-content\/uploads\/2021\/01\/IMG_20210124_214127.jpg\"><img loading=\"lazy\" decoding=\"async\" class=\"alignnone size-thumbnail wp-image-3699\" src=\"http:\/\/hubertpietka.bialystok.pl\/wp-content\/uploads\/2021\/01\/IMG_20210124_214127-150x150.jpg\" alt=\"\" width=\"150\" height=\"150\" srcset=\"https:\/\/hubertpietka.bialystok.pl\/wp-content\/uploads\/2021\/01\/IMG_20210124_214127-150x150.jpg 150w, https:\/\/hubertpietka.bialystok.pl\/wp-content\/uploads\/2021\/01\/IMG_20210124_214127-75x75.jpg 75w\" sizes=\"auto, (max-width: 150px) 100vw, 150px\" \/><\/a><\/p>\n<p><em>Na zdj. W krakowskim Sanktuarium Bo\u017cego Mi\u0142osierdzia<\/em><br \/>\n<em>Kaplica bizantyjska<\/em><br \/>\n<em>Chyba tak mog\u0119 j\u0105 nazwa\u0107<\/em><br \/>\n<em>Ze s\u0142owami Bo\u017cego Pisma<\/em><br \/>\n<em>W r\u00f3\u017cnych j\u0119zykach<\/em><\/p>\n","protected":false},"excerpt":{"rendered":"<p>Sprzeciw wobec \/ *aresztowa\u0144* \/ *a reszt\u0119 wam* &#8211; niech odda Pan W pewnym dalekim kraju Opozycjonista zosta\u0142 aresztowany Kiedy powr\u00f3ci\u0142 Po pr\u00f3bie otrucia Podobny&hellip; <\/p>\n","protected":false},"author":1,"featured_media":0,"parent":0,"menu_order":0,"comment_status":"closed","ping_status":"closed","template":"","meta":{"footnotes":""},"class_list":["post-3697","page","type-page","status-publish","hentry"],"_links":{"self":[{"href":"https:\/\/hubertpietka.bialystok.pl\/index.php?rest_route=\/wp\/v2\/pages\/3697","targetHints":{"allow":["GET"]}}],"collection":[{"href":"https:\/\/hubertpietka.bialystok.pl\/index.php?rest_route=\/wp\/v2\/pages"}],"about":[{"href":"https:\/\/hubertpietka.bialystok.pl\/index.php?rest_route=\/wp\/v2\/types\/page"}],"author":[{"embeddable":true,"href":"https:\/\/hubertpietka.bialystok.pl\/index.php?rest_route=\/wp\/v2\/users\/1"}],"replies":[{"embeddable":true,"href":"https:\/\/hubertpietka.bialystok.pl\/index.php?rest_route=%2Fwp%2Fv2%2Fcomments&post=3697"}],"version-history":[{"count":5,"href":"https:\/\/hubertpietka.bialystok.pl\/index.php?rest_route=\/wp\/v2\/pages\/3697\/revisions"}],"predecessor-version":[{"id":3704,"href":"https:\/\/hubertpietka.bialystok.pl\/index.php?rest_route=\/wp\/v2\/pages\/3697\/revisions\/3704"}],"wp:attachment":[{"href":"https:\/\/hubertpietka.bialystok.pl\/index.php?rest_route=%2Fwp%2Fv2%2Fmedia&parent=3697"}],"curies":[{"name":"wp","href":"https:\/\/api.w.org\/{rel}","templated":true}]}}