{"id":3706,"date":"2021-02-04T23:03:25","date_gmt":"2021-02-04T23:03:25","guid":{"rendered":"http:\/\/hubertpietka.bialystok.pl\/?page_id=3706"},"modified":"2021-02-04T23:13:45","modified_gmt":"2021-02-04T23:13:45","slug":"latanie-lata-z-ania","status":"publish","type":"page","link":"https:\/\/hubertpietka.bialystok.pl\/?page_id=3706","title":{"rendered":"Latanie \/ lata z Ani\u0105"},"content":{"rendered":"<p><em><strong>Latanie \/ lata z Ani\u0105<\/strong><\/em><\/p>\n<p>42 lata<br \/>\nWiek Ani<br \/>\nZagro\u017cony bardzo<\/p>\n<p>Nak\u0142adam \u0142at\u0119<br \/>\nNa Ani lata<br \/>\n\u0141at\u0119 ma\u0142\u017ce\u0144stwa<\/p>\n<p>Mam zamiar<br \/>\nBy\u0107 z ni\u0105 lat wiele<\/p>\n<p><a href=\"http:\/\/hubertpietka.bialystok.pl\/wp-content\/uploads\/2021\/02\/IMG_20210204_235730.jpg\"><img loading=\"lazy\" decoding=\"async\" class=\"alignnone size-thumbnail wp-image-3708\" src=\"http:\/\/hubertpietka.bialystok.pl\/wp-content\/uploads\/2021\/02\/IMG_20210204_235730-150x150.jpg\" alt=\"\" width=\"150\" height=\"150\" srcset=\"https:\/\/hubertpietka.bialystok.pl\/wp-content\/uploads\/2021\/02\/IMG_20210204_235730-150x150.jpg 150w, https:\/\/hubertpietka.bialystok.pl\/wp-content\/uploads\/2021\/02\/IMG_20210204_235730-75x75.jpg 75w\" sizes=\"auto, (max-width: 150px) 100vw, 150px\" \/><\/a><\/p>\n<p><em>Na zdj. Matka Bo\u017ca z Lourdes<\/em><br \/>\n<em>W Krakowie na Lea<\/em><br \/>\n<em>Lea te\u017c jest bardzo dobra<\/em><br \/>\n<em>Jutro \u015bw. Agaty<\/em><br \/>\n<em>Jej imi\u0119 dobro znaczy<\/em><br \/>\n<em>\u015aw. Agata z Kat-anii<\/em><br \/>\n<em>Niech kat nie dosi\u0119gnie Ani<\/em><br \/>\n<em>\u017badnego<\/em>\u00a0dobra<br \/>\n<em>Z nas po\u015br\u00f3d<\/em><\/p>\n<p style=\"text-align: center;\"><a href=\"https:\/\/youtu.be\/TRcIEMgppK8\"><strong><em>&#8222;You Raise Me Up&#8221; &#8211; cover by Color Music Children&#8217;s Choir\u00a0<\/em><\/strong><\/a><\/p>\n","protected":false},"excerpt":{"rendered":"<p>Latanie \/ lata z Ani\u0105 42 lata Wiek Ani Zagro\u017cony bardzo Nak\u0142adam \u0142at\u0119 Na Ani lata \u0141at\u0119 ma\u0142\u017ce\u0144stwa Mam zamiar By\u0107 z ni\u0105 lat wiele&hellip; <\/p>\n","protected":false},"author":1,"featured_media":0,"parent":0,"menu_order":0,"comment_status":"closed","ping_status":"closed","template":"","meta":{"footnotes":""},"class_list":["post-3706","page","type-page","status-publish","hentry"],"_links":{"self":[{"href":"https:\/\/hubertpietka.bialystok.pl\/index.php?rest_route=\/wp\/v2\/pages\/3706","targetHints":{"allow":["GET"]}}],"collection":[{"href":"https:\/\/hubertpietka.bialystok.pl\/index.php?rest_route=\/wp\/v2\/pages"}],"about":[{"href":"https:\/\/hubertpietka.bialystok.pl\/index.php?rest_route=\/wp\/v2\/types\/page"}],"author":[{"embeddable":true,"href":"https:\/\/hubertpietka.bialystok.pl\/index.php?rest_route=\/wp\/v2\/users\/1"}],"replies":[{"embeddable":true,"href":"https:\/\/hubertpietka.bialystok.pl\/index.php?rest_route=%2Fwp%2Fv2%2Fcomments&post=3706"}],"version-history":[{"count":3,"href":"https:\/\/hubertpietka.bialystok.pl\/index.php?rest_route=\/wp\/v2\/pages\/3706\/revisions"}],"predecessor-version":[{"id":3710,"href":"https:\/\/hubertpietka.bialystok.pl\/index.php?rest_route=\/wp\/v2\/pages\/3706\/revisions\/3710"}],"wp:attachment":[{"href":"https:\/\/hubertpietka.bialystok.pl\/index.php?rest_route=%2Fwp%2Fv2%2Fmedia&parent=3706"}],"curies":[{"name":"wp","href":"https:\/\/api.w.org\/{rel}","templated":true}]}}