{"id":3714,"date":"2021-02-08T06:17:31","date_gmt":"2021-02-08T06:17:31","guid":{"rendered":"http:\/\/hubertpietka.bialystok.pl\/?page_id=3714"},"modified":"2021-02-08T06:18:37","modified_gmt":"2021-02-08T06:18:37","slug":"ilustracja-ilu-chce-stracic","status":"publish","type":"page","link":"https:\/\/hubertpietka.bialystok.pl\/?page_id=3714","title":{"rendered":"Ilustracja \/ ilu chce straci\u0107"},"content":{"rendered":"<p><em><strong>Ilustracja \/ ilu chce straci\u0107<\/strong><\/em><\/p>\n<p>To B\u00f3g stworzy\u0142 cz\u0142owieka<br \/>\nPowo\u0142uje go do \u017cycia<br \/>\nKa\u017cde \u017cycie jest dobre<br \/>\nI takim jest cz\u0142owiek<br \/>\nDop\u00f3ki nie uczyni si\u0119 kim\u015b odwrotnym<\/p>\n<p>Teodor &#8211; do kobiet<br \/>\n\u2713 Ka\u017cde \u017cycie jest darem Bo\u017cym<\/p>\n<p>Dorota &#8211; do lekarzy<br \/>\n\u2713 Zwa\u017ccie na co przysi\u0119gali\u015bcie<br \/>\n*Do-rota* odwo\u0142uje si\u0119 *do roty&#8221;<\/p>\n<p>Mateusz Lewita &#8211; do lewicuj\u0105cych polityk\u00f3w<br \/>\n[M-[(at)]-eusz]<br \/>\n\u2713 Ka\u017cde \u017cycie jest bezcenne<\/p>\n<p>Wczoraj wspominana by\u0142a \u015bw. Dorota<br \/>\nDzi\u015b \u015bw. Teodora<br \/>\nA Ewangeli\u0119 Mateusza czytam<br \/>\nWszystkie te imiona<br \/>\nTo samo znacz\u0105<\/p>\n<p><a href=\"http:\/\/hubertpietka.bialystok.pl\/wp-content\/uploads\/2021\/02\/IMG_20210208_071450.jpg\"><img loading=\"lazy\" decoding=\"async\" class=\"alignnone size-thumbnail wp-image-3716\" src=\"http:\/\/hubertpietka.bialystok.pl\/wp-content\/uploads\/2021\/02\/IMG_20210208_071450-150x150.jpg\" alt=\"\" width=\"150\" height=\"150\" srcset=\"https:\/\/hubertpietka.bialystok.pl\/wp-content\/uploads\/2021\/02\/IMG_20210208_071450-150x150.jpg 150w, https:\/\/hubertpietka.bialystok.pl\/wp-content\/uploads\/2021\/02\/IMG_20210208_071450-75x75.jpg 75w\" sizes=\"auto, (max-width: 150px) 100vw, 150px\" \/><\/a><\/p>\n<p><em>Na zdj. Matka Bo\u017ca z Guadalupe i Dzieci\u0105tko<\/em><br \/>\n<em>W krakowskim ko\u015bciele palloty\u0144skim<\/em><br \/>\n<em>Ka\u017cde \u017cycie jest Bo\u017cym darem<\/em><br \/>\n<em>Tylko B\u00f3g jest \u017cycia Panem<\/em><\/p>\n","protected":false},"excerpt":{"rendered":"<p>Ilustracja \/ ilu chce straci\u0107 To B\u00f3g stworzy\u0142 cz\u0142owieka Powo\u0142uje go do \u017cycia Ka\u017cde \u017cycie jest dobre I takim jest cz\u0142owiek Dop\u00f3ki nie uczyni si\u0119&hellip; <\/p>\n","protected":false},"author":1,"featured_media":0,"parent":0,"menu_order":0,"comment_status":"closed","ping_status":"closed","template":"","meta":{"footnotes":""},"class_list":["post-3714","page","type-page","status-publish","hentry"],"_links":{"self":[{"href":"https:\/\/hubertpietka.bialystok.pl\/index.php?rest_route=\/wp\/v2\/pages\/3714","targetHints":{"allow":["GET"]}}],"collection":[{"href":"https:\/\/hubertpietka.bialystok.pl\/index.php?rest_route=\/wp\/v2\/pages"}],"about":[{"href":"https:\/\/hubertpietka.bialystok.pl\/index.php?rest_route=\/wp\/v2\/types\/page"}],"author":[{"embeddable":true,"href":"https:\/\/hubertpietka.bialystok.pl\/index.php?rest_route=\/wp\/v2\/users\/1"}],"replies":[{"embeddable":true,"href":"https:\/\/hubertpietka.bialystok.pl\/index.php?rest_route=%2Fwp%2Fv2%2Fcomments&post=3714"}],"version-history":[{"count":3,"href":"https:\/\/hubertpietka.bialystok.pl\/index.php?rest_route=\/wp\/v2\/pages\/3714\/revisions"}],"predecessor-version":[{"id":3718,"href":"https:\/\/hubertpietka.bialystok.pl\/index.php?rest_route=\/wp\/v2\/pages\/3714\/revisions\/3718"}],"wp:attachment":[{"href":"https:\/\/hubertpietka.bialystok.pl\/index.php?rest_route=%2Fwp%2Fv2%2Fmedia&parent=3714"}],"curies":[{"name":"wp","href":"https:\/\/api.w.org\/{rel}","templated":true}]}}