{"id":3720,"date":"2021-02-08T06:50:10","date_gmt":"2021-02-08T06:50:10","guid":{"rendered":"http:\/\/hubertpietka.bialystok.pl\/?page_id=3720"},"modified":"2021-02-08T06:50:10","modified_gmt":"2021-02-08T06:50:10","slug":"system-a-owy-blad-systemowy","status":"publish","type":"page","link":"https:\/\/hubertpietka.bialystok.pl\/?page_id=3720","title":{"rendered":"System-(a)-owy \/ b\u0142\u0105d systemowy"},"content":{"rendered":"<p><em><strong>System-(a)-owy \/ b\u0142\u0105d systemowy<\/strong><\/em><\/p>\n<p style=\"text-align: right;\"><em>*Dla mojej \u017cony<\/em><\/p>\n<p>Nawet je\u015bli<br \/>\nB\u0142\u0105d systemowy wyst\u0105pi\u0142<br \/>\nTo przecie\u017c nie neguje to<br \/>\nInnych element\u00f3w<\/p>\n<p>Co jest prawdziwe<br \/>\nTo jest prawdziwe<br \/>\nNawet je\u015bli ma jak\u0105\u015b nadbudow\u0119<\/p>\n<p>Poza tym b\u0142\u0119dy<br \/>\nS\u0105 wpisane w \u017cycie<br \/>\nNie przekre\u015blaj\u0105 one<br \/>\nPe\u0142nego spektrum ludzkiego bycia<\/p>\n<p><a href=\"http:\/\/hubertpietka.bialystok.pl\/wp-content\/uploads\/2021\/02\/IMG_20210208_071454.jpg\"><img loading=\"lazy\" decoding=\"async\" class=\"alignnone size-thumbnail wp-image-3721\" src=\"http:\/\/hubertpietka.bialystok.pl\/wp-content\/uploads\/2021\/02\/IMG_20210208_071454-150x150.jpg\" alt=\"\" width=\"150\" height=\"150\" srcset=\"https:\/\/hubertpietka.bialystok.pl\/wp-content\/uploads\/2021\/02\/IMG_20210208_071454-150x150.jpg 150w, https:\/\/hubertpietka.bialystok.pl\/wp-content\/uploads\/2021\/02\/IMG_20210208_071454-75x75.jpg 75w\" sizes=\"auto, (max-width: 150px) 100vw, 150px\" \/><\/a><\/p>\n<p>Na zdj. Jezus Mi\u0142osierny<br \/>\nW ko\u015bciele pallotyn\u00f3w<br \/>\nJezu ufam Tobie<br \/>\nNawet je\u015bli nie wszystko<br \/>\nGra we mnie odpowiednio<\/p>\n<p style=\"text-align: center;\"><em><strong><a href=\"https:\/\/youtu.be\/JU63ekaI-qA\">\u0141ukasz '\u0141yczek&#8217; \u0141yczkowski &#8211; Niech mi\u0142o\u015b\u0107 ro\u015bnie w nas<\/a><\/strong><\/em><\/p>\n","protected":false},"excerpt":{"rendered":"<p>System-(a)-owy \/ b\u0142\u0105d systemowy *Dla mojej \u017cony Nawet je\u015bli B\u0142\u0105d systemowy wyst\u0105pi\u0142 To przecie\u017c nie neguje to Innych element\u00f3w Co jest prawdziwe To jest prawdziwe&hellip; <\/p>\n","protected":false},"author":1,"featured_media":0,"parent":0,"menu_order":0,"comment_status":"closed","ping_status":"closed","template":"","meta":{"footnotes":""},"class_list":["post-3720","page","type-page","status-publish","hentry"],"_links":{"self":[{"href":"https:\/\/hubertpietka.bialystok.pl\/index.php?rest_route=\/wp\/v2\/pages\/3720","targetHints":{"allow":["GET"]}}],"collection":[{"href":"https:\/\/hubertpietka.bialystok.pl\/index.php?rest_route=\/wp\/v2\/pages"}],"about":[{"href":"https:\/\/hubertpietka.bialystok.pl\/index.php?rest_route=\/wp\/v2\/types\/page"}],"author":[{"embeddable":true,"href":"https:\/\/hubertpietka.bialystok.pl\/index.php?rest_route=\/wp\/v2\/users\/1"}],"replies":[{"embeddable":true,"href":"https:\/\/hubertpietka.bialystok.pl\/index.php?rest_route=%2Fwp%2Fv2%2Fcomments&post=3720"}],"version-history":[{"count":1,"href":"https:\/\/hubertpietka.bialystok.pl\/index.php?rest_route=\/wp\/v2\/pages\/3720\/revisions"}],"predecessor-version":[{"id":3722,"href":"https:\/\/hubertpietka.bialystok.pl\/index.php?rest_route=\/wp\/v2\/pages\/3720\/revisions\/3722"}],"wp:attachment":[{"href":"https:\/\/hubertpietka.bialystok.pl\/index.php?rest_route=%2Fwp%2Fv2%2Fmedia&parent=3720"}],"curies":[{"name":"wp","href":"https:\/\/api.w.org\/{rel}","templated":true}]}}