{"id":3725,"date":"2021-02-08T20:23:16","date_gmt":"2021-02-08T20:23:16","guid":{"rendered":"http:\/\/hubertpietka.bialystok.pl\/?page_id=3725"},"modified":"2021-02-08T20:23:16","modified_gmt":"2021-02-08T20:23:16","slug":"imie-mej-milosci-ma-imie-mojej-zony","status":"publish","type":"page","link":"https:\/\/hubertpietka.bialystok.pl\/?page_id=3725","title":{"rendered":"Imi\u0119 mej mi\u0142o\u015bci \/ ma imi\u0119 mojej \u017cony"},"content":{"rendered":"<p><em><strong>Imi\u0119 mej mi\u0142o\u015bci \/ ma imi\u0119 mojej \u017cony<\/strong><\/em><\/p>\n<p><strong>Ad.<\/strong><\/p>\n<p>Mi\u0142o\u015b\u0107 u mnie<br \/>\nMa tylko jedno imi\u0119<\/p>\n<p>Nie Ewa nie Joanna<br \/>\nA Anna<br \/>\nInna \u017cadna<\/p>\n<p>Mi\u0142o\u015b\u0107 ta ludzka<br \/>\nNajprostsza<br \/>\nZakorzeniona te\u017c w Bogu<br \/>\nMa imi\u0119 mojej \u017cony<\/p>\n<p><strong>Ps.<\/strong><\/p>\n<p>Co nie znaczy<br \/>\n\u017be dla innych<br \/>\nW mojej mi\u0142o\u015bci<br \/>\nNie ma miejsca<br \/>\nLecz wszystko<br \/>\nW kolejno\u015bci odpowiedniej<br \/>\nMoja \u017cona<br \/>\nPo Bogu pierwsza<br \/>\nW porz\u0105dku ludzkim<\/p>\n<p><a href=\"http:\/\/hubertpietka.bialystok.pl\/wp-content\/uploads\/2021\/02\/IMG_20210208_201721.jpg\"><img loading=\"lazy\" decoding=\"async\" class=\"alignnone size-thumbnail wp-image-3726\" src=\"http:\/\/hubertpietka.bialystok.pl\/wp-content\/uploads\/2021\/02\/IMG_20210208_201721-150x150.jpg\" alt=\"\" width=\"150\" height=\"150\" srcset=\"https:\/\/hubertpietka.bialystok.pl\/wp-content\/uploads\/2021\/02\/IMG_20210208_201721-150x150.jpg 150w, https:\/\/hubertpietka.bialystok.pl\/wp-content\/uploads\/2021\/02\/IMG_20210208_201721-75x75.jpg 75w\" sizes=\"auto, (max-width: 150px) 100vw, 150px\" \/><\/a><\/p>\n<p><em>Na zdj. Matka Bo\u017ca Pocieszenia<\/em><br \/>\n<em>W ko\u015bciele krakowskim pallotyn\u00f3w<\/em><br \/>\n<em>Niech Ona uk\u0142ada wszystko<\/em><br \/>\n<em>W porz\u0105dku mi\u0142o\u015bci najw\u0142a\u015bciwszym<\/em><\/p>\n<p style=\"text-align: center;\"><a href=\"https:\/\/youtu.be\/6fbM_q-OCCc\"><strong><em>Andrzej Sikorski i Maja Sikorowska &#8211; Piosenka na koniec \u015bwiata<\/em><\/strong><\/a><\/p>\n","protected":false},"excerpt":{"rendered":"<p>Imi\u0119 mej mi\u0142o\u015bci \/ ma imi\u0119 mojej \u017cony Ad. Mi\u0142o\u015b\u0107 u mnie Ma tylko jedno imi\u0119 Nie Ewa nie Joanna A Anna Inna \u017cadna Mi\u0142o\u015b\u0107&hellip; <\/p>\n","protected":false},"author":1,"featured_media":0,"parent":0,"menu_order":0,"comment_status":"closed","ping_status":"closed","template":"","meta":{"footnotes":""},"class_list":["post-3725","page","type-page","status-publish","hentry"],"_links":{"self":[{"href":"https:\/\/hubertpietka.bialystok.pl\/index.php?rest_route=\/wp\/v2\/pages\/3725","targetHints":{"allow":["GET"]}}],"collection":[{"href":"https:\/\/hubertpietka.bialystok.pl\/index.php?rest_route=\/wp\/v2\/pages"}],"about":[{"href":"https:\/\/hubertpietka.bialystok.pl\/index.php?rest_route=\/wp\/v2\/types\/page"}],"author":[{"embeddable":true,"href":"https:\/\/hubertpietka.bialystok.pl\/index.php?rest_route=\/wp\/v2\/users\/1"}],"replies":[{"embeddable":true,"href":"https:\/\/hubertpietka.bialystok.pl\/index.php?rest_route=%2Fwp%2Fv2%2Fcomments&post=3725"}],"version-history":[{"count":1,"href":"https:\/\/hubertpietka.bialystok.pl\/index.php?rest_route=\/wp\/v2\/pages\/3725\/revisions"}],"predecessor-version":[{"id":3727,"href":"https:\/\/hubertpietka.bialystok.pl\/index.php?rest_route=\/wp\/v2\/pages\/3725\/revisions\/3727"}],"wp:attachment":[{"href":"https:\/\/hubertpietka.bialystok.pl\/index.php?rest_route=%2Fwp%2Fv2%2Fmedia&parent=3725"}],"curies":[{"name":"wp","href":"https:\/\/api.w.org\/{rel}","templated":true}]}}