{"id":3739,"date":"2021-02-14T10:48:23","date_gmt":"2021-02-14T10:48:23","guid":{"rendered":"http:\/\/hubertpietka.bialystok.pl\/?page_id=3739"},"modified":"2021-02-14T12:11:53","modified_gmt":"2021-02-14T12:11:53","slug":"zyczenie-walentynkowe-na-codzien","status":"publish","type":"page","link":"https:\/\/hubertpietka.bialystok.pl\/?page_id=3739","title":{"rendered":"\u017byczenie walentynkowe \/ na codzie\u0144"},"content":{"rendered":"<p><em><strong>\u017byczenie walentynkowe \/ na codzie\u0144<\/strong><\/em><\/p>\n<p>Ka\u017cdego dnia<br \/>\nZrobi\u0107 dobrego co\u015b<br \/>\nPomodli\u0107 si\u0119<\/p>\n<p>Ale najwa\u017cniejsze<br \/>\n\u017be ty jeste\u015b<\/p>\n<p>Ty\u015b mi\u0142o\u015b\u0107 ma<br \/>\n\u017bona moja<\/p>\n<p><a href=\"http:\/\/hubertpietka.bialystok.pl\/wp-content\/uploads\/2021\/02\/IMG_20210214_114517.jpg\"><img loading=\"lazy\" decoding=\"async\" class=\"alignnone size-thumbnail wp-image-3741\" src=\"http:\/\/hubertpietka.bialystok.pl\/wp-content\/uploads\/2021\/02\/IMG_20210214_114517-150x150.jpg\" alt=\"\" width=\"150\" height=\"150\" srcset=\"https:\/\/hubertpietka.bialystok.pl\/wp-content\/uploads\/2021\/02\/IMG_20210214_114517-150x150.jpg 150w, https:\/\/hubertpietka.bialystok.pl\/wp-content\/uploads\/2021\/02\/IMG_20210214_114517-75x75.jpg 75w\" sizes=\"auto, (max-width: 150px) 100vw, 150px\" \/><\/a><\/p>\n<p>Na zdj. Tabernakulum w ko\u015bciele cysterskim<br \/>\nW J\u0119drzejowie w kaplicy adoracji<br \/>\nW Mi\u0142osierdzia Bo\u017cego blasku<br \/>\nDwa go\u0142\u0105bki czerpi\u0105 z \u0142aski<br \/>\nKomunii Eucharystycznej<\/p>\n<p>W ma\u0142\u017ce\u0144stwie tylko<br \/>\nMo\u017cna patrze\u0107 zgodnie<br \/>\nW jednym kierunku<br \/>\nTak do ko\u0144ca<\/p>\n<p>Sprawdza si\u0119 to szczeg\u00f3lnie<br \/>\nPodczas adoracji eucharystycznej ma\u0142\u017ce\u0144skiej<br \/>\nWsp\u00f3lnej<\/p>\n","protected":false},"excerpt":{"rendered":"<p>\u017byczenie walentynkowe \/ na codzie\u0144 Ka\u017cdego dnia Zrobi\u0107 dobrego co\u015b Pomodli\u0107 si\u0119 Ale najwa\u017cniejsze \u017be ty jeste\u015b Ty\u015b mi\u0142o\u015b\u0107 ma \u017bona moja Na zdj. Tabernakulum&hellip; <\/p>\n","protected":false},"author":1,"featured_media":0,"parent":0,"menu_order":0,"comment_status":"closed","ping_status":"closed","template":"","meta":{"footnotes":""},"class_list":["post-3739","page","type-page","status-publish","hentry"],"_links":{"self":[{"href":"https:\/\/hubertpietka.bialystok.pl\/index.php?rest_route=\/wp\/v2\/pages\/3739","targetHints":{"allow":["GET"]}}],"collection":[{"href":"https:\/\/hubertpietka.bialystok.pl\/index.php?rest_route=\/wp\/v2\/pages"}],"about":[{"href":"https:\/\/hubertpietka.bialystok.pl\/index.php?rest_route=\/wp\/v2\/types\/page"}],"author":[{"embeddable":true,"href":"https:\/\/hubertpietka.bialystok.pl\/index.php?rest_route=\/wp\/v2\/users\/1"}],"replies":[{"embeddable":true,"href":"https:\/\/hubertpietka.bialystok.pl\/index.php?rest_route=%2Fwp%2Fv2%2Fcomments&post=3739"}],"version-history":[{"count":5,"href":"https:\/\/hubertpietka.bialystok.pl\/index.php?rest_route=\/wp\/v2\/pages\/3739\/revisions"}],"predecessor-version":[{"id":3751,"href":"https:\/\/hubertpietka.bialystok.pl\/index.php?rest_route=\/wp\/v2\/pages\/3739\/revisions\/3751"}],"wp:attachment":[{"href":"https:\/\/hubertpietka.bialystok.pl\/index.php?rest_route=%2Fwp%2Fv2%2Fmedia&parent=3739"}],"curies":[{"name":"wp","href":"https:\/\/api.w.org\/{rel}","templated":true}]}}