{"id":3746,"date":"2021-02-14T12:01:33","date_gmt":"2021-02-14T12:01:33","guid":{"rendered":"http:\/\/hubertpietka.bialystok.pl\/?page_id=3746"},"modified":"2021-02-14T12:07:31","modified_gmt":"2021-02-14T12:07:31","slug":"rozwazanie-na-kanwie-ksiegi-rodzaju","status":"publish","type":"page","link":"https:\/\/hubertpietka.bialystok.pl\/?page_id=3746","title":{"rendered":"Rozwa\u017canie \/ na kanwie Ksi\u0119gi Rodzaju"},"content":{"rendered":"<p><em><strong>Rozwa\u017canie \/ na kanwie Ksi\u0119gi Rodzaju<\/strong><\/em><\/p>\n<p><strong>1.<\/strong><br \/>\nKiedy B\u00f3g pierwszych ludzi stworzy\u0142<br \/>\nByli oni jak anio\u0142owie Bo\u017cy<br \/>\nUmie\u015bci\u0142 ich w ziemskim raju<br \/>\nPozwoli\u0142 im cieszy\u0107 si\u0119 wszystkim<br \/>\nPoza jednym nakazem<\/p>\n<p>Niestety pierwsi rodzice<br \/>\nZa podszeptem diab\u0142a<br \/>\nTo przekroczyli<br \/>\n\u0141ami\u0105c barier\u0119 cielesno\u015bci<br \/>\nSi\u0119 do siebie zbli\u017cyli<\/p>\n<p>Mimo \u017ce na ziemi<br \/>\nJedynymi lud\u017ami byli<br \/>\nMieli by\u0107 jak anio\u0142owie<br \/>\nNie byli z ustanowienia Bo\u017cego jeszcze<br \/>\nMa\u0142\u017ce\u0144stwem<\/p>\n<p>Na tym polega\u0107 m\u00f3g\u0142<br \/>\nPierworodnych ludzi grzech<\/p>\n<p><strong>2.<\/strong><br \/>\nB\u00f3g zawo\u0142a\u0142 do Adama<br \/>\nGdzie jeste\u015b<br \/>\nUkry\u0142em si\u0119<br \/>\nBo jestem nagi<br \/>\nOdpowiedzia\u0142<\/p>\n<p>Sk\u0105d ten wstyd nagle u niego<br \/>\nWzgl\u0119dem cielesno\u015bci swojej<br \/>\nI wzgl\u0119dem Ewy<\/p>\n<p>A potem B\u00f3g sporz\u0105dzi\u0142<br \/>\nOdzienie pierwszym rodzicom<br \/>\nNakry\u0142 wstyd ich<br \/>\nWobec siebie<br \/>\nI wzgl\u0119dem Niego<\/p>\n<p><strong>3.<\/strong><br \/>\nDo szatana za\u015b rzek\u0142<br \/>\nPoniewa\u017c ich skusi\u0142e\u015b<br \/>\nPotomstwo niewiasty<br \/>\nG\u0142ow\u0119 ci zmia\u017cd\u017cy<br \/>\nA ty zmia\u017cd\u017cysz mu piete<\/p>\n<p>Piete<br \/>\nCzyli mi\u0142osierdzie Bo\u017ce<br \/>\n\u0179le niew\u0142a\u015bciwie fa\u0142szywie poj\u0119te<\/p>\n<p>Na takiej zasadzie<br \/>\n\u017be grzech mo\u017ce by\u0107 bez kary<br \/>\n\u017be bez nawr\u00f3cenia<br \/>\nMo\u017cna trwa\u0107 w Bogu<\/p>\n<p><strong>4.<\/strong><br \/>\nCo Ewa przez niewierno\u015b\u0107 utraci\u0142a<br \/>\nTo Maryja przez czysto\u015b\u0107 pozyska\u0142a<br \/>\nJej potomstwo<\/p>\n<p>Maryja nieskalana<br \/>\nW swej cielesno\u015bci<br \/>\nPocz\u0119\u0142a Bo\u017cego Syna<br \/>\nNowego Adama<br \/>\nMoc\u0105 Ducha \u015awi\u0119tego<\/p>\n<p><a href=\"http:\/\/hubertpietka.bialystok.pl\/wp-content\/uploads\/2021\/02\/IMG_20210214_125732.jpg\"><img loading=\"lazy\" decoding=\"async\" class=\"alignnone size-thumbnail wp-image-3747\" src=\"http:\/\/hubertpietka.bialystok.pl\/wp-content\/uploads\/2021\/02\/IMG_20210214_125732-150x150.jpg\" alt=\"\" width=\"150\" height=\"150\" srcset=\"https:\/\/hubertpietka.bialystok.pl\/wp-content\/uploads\/2021\/02\/IMG_20210214_125732-150x150.jpg 150w, https:\/\/hubertpietka.bialystok.pl\/wp-content\/uploads\/2021\/02\/IMG_20210214_125732-75x75.jpg 75w\" sizes=\"auto, (max-width: 150px) 100vw, 150px\" \/><\/a><\/p>\n<p><em>Na zdj. Eucharystyczny i Mi\u0142osierny Jezus<\/em><br \/>\n<em>W kaplicy adoracji<\/em><br \/>\n<em>J\u0119drzejowskiego klasztoru cysters\u00f3w<\/em><\/p>\n<p><em>B\u00f3g w swym mi\u0142osierdziu<\/em><br \/>\n<em>Wychodzi na przeciw cz\u0142owieka<\/em><br \/>\n<em>Na niego z mi\u0142o\u015bci\u0105 czeka<\/em><\/p>\n<p><em>Lecz czy cz\u0142owiek<\/em><br \/>\n<em>Zechce z tego skorzysta\u0107<\/em><br \/>\n<em>Czy ten dar odrzuci<\/em><\/p>\n<p><em>Od tego zale\u017cy<\/em><br \/>\n<em>\u0141aska mi\u0142osierdzia Bo\u017cego<\/em><br \/>\n<em>Cz\u0142owiek musi si\u0119 zechcie\u0107 nawr\u00f3ci\u0107<\/em><\/p>\n","protected":false},"excerpt":{"rendered":"<p>Rozwa\u017canie \/ na kanwie Ksi\u0119gi Rodzaju 1. Kiedy B\u00f3g pierwszych ludzi stworzy\u0142 Byli oni jak anio\u0142owie Bo\u017cy Umie\u015bci\u0142 ich w ziemskim raju Pozwoli\u0142 im cieszy\u0107&hellip; <\/p>\n","protected":false},"author":1,"featured_media":0,"parent":0,"menu_order":0,"comment_status":"closed","ping_status":"closed","template":"","meta":{"footnotes":""},"class_list":["post-3746","page","type-page","status-publish","hentry"],"_links":{"self":[{"href":"https:\/\/hubertpietka.bialystok.pl\/index.php?rest_route=\/wp\/v2\/pages\/3746","targetHints":{"allow":["GET"]}}],"collection":[{"href":"https:\/\/hubertpietka.bialystok.pl\/index.php?rest_route=\/wp\/v2\/pages"}],"about":[{"href":"https:\/\/hubertpietka.bialystok.pl\/index.php?rest_route=\/wp\/v2\/types\/page"}],"author":[{"embeddable":true,"href":"https:\/\/hubertpietka.bialystok.pl\/index.php?rest_route=\/wp\/v2\/users\/1"}],"replies":[{"embeddable":true,"href":"https:\/\/hubertpietka.bialystok.pl\/index.php?rest_route=%2Fwp%2Fv2%2Fcomments&post=3746"}],"version-history":[{"count":3,"href":"https:\/\/hubertpietka.bialystok.pl\/index.php?rest_route=\/wp\/v2\/pages\/3746\/revisions"}],"predecessor-version":[{"id":3750,"href":"https:\/\/hubertpietka.bialystok.pl\/index.php?rest_route=\/wp\/v2\/pages\/3746\/revisions\/3750"}],"wp:attachment":[{"href":"https:\/\/hubertpietka.bialystok.pl\/index.php?rest_route=%2Fwp%2Fv2%2Fmedia&parent=3746"}],"curies":[{"name":"wp","href":"https:\/\/api.w.org\/{rel}","templated":true}]}}