{"id":3753,"date":"2021-02-22T07:10:46","date_gmt":"2021-02-22T07:10:46","guid":{"rendered":"http:\/\/hubertpietka.bialystok.pl\/?page_id=3753"},"modified":"2021-02-22T22:45:08","modified_gmt":"2021-02-22T22:45:08","slug":"trasa-i-zycie-z-patronka-wielkopostnych-nawrocen","status":"publish","type":"page","link":"https:\/\/hubertpietka.bialystok.pl\/?page_id=3753","title":{"rendered":"Trasa i \u017cycie \/ z Patronk\u0105 wielkopostnych nawr\u00f3ce\u0144"},"content":{"rendered":"<p><em><strong>Trasa i \u017cycie \/ z Patronk\u0105 wielkopostnych nawr\u00f3ce\u0144<\/strong><\/em><\/p>\n<p>\u017bycie czasem<br \/>\nPrzypomina tras\u0119<br \/>\nW noc ciemn\u0105<br \/>\nWe mgle i po lodzie<br \/>\nSamochodem<\/p>\n<p>Trzeba jecha\u0107<br \/>\nZ r\u00f3wn\u0105 pr\u0119dko\u015bci\u0105<br \/>\nNiezbyt szybko<br \/>\nUwa\u017ca\u0107 na zakr\u0119tach<br \/>\nI nie robi\u0107 gwa\u0142townych ruch\u00f3w kierownic\u0105<\/p>\n<p>Wbrew pozorom<br \/>\nMg\u0142a pomaga<br \/>\nPodczas jazdy po lodzie noc\u0105<br \/>\nBo cz\u0142owiek<br \/>\nMusi trzyma\u0107 si\u0119 na wodzy<\/p>\n<p>Wielki Post<br \/>\nPrzypomina troch\u0119<br \/>\nTak\u0105 sytuacj\u0119 tak\u017ce<\/p>\n<p>Bo<\/p>\n<p>Mg\u0142a to post<br \/>\nWyrzeczenia<br \/>\nBy na wodzy<br \/>\nTrzyma\u0107 pragnienia<\/p>\n<p>Modlitwa wyznacza<br \/>\nStabiln\u0105 tras\u0119<\/p>\n<p>A na lodzie<br \/>\nTrzeba pokusy poskromi\u0107<br \/>\nJak t\u0105 pr\u0119dko\u015bci<br \/>\nW samochodzie<\/p>\n<p>A noc<br \/>\nTym c\u00f3\u017c<br \/>\nKa\u017cda pustynia<br \/>\nMo\u017ce by\u0107<\/p>\n<p><a href=\"http:\/\/hubertpietka.bialystok.pl\/wp-content\/uploads\/2021\/02\/IMG_20210222_081423.jpg\"><img loading=\"lazy\" decoding=\"async\" class=\"alignnone size-thumbnail wp-image-3766\" src=\"http:\/\/hubertpietka.bialystok.pl\/wp-content\/uploads\/2021\/02\/IMG_20210222_081423-150x150.jpg\" alt=\"\" width=\"150\" height=\"150\" srcset=\"https:\/\/hubertpietka.bialystok.pl\/wp-content\/uploads\/2021\/02\/IMG_20210222_081423-150x150.jpg 150w, https:\/\/hubertpietka.bialystok.pl\/wp-content\/uploads\/2021\/02\/IMG_20210222_081423-75x75.jpg 75w\" sizes=\"auto, (max-width: 150px) 100vw, 150px\" \/><\/a><\/p>\n<p><em>Na zdj. Maryja na drzewie<\/em><br \/>\n<em>Przy ko\u015bciele dominika\u0144skim w Sandomierzu<\/em><br \/>\n<em>Patronko wielkopostnych nawr\u00f3ce\u0144<\/em><br \/>\n<em>Pomagaj to co z\u0142e<\/em><br \/>\n<em>Ukr\u00f3ci\u0107<\/em><\/p>\n<p style=\"text-align: center;\"><a href=\"https:\/\/youtu.be\/HQuFUUuSEq0\"><b><i>Amicus Dei &#8211; Matka &#8211; Je\u015bli masz chwile smutne w swym \u017cyciu<\/i><\/b><\/a><\/p>\n","protected":false},"excerpt":{"rendered":"<p>Trasa i \u017cycie \/ z Patronk\u0105 wielkopostnych nawr\u00f3ce\u0144 \u017bycie czasem Przypomina tras\u0119 W noc ciemn\u0105 We mgle i po lodzie Samochodem Trzeba jecha\u0107 Z r\u00f3wn\u0105&hellip; <\/p>\n","protected":false},"author":1,"featured_media":0,"parent":0,"menu_order":0,"comment_status":"closed","ping_status":"closed","template":"","meta":{"footnotes":""},"class_list":["post-3753","page","type-page","status-publish","hentry"],"_links":{"self":[{"href":"https:\/\/hubertpietka.bialystok.pl\/index.php?rest_route=\/wp\/v2\/pages\/3753","targetHints":{"allow":["GET"]}}],"collection":[{"href":"https:\/\/hubertpietka.bialystok.pl\/index.php?rest_route=\/wp\/v2\/pages"}],"about":[{"href":"https:\/\/hubertpietka.bialystok.pl\/index.php?rest_route=\/wp\/v2\/types\/page"}],"author":[{"embeddable":true,"href":"https:\/\/hubertpietka.bialystok.pl\/index.php?rest_route=\/wp\/v2\/users\/1"}],"replies":[{"embeddable":true,"href":"https:\/\/hubertpietka.bialystok.pl\/index.php?rest_route=%2Fwp%2Fv2%2Fcomments&post=3753"}],"version-history":[{"count":7,"href":"https:\/\/hubertpietka.bialystok.pl\/index.php?rest_route=\/wp\/v2\/pages\/3753\/revisions"}],"predecessor-version":[{"id":3772,"href":"https:\/\/hubertpietka.bialystok.pl\/index.php?rest_route=\/wp\/v2\/pages\/3753\/revisions\/3772"}],"wp:attachment":[{"href":"https:\/\/hubertpietka.bialystok.pl\/index.php?rest_route=%2Fwp%2Fv2%2Fmedia&parent=3753"}],"curies":[{"name":"wp","href":"https:\/\/api.w.org\/{rel}","templated":true}]}}