{"id":3756,"date":"2021-02-22T07:17:19","date_gmt":"2021-02-22T07:17:19","guid":{"rendered":"http:\/\/hubertpietka.bialystok.pl\/?page_id=3756"},"modified":"2021-02-22T22:50:45","modified_gmt":"2021-02-22T22:50:45","slug":"on-no","status":"publish","type":"page","link":"https:\/\/hubertpietka.bialystok.pl\/?page_id=3756","title":{"rendered":"On &#8211; no"},"content":{"rendered":"<p><em><strong>On &#8211; no<\/strong><\/em><\/p>\n<p>On &#8211; no<br \/>\nWm\u00f3wi\u0107 pr\u00f3buje<br \/>\n\u017be cz\u0142owiek<br \/>\nNa \u017cadne dobro<br \/>\nNie zas\u0142uguje<\/p>\n<p>On &#8211; no obwinia<br \/>\nZa ca\u0142e z\u0142o<br \/>\nOskar\u017ca cz\u0142owieka<br \/>\nZa wszystko<\/p>\n<p>Wykaza\u0107 chce<br \/>\n\u017be cz\u0142owiek<br \/>\nOdpowiedzialny jest<br \/>\nZa to \u017ce innym jest na przyk\u0142ad gorzej<\/p>\n<p>\u017be jakby go nie by\u0142o<br \/>\nTo by innym lepiej by\u0142o<br \/>\nA tymczasem jest<br \/>\nWprost przeciwnie<\/p>\n<p>Dialektyk\u0105 jego dzia\u0142ania<br \/>\nJest oskar\u017canie<br \/>\nObwinianie<br \/>\nSpowodowanie tego by<br \/>\nCz\u0142owiek zosta\u0142 odrzucony<\/p>\n<p>Cokolwiek si\u0119 zrobi powie<br \/>\nJemu nie pasuje<br \/>\nZnajdzie tysi\u0105ce dowod\u00f3w<br \/>\nBy powiedzie\u0107 na odwr\u00f3t<\/p>\n<p>Fa\u0142szywie<br \/>\nK\u0142amliwie<br \/>\nNie wa\u017cne<br \/>\nByle jego by\u0142o na wierzchu<\/p>\n<p><a href=\"http:\/\/hubertpietka.bialystok.pl\/wp-content\/uploads\/2021\/02\/IMG_20210222_081448.jpg\"><img loading=\"lazy\" decoding=\"async\" class=\"alignnone size-thumbnail wp-image-3757\" src=\"http:\/\/hubertpietka.bialystok.pl\/wp-content\/uploads\/2021\/02\/IMG_20210222_081448-150x150.jpg\" alt=\"\" width=\"150\" height=\"150\" srcset=\"https:\/\/hubertpietka.bialystok.pl\/wp-content\/uploads\/2021\/02\/IMG_20210222_081448-150x150.jpg 150w, https:\/\/hubertpietka.bialystok.pl\/wp-content\/uploads\/2021\/02\/IMG_20210222_081448-75x75.jpg 75w\" sizes=\"auto, (max-width: 150px) 100vw, 150px\" \/><\/a><\/p>\n<p><em>Na zdj. Serce w krzy\u017cu<\/em><br \/>\n<em>C\u00f3\u017c B\u00f3g dopu\u015bci\u0142<\/em><br \/>\n<em>B\u00f3g o tym wie<\/em><br \/>\n<em>Tak czy inaczej<\/em><br \/>\n<em>Niech objawia<\/em><br \/>\n<em>Chwa\u0142a Bo\u017ca si\u0119<\/em><br \/>\n<em>Tak si\u0119 stanie<\/em><\/p>\n","protected":false},"excerpt":{"rendered":"<p>On &#8211; no On &#8211; no Wm\u00f3wi\u0107 pr\u00f3buje \u017be cz\u0142owiek Na \u017cadne dobro Nie zas\u0142uguje On &#8211; no obwinia Za ca\u0142e z\u0142o Oskar\u017ca cz\u0142owieka Za&hellip; <\/p>\n","protected":false},"author":1,"featured_media":0,"parent":0,"menu_order":0,"comment_status":"closed","ping_status":"closed","template":"","meta":{"footnotes":""},"class_list":["post-3756","page","type-page","status-publish","hentry"],"_links":{"self":[{"href":"https:\/\/hubertpietka.bialystok.pl\/index.php?rest_route=\/wp\/v2\/pages\/3756","targetHints":{"allow":["GET"]}}],"collection":[{"href":"https:\/\/hubertpietka.bialystok.pl\/index.php?rest_route=\/wp\/v2\/pages"}],"about":[{"href":"https:\/\/hubertpietka.bialystok.pl\/index.php?rest_route=\/wp\/v2\/types\/page"}],"author":[{"embeddable":true,"href":"https:\/\/hubertpietka.bialystok.pl\/index.php?rest_route=\/wp\/v2\/users\/1"}],"replies":[{"embeddable":true,"href":"https:\/\/hubertpietka.bialystok.pl\/index.php?rest_route=%2Fwp%2Fv2%2Fcomments&post=3756"}],"version-history":[{"count":4,"href":"https:\/\/hubertpietka.bialystok.pl\/index.php?rest_route=\/wp\/v2\/pages\/3756\/revisions"}],"predecessor-version":[{"id":3773,"href":"https:\/\/hubertpietka.bialystok.pl\/index.php?rest_route=\/wp\/v2\/pages\/3756\/revisions\/3773"}],"wp:attachment":[{"href":"https:\/\/hubertpietka.bialystok.pl\/index.php?rest_route=%2Fwp%2Fv2%2Fmedia&parent=3756"}],"curies":[{"name":"wp","href":"https:\/\/api.w.org\/{rel}","templated":true}]}}