{"id":3762,"date":"2021-02-22T07:28:16","date_gmt":"2021-02-22T07:28:16","guid":{"rendered":"http:\/\/hubertpietka.bialystok.pl\/?page_id=3762"},"modified":"2021-02-22T07:28:16","modified_gmt":"2021-02-22T07:28:16","slug":"poczucie-nedzy-a-boze-milosierdzie","status":"publish","type":"page","link":"https:\/\/hubertpietka.bialystok.pl\/?page_id=3762","title":{"rendered":"Poczucie n\u0119dzy \/ a Bo\u017ce mi\u0142osierdzie"},"content":{"rendered":"<p><em><strong>Poczucie n\u0119dzy \/ a Bo\u017ce mi\u0142osierdzie<\/strong><\/em><\/p>\n<p>Dzi\u0119kuj\u0119 Ci Panie za momenty<br \/>\nW kt\u00f3rych u\u015bwiadamiam sobie w\u0142asn\u0105 n\u0119dz\u0119<\/p>\n<p>\/ Tylko B\u00f3g jest ca\u0142kowicie<br \/>\n\u015awi\u0119ty \/<\/p>\n<p>\u017be wszystko uprzedza Bo\u017ce mi\u0142osierdzie<br \/>\nI \u017ce w nim zwie\u0144czenie rzeczy wszystkich<\/p>\n<p>I za to Panie<br \/>\n\u017be nie musz\u0119 by\u0107 doskona\u0142y<\/p>\n<p>\/ \u017be to nawet lepiej<br \/>\nLiczy\u0107 bardziej na Bo\u017ce mi\u0142osierdzie<br \/>\nNi\u017c na siebie \/<\/p>\n<p><a href=\"http:\/\/hubertpietka.bialystok.pl\/wp-content\/uploads\/2021\/02\/IMG_20210222_081438.jpg\"><img loading=\"lazy\" decoding=\"async\" class=\"alignnone size-thumbnail wp-image-3763\" src=\"http:\/\/hubertpietka.bialystok.pl\/wp-content\/uploads\/2021\/02\/IMG_20210222_081438-150x150.jpg\" alt=\"\" width=\"150\" height=\"150\" srcset=\"https:\/\/hubertpietka.bialystok.pl\/wp-content\/uploads\/2021\/02\/IMG_20210222_081438-150x150.jpg 150w, https:\/\/hubertpietka.bialystok.pl\/wp-content\/uploads\/2021\/02\/IMG_20210222_081438-75x75.jpg 75w\" sizes=\"auto, (max-width: 150px) 100vw, 150px\" \/><\/a><\/p>\n<p><em>Na zdj. Obraz mojej siostry E. Straszewicz<\/em><br \/>\n<em>I krzy\u017c a blask s\u0142oneczny<\/em><br \/>\n<em>Mi\u0142o\u015b\u0107 objawi\u0142a si\u0119 przez<\/em><br \/>\n<em>Jezusowy krzy\u017c<\/em><br \/>\n<em>I drogi ludzkie<\/em><br \/>\n<em>Na wsi czy w mie\u015bcie<\/em><br \/>\n<em>Do\u015bwietla Bo\u017ce mi\u0142osierdzie<\/em><\/p>\n","protected":false},"excerpt":{"rendered":"<p>Poczucie n\u0119dzy \/ a Bo\u017ce mi\u0142osierdzie Dzi\u0119kuj\u0119 Ci Panie za momenty W kt\u00f3rych u\u015bwiadamiam sobie w\u0142asn\u0105 n\u0119dz\u0119 \/ Tylko B\u00f3g jest ca\u0142kowicie \u015awi\u0119ty \/ \u017be&hellip; <\/p>\n","protected":false},"author":1,"featured_media":0,"parent":0,"menu_order":0,"comment_status":"closed","ping_status":"closed","template":"","meta":{"footnotes":""},"class_list":["post-3762","page","type-page","status-publish","hentry"],"_links":{"self":[{"href":"https:\/\/hubertpietka.bialystok.pl\/index.php?rest_route=\/wp\/v2\/pages\/3762","targetHints":{"allow":["GET"]}}],"collection":[{"href":"https:\/\/hubertpietka.bialystok.pl\/index.php?rest_route=\/wp\/v2\/pages"}],"about":[{"href":"https:\/\/hubertpietka.bialystok.pl\/index.php?rest_route=\/wp\/v2\/types\/page"}],"author":[{"embeddable":true,"href":"https:\/\/hubertpietka.bialystok.pl\/index.php?rest_route=\/wp\/v2\/users\/1"}],"replies":[{"embeddable":true,"href":"https:\/\/hubertpietka.bialystok.pl\/index.php?rest_route=%2Fwp%2Fv2%2Fcomments&post=3762"}],"version-history":[{"count":1,"href":"https:\/\/hubertpietka.bialystok.pl\/index.php?rest_route=\/wp\/v2\/pages\/3762\/revisions"}],"predecessor-version":[{"id":3764,"href":"https:\/\/hubertpietka.bialystok.pl\/index.php?rest_route=\/wp\/v2\/pages\/3762\/revisions\/3764"}],"wp:attachment":[{"href":"https:\/\/hubertpietka.bialystok.pl\/index.php?rest_route=%2Fwp%2Fv2%2Fmedia&parent=3762"}],"curies":[{"name":"wp","href":"https:\/\/api.w.org\/{rel}","templated":true}]}}