{"id":3774,"date":"2021-02-24T07:51:37","date_gmt":"2021-02-24T07:51:37","guid":{"rendered":"http:\/\/hubertpietka.bialystok.pl\/?page_id=3774"},"modified":"2021-02-24T07:55:05","modified_gmt":"2021-02-24T07:55:05","slug":"etos-harcerstwa","status":"publish","type":"page","link":"https:\/\/hubertpietka.bialystok.pl\/?page_id=3774","title":{"rendered":"Etos \/ harcerstwa"},"content":{"rendered":"<p><em><strong>Etos \/ harcerstwa<\/strong><\/em><\/p>\n<p><strong>1.<\/strong><br \/>\nW\u0142a\u015bciwie rozumiane harcerstwo<br \/>\nMa sw\u00f3j dobry etos<\/p>\n<p>S\u0142u\u017cba Bogu i ludziom<br \/>\nWe wsp\u00f3lnocie<br \/>\nTaki ma\u0142y \u017co\u0142nierz<\/p>\n<p>Hart ducha i sprawno\u015b\u0107 fizyczna<br \/>\nW\u0142a\u015bciwa postawa etyczna<\/p>\n<p><strong>2.<\/strong><br \/>\nMoje harcerstwo<br \/>\nZacz\u0119\u0142o si\u0119 w dzieci\u0144stwie wczesnym<br \/>\nKiedy mama<br \/>\nMnie i rodze\u0144stwu<br \/>\nNa dobranoc \u015bpiewa\u0142a pie\u015bni harcerskie<\/p>\n<p>P\u00f3\u017aniej natomiast<br \/>\nPrzy ognisku<br \/>\nNa gitarze<br \/>\nRozbrzmiewa\u0142y piosenki harcerskie<br \/>\nWe wsp\u00f3lnocie biesiadnej<\/p>\n<p>To dlatego najpierw<br \/>\nTak bardzo<br \/>\nNa gitarze gra\u0107 si\u0119 nauczy\u0107<br \/>\nZapragn\u0105\u0142em mocno<\/p>\n<p><strong>3.<\/strong><br \/>\nMoje harcerstwo<br \/>\nCho\u0107 nieformalne<br \/>\n(Bo chyba tylko<br \/>\nNa jednym spotkaniu zuch\u00f3w by\u0142em)<br \/>\nJest postaw\u0105<\/p>\n<p>Bo tak chyba trzeba<br \/>\nRozumie\u0107 w\u0142a\u015bciwe harcerstwo<br \/>\nJako kszta\u0142towanie swego charakteru<br \/>\nDo s\u0142u\u017cby ojczy\u017anie i innym<\/p>\n<p><a href=\"http:\/\/hubertpietka.bialystok.pl\/wp-content\/uploads\/2021\/02\/IMG_20210224_085205.jpg\"><img loading=\"lazy\" decoding=\"async\" class=\"alignnone size-thumbnail wp-image-3776\" src=\"http:\/\/hubertpietka.bialystok.pl\/wp-content\/uploads\/2021\/02\/IMG_20210224_085205-150x150.jpg\" alt=\"\" width=\"150\" height=\"150\" srcset=\"https:\/\/hubertpietka.bialystok.pl\/wp-content\/uploads\/2021\/02\/IMG_20210224_085205-150x150.jpg 150w, https:\/\/hubertpietka.bialystok.pl\/wp-content\/uploads\/2021\/02\/IMG_20210224_085205-75x75.jpg 75w\" sizes=\"auto, (max-width: 150px) 100vw, 150px\" \/><\/a><\/p>\n<p><em>Na zdj. Przy o\u0142tarzu<\/em><br \/>\n<em>Ekspozycja wielkopostna<\/em><br \/>\n<em>W pi\u0144czowskim klasztorze franciszkan\u00f3w<\/em><\/p>\n<p><em>W tym okresie przypada zazwyczaj<\/em><br \/>\n<em>Wspomnienie b\u0142. Wincentego Frelichowskiego<\/em><br \/>\n<em>Patrona polskich harcerzy<\/em><\/p>\n<p><em>M\u00f3dl si\u0119 za nami<\/em><br \/>\n<em>By\u015bmy w ludziach cierpi\u0105cych<\/em><br \/>\n<em>Chrystusa mogli zobaczy\u0107<\/em><\/p>\n<p><em>By dusz naszych dzbany<\/em><br \/>\n<em>Dobrem si\u0119 nape\u0142nia\u0142y<\/em><br \/>\n<em>Przez S\u0142owo Bo\u017ce modlitw\u0119 i sakramenty<\/em><br \/>\n<em>By gotowe do pracy by\u0142y te\u017c r\u0119ce<\/em><\/p>\n<p><em>Czuj czuwaj czuj<\/em><br \/>\n<em>Tak mi dopom\u00f3\u017c B\u00f3g<\/em><br \/>\n<em>I wszystkim kt\u00f3rym jest bliski<\/em><br \/>\n<em>W\u0142a\u015bciwie rozumiany dobry etos harcerski<\/em><\/p>\n<p style=\"text-align: center;\"><a href=\"https:\/\/youtu.be\/dpxa8l92YWg\"><strong><em>Z miejsca na miejsce<\/em><\/strong><\/a><\/p>\n","protected":false},"excerpt":{"rendered":"<p>Etos \/ harcerstwa 1. W\u0142a\u015bciwie rozumiane harcerstwo Ma sw\u00f3j dobry etos S\u0142u\u017cba Bogu i ludziom We wsp\u00f3lnocie Taki ma\u0142y \u017co\u0142nierz Hart ducha i sprawno\u015b\u0107 fizyczna&hellip; <\/p>\n","protected":false},"author":1,"featured_media":0,"parent":0,"menu_order":0,"comment_status":"closed","ping_status":"closed","template":"","meta":{"footnotes":""},"class_list":["post-3774","page","type-page","status-publish","hentry"],"_links":{"self":[{"href":"https:\/\/hubertpietka.bialystok.pl\/index.php?rest_route=\/wp\/v2\/pages\/3774","targetHints":{"allow":["GET"]}}],"collection":[{"href":"https:\/\/hubertpietka.bialystok.pl\/index.php?rest_route=\/wp\/v2\/pages"}],"about":[{"href":"https:\/\/hubertpietka.bialystok.pl\/index.php?rest_route=\/wp\/v2\/types\/page"}],"author":[{"embeddable":true,"href":"https:\/\/hubertpietka.bialystok.pl\/index.php?rest_route=\/wp\/v2\/users\/1"}],"replies":[{"embeddable":true,"href":"https:\/\/hubertpietka.bialystok.pl\/index.php?rest_route=%2Fwp%2Fv2%2Fcomments&post=3774"}],"version-history":[{"count":3,"href":"https:\/\/hubertpietka.bialystok.pl\/index.php?rest_route=\/wp\/v2\/pages\/3774\/revisions"}],"predecessor-version":[{"id":3778,"href":"https:\/\/hubertpietka.bialystok.pl\/index.php?rest_route=\/wp\/v2\/pages\/3774\/revisions\/3778"}],"wp:attachment":[{"href":"https:\/\/hubertpietka.bialystok.pl\/index.php?rest_route=%2Fwp%2Fv2%2Fmedia&parent=3774"}],"curies":[{"name":"wp","href":"https:\/\/api.w.org\/{rel}","templated":true}]}}