{"id":3780,"date":"2021-02-28T10:10:38","date_gmt":"2021-02-28T10:10:38","guid":{"rendered":"http:\/\/hubertpietka.bialystok.pl\/?page_id=3780"},"modified":"2021-02-28T23:17:14","modified_gmt":"2021-02-28T23:17:14","slug":"3780-2","status":"publish","type":"page","link":"https:\/\/hubertpietka.bialystok.pl\/?page_id=3780","title":{"rendered":"Ustnik \/ prawa ust mych"},"content":{"rendered":"<p><em><strong>Ustnik \/ prawa ust mych<\/strong><\/em><\/p>\n<p>*Nieustannie*<br \/>\nJestem zakochany w Annie<\/p>\n<p>*Nie ust Annie*<br \/>\nNie b\u0119d\u0119 \u017ca\u0142owa\u0142<br \/>\nW \u017cadnej formie<\/p>\n<p>Ustnik<br \/>\nDo moich ust<br \/>\nNie ma praw nikt<\/p>\n<p>Anna tylko<br \/>\nMa owe<br \/>\nusta-wow(!)-e-<br \/>\nPrawa do mojej *tw\u00f3rczo\u015bci*<\/p>\n<p>Ale nie do *tw\u00f3rczej o\u015bci*<\/p>\n<p><a href=\"http:\/\/hubertpietka.bialystok.pl\/wp-content\/uploads\/2021\/02\/IMG_20210228_082442.jpg\"><img loading=\"lazy\" decoding=\"async\" class=\"alignnone size-thumbnail wp-image-3783\" src=\"http:\/\/hubertpietka.bialystok.pl\/wp-content\/uploads\/2021\/02\/IMG_20210228_082442-150x150.jpg\" alt=\"\" width=\"150\" height=\"150\" srcset=\"https:\/\/hubertpietka.bialystok.pl\/wp-content\/uploads\/2021\/02\/IMG_20210228_082442-150x150.jpg 150w, https:\/\/hubertpietka.bialystok.pl\/wp-content\/uploads\/2021\/02\/IMG_20210228_082442-75x75.jpg 75w\" sizes=\"auto, (max-width: 150px) 100vw, 150px\" \/><\/a><\/p>\n<p><em>Na zdj. Nasz samoch\u00f3d<\/em><br \/>\n<em> W aurze zimowej<\/em><br \/>\n<em> Na nim obraz symboliczny<\/em><br \/>\n<em> Posta\u0107 podlegaj\u0105c\u0105 r\u00f3\u017cnym naciskom<\/em><\/p>\n<p><em>Dzi\u015b \u015bw. Hilarego<\/em><br \/>\n<em> Kt\u00f3rego imi\u0119 pogodny radosny<\/em><br \/>\n<em> Byle do wiosny<\/em><\/p>\n<p style=\"text-align: center;\"><strong><em><a href=\"https:\/\/youtu.be\/3AxUoE2k-IQ\">Queen &#8211; I was born to love you<\/a><\/em><\/strong><\/p>\n<p style=\"text-align: right;\"><a href=\"https:\/\/youtu.be\/HaZpZQG2z10\"><em><strong>Queen &#8211; You&#8217;re my best friend<\/strong><\/em><\/a><\/p>\n","protected":false},"excerpt":{"rendered":"<p>Ustnik \/ prawa ust mych *Nieustannie* Jestem zakochany w Annie *Nie ust Annie* Nie b\u0119d\u0119 \u017ca\u0142owa\u0142 W \u017cadnej formie Ustnik Do moich ust Nie ma&hellip; <\/p>\n","protected":false},"author":1,"featured_media":0,"parent":0,"menu_order":0,"comment_status":"closed","ping_status":"closed","template":"","meta":{"footnotes":""},"class_list":["post-3780","page","type-page","status-publish","hentry"],"_links":{"self":[{"href":"https:\/\/hubertpietka.bialystok.pl\/index.php?rest_route=\/wp\/v2\/pages\/3780","targetHints":{"allow":["GET"]}}],"collection":[{"href":"https:\/\/hubertpietka.bialystok.pl\/index.php?rest_route=\/wp\/v2\/pages"}],"about":[{"href":"https:\/\/hubertpietka.bialystok.pl\/index.php?rest_route=\/wp\/v2\/types\/page"}],"author":[{"embeddable":true,"href":"https:\/\/hubertpietka.bialystok.pl\/index.php?rest_route=\/wp\/v2\/users\/1"}],"replies":[{"embeddable":true,"href":"https:\/\/hubertpietka.bialystok.pl\/index.php?rest_route=%2Fwp%2Fv2%2Fcomments&post=3780"}],"version-history":[{"count":8,"href":"https:\/\/hubertpietka.bialystok.pl\/index.php?rest_route=\/wp\/v2\/pages\/3780\/revisions"}],"predecessor-version":[{"id":3791,"href":"https:\/\/hubertpietka.bialystok.pl\/index.php?rest_route=\/wp\/v2\/pages\/3780\/revisions\/3791"}],"wp:attachment":[{"href":"https:\/\/hubertpietka.bialystok.pl\/index.php?rest_route=%2Fwp%2Fv2%2Fmedia&parent=3780"}],"curies":[{"name":"wp","href":"https:\/\/api.w.org\/{rel}","templated":true}]}}