{"id":3793,"date":"2021-03-04T10:53:03","date_gmt":"2021-03-04T10:53:03","guid":{"rendered":"http:\/\/hubertpietka.bialystok.pl\/?page_id=3793"},"modified":"2021-03-04T10:53:03","modified_gmt":"2021-03-04T10:53:03","slug":"falsyfikat-a-z-swietosci-kpina","status":"publish","type":"page","link":"https:\/\/hubertpietka.bialystok.pl\/?page_id=3793","title":{"rendered":"Falsyfikat \/ a z \u015bwi\u0119to\u015bci kpina"},"content":{"rendered":"<p><em><strong>Falsyfikat \/ a z \u015bwi\u0119to\u015bci kpina<\/strong><\/em><\/p>\n<p><strong>1.<\/strong><br \/>\nMo\u017cna podmieni\u0107 kap\u0142ana<br \/>\nOsob\u0119 konsekrowan\u0105<br \/>\nMo\u017cna<br \/>\nJak wczoraj wieczorem<\/p>\n<p><strong>2.<\/strong><br \/>\nMo\u017cna<br \/>\nNiby \u015bwi\u0119tych tworzy\u0107<br \/>\nW brewiarzu<br \/>\nCzy indziej gdziekolwiek<\/p>\n<p><strong>3.<\/strong><br \/>\nMo\u017cna te\u017c zamieni\u0107 hosti\u0119<br \/>\nNiekonsekrowan\u0105<br \/>\nTam gdzie by\u0107 nie powinna<br \/>\nTak jak by to mia\u0142o by\u0107 dzisiaj<\/p>\n<p><strong>4.<\/strong><br \/>\nMo\u017cna tego nie rozpozna\u0107<br \/>\nC\u00f3\u017c cz\u0142owiek to tylko cz\u0142owiek<br \/>\nAle jest co\u015b<br \/>\nCo rozpoznaje \u015bwi\u0119to\u015b\u0107 od razu<br \/>\nI by najmniej to nie jest cz\u0142owiek<\/p>\n<p><strong>5.<\/strong><br \/>\nB\u00f3g nie pozwoli<br \/>\nZ Siebie szydzi\u0107 zbytnio<br \/>\nJak niekt\u00f3rym si\u0119 wydaje<br \/>\nLecz wszystko w swoim czasie<\/p>\n<p>Ja si\u0119 zwalniam<br \/>\nZ rozpoznawania<br \/>\nOdr\u00f3\u017cniania<br \/>\n\u015awi\u0119to\u015bci od falsyfikat\u00f3w<br \/>\nBasta ju\u017c dosy\u0107<\/p>\n<p><a href=\"http:\/\/hubertpietka.bialystok.pl\/wp-content\/uploads\/2021\/03\/IMG_20210304_113124.jpg\"><img loading=\"lazy\" decoding=\"async\" class=\"alignnone size-thumbnail wp-image-3794\" src=\"http:\/\/hubertpietka.bialystok.pl\/wp-content\/uploads\/2021\/03\/IMG_20210304_113124-150x150.jpg\" alt=\"\" width=\"150\" height=\"150\" srcset=\"https:\/\/hubertpietka.bialystok.pl\/wp-content\/uploads\/2021\/03\/IMG_20210304_113124-150x150.jpg 150w, https:\/\/hubertpietka.bialystok.pl\/wp-content\/uploads\/2021\/03\/IMG_20210304_113124-75x75.jpg 75w\" sizes=\"auto, (max-width: 150px) 100vw, 150px\" \/><\/a><\/p>\n<p><em>Na zdj. W ko\u015bciele w Bukownie prezbiterium<\/em><br \/>\n<em>Tabernakulum o\u0142tarz krzy\u017c<\/em><br \/>\n<em>I w Ogr\u00f3jcu Jezus<\/em><br \/>\n<em>B\u00f3g jest Bogiem mocnym<\/em><br \/>\n<em>Przekonaj\u0105 si\u0119 o tym wszyscy<\/em><\/p>\n<p style=\"text-align: center;\"><strong><a href=\"https:\/\/youtu.be\/jC6eOUylRGk\"><em>Beata Bednarz &amp; Abba Pater Music &#8211; M\u00f3j Jezu, m\u00f3j Zbawco<\/em><\/a><\/strong><\/p>\n","protected":false},"excerpt":{"rendered":"<p>Falsyfikat \/ a z \u015bwi\u0119to\u015bci kpina 1. Mo\u017cna podmieni\u0107 kap\u0142ana Osob\u0119 konsekrowan\u0105 Mo\u017cna Jak wczoraj wieczorem 2. Mo\u017cna Niby \u015bwi\u0119tych tworzy\u0107 W brewiarzu Czy indziej&hellip; <\/p>\n","protected":false},"author":1,"featured_media":0,"parent":0,"menu_order":0,"comment_status":"closed","ping_status":"closed","template":"","meta":{"footnotes":""},"class_list":["post-3793","page","type-page","status-publish","hentry"],"_links":{"self":[{"href":"https:\/\/hubertpietka.bialystok.pl\/index.php?rest_route=\/wp\/v2\/pages\/3793","targetHints":{"allow":["GET"]}}],"collection":[{"href":"https:\/\/hubertpietka.bialystok.pl\/index.php?rest_route=\/wp\/v2\/pages"}],"about":[{"href":"https:\/\/hubertpietka.bialystok.pl\/index.php?rest_route=\/wp\/v2\/types\/page"}],"author":[{"embeddable":true,"href":"https:\/\/hubertpietka.bialystok.pl\/index.php?rest_route=\/wp\/v2\/users\/1"}],"replies":[{"embeddable":true,"href":"https:\/\/hubertpietka.bialystok.pl\/index.php?rest_route=%2Fwp%2Fv2%2Fcomments&post=3793"}],"version-history":[{"count":1,"href":"https:\/\/hubertpietka.bialystok.pl\/index.php?rest_route=\/wp\/v2\/pages\/3793\/revisions"}],"predecessor-version":[{"id":3795,"href":"https:\/\/hubertpietka.bialystok.pl\/index.php?rest_route=\/wp\/v2\/pages\/3793\/revisions\/3795"}],"wp:attachment":[{"href":"https:\/\/hubertpietka.bialystok.pl\/index.php?rest_route=%2Fwp%2Fv2%2Fmedia&parent=3793"}],"curies":[{"name":"wp","href":"https:\/\/api.w.org\/{rel}","templated":true}]}}