{"id":382,"date":"2017-01-19T22:23:53","date_gmt":"2017-01-19T22:23:53","guid":{"rendered":"http:\/\/hubertpietka.bialystok.pl\/?page_id=382"},"modified":"2017-01-19T22:23:53","modified_gmt":"2017-01-19T22:23:53","slug":"biblioteka","status":"publish","type":"page","link":"https:\/\/hubertpietka.bialystok.pl\/?page_id=382","title":{"rendered":"Biblioteka"},"content":{"rendered":"<p><strong>Biblioteka<\/strong><\/p>\n<p>&nbsp;<\/p>\n<p>jest wielka &#8211; m\u0105dro\u015bci\u0105 wiek\u00f3w<\/p>\n<p>jest g\u0142\u0119boka &#8211; duchem czas\u00f3w<\/p>\n<p>&nbsp;<\/p>\n<p>jest cicha &#8211; jak rzeka<\/p>\n<p>uspokaja zmys\u0142y &#8211; jak najlepszy lekarz<\/p>\n<p>&nbsp;<\/p>\n<p>zawiera skarbnic\u0119 pokole\u0144<\/p>\n<p>pozwala pokona\u0107 wiele zniewole\u0144<\/p>\n<p>&nbsp;<\/p>\n<p>wi\u0119c czerp z tego bogactwa o\u017cywcze soki<\/p>\n<p>by\u015b m\u00f3g\u0142 pokona\u0107 ka\u017cde losu wyroki!<\/p>\n","protected":false},"excerpt":{"rendered":"<p>Biblioteka &nbsp; jest wielka &#8211; m\u0105dro\u015bci\u0105 wiek\u00f3w jest g\u0142\u0119boka &#8211; duchem czas\u00f3w &nbsp; jest cicha &#8211; jak rzeka uspokaja zmys\u0142y &#8211; jak najlepszy lekarz &nbsp;&hellip; <\/p>\n","protected":false},"author":1,"featured_media":0,"parent":0,"menu_order":0,"comment_status":"closed","ping_status":"closed","template":"","meta":{"footnotes":""},"class_list":["post-382","page","type-page","status-publish","hentry"],"_links":{"self":[{"href":"https:\/\/hubertpietka.bialystok.pl\/index.php?rest_route=\/wp\/v2\/pages\/382","targetHints":{"allow":["GET"]}}],"collection":[{"href":"https:\/\/hubertpietka.bialystok.pl\/index.php?rest_route=\/wp\/v2\/pages"}],"about":[{"href":"https:\/\/hubertpietka.bialystok.pl\/index.php?rest_route=\/wp\/v2\/types\/page"}],"author":[{"embeddable":true,"href":"https:\/\/hubertpietka.bialystok.pl\/index.php?rest_route=\/wp\/v2\/users\/1"}],"replies":[{"embeddable":true,"href":"https:\/\/hubertpietka.bialystok.pl\/index.php?rest_route=%2Fwp%2Fv2%2Fcomments&post=382"}],"version-history":[{"count":1,"href":"https:\/\/hubertpietka.bialystok.pl\/index.php?rest_route=\/wp\/v2\/pages\/382\/revisions"}],"predecessor-version":[{"id":383,"href":"https:\/\/hubertpietka.bialystok.pl\/index.php?rest_route=\/wp\/v2\/pages\/382\/revisions\/383"}],"wp:attachment":[{"href":"https:\/\/hubertpietka.bialystok.pl\/index.php?rest_route=%2Fwp%2Fv2%2Fmedia&parent=382"}],"curies":[{"name":"wp","href":"https:\/\/api.w.org\/{rel}","templated":true}]}}