{"id":3820,"date":"2021-03-11T21:00:41","date_gmt":"2021-03-11T21:00:41","guid":{"rendered":"http:\/\/hubertpietka.bialystok.pl\/?page_id=3820"},"modified":"2021-03-12T00:03:13","modified_gmt":"2021-03-12T00:03:13","slug":"zona","status":"publish","type":"page","link":"https:\/\/hubertpietka.bialystok.pl\/?page_id=3820","title":{"rendered":"\u017b-ona \/ ona"},"content":{"rendered":"<p><em><strong>\u017b-ona \/ ona<\/strong><\/em><\/p>\n<p>\u017bona<br \/>\nOna<br \/>\nNajlepsza dla m\u0119\u017ca<br \/>\nPomoc i obrona<\/p>\n<p>Tak m\u00f3wi S\u0142owo Bo\u017ce<br \/>\nNiewiast\u0119 Dzieln\u0105 kt\u00f3\u017c znajdzie<br \/>\nKocham j\u0105 bardzo!<\/p>\n<p>\/<\/p>\n<p>Je\u015bli macie j\u0105 wzi\u0105\u0107<br \/>\nDzisiaj czy kiedykolwiek<br \/>\nTo we\u017acie mnie<br \/>\nI zabijcie<\/p>\n<p><strong>Albo odejd\u017acie precz<\/strong><br \/>\n<strong>I dajcie nam wreszcie<\/strong><br \/>\n<strong>Spokojnie \u017cy\u0107<\/strong><\/p>\n<p><strong><a href=\"http:\/\/hubertpietka.bialystok.pl\/wp-content\/uploads\/2021\/03\/IMG_20210311_215316.jpg\"><img loading=\"lazy\" decoding=\"async\" class=\"alignnone size-thumbnail wp-image-3821\" src=\"http:\/\/hubertpietka.bialystok.pl\/wp-content\/uploads\/2021\/03\/IMG_20210311_215316-150x150.jpg\" alt=\"\" width=\"150\" height=\"150\" srcset=\"https:\/\/hubertpietka.bialystok.pl\/wp-content\/uploads\/2021\/03\/IMG_20210311_215316-150x150.jpg 150w, https:\/\/hubertpietka.bialystok.pl\/wp-content\/uploads\/2021\/03\/IMG_20210311_215316-75x75.jpg 75w\" sizes=\"auto, (max-width: 150px) 100vw, 150px\" \/><\/a><\/strong><\/p>\n<p><em>Na zdj. Jeden z zachod\u00f3w s\u0142o\u0144ca<\/em><br \/>\n<em>Na Bia\u0142oborzu podstopnickim<\/em><br \/>\n<em>Czy o tak wiele prosz\u0119<\/em><br \/>\n<em>O Panie Bo\u017ce<\/em><\/p>\n<p style=\"text-align: center;\"><a href=\"https:\/\/youtu.be\/qRM6dJiJ1lY\"><strong><em>D\u017cem &#8211; Jeden zwyczajny dzie\u0144<\/em><\/strong><\/a><\/p>\n","protected":false},"excerpt":{"rendered":"<p>\u017b-ona \/ ona \u017bona Ona Najlepsza dla m\u0119\u017ca Pomoc i obrona Tak m\u00f3wi S\u0142owo Bo\u017ce Niewiast\u0119 Dzieln\u0105 kt\u00f3\u017c znajdzie Kocham j\u0105 bardzo! \/ Je\u015bli macie&hellip; <\/p>\n","protected":false},"author":1,"featured_media":0,"parent":0,"menu_order":0,"comment_status":"closed","ping_status":"closed","template":"","meta":{"footnotes":""},"class_list":["post-3820","page","type-page","status-publish","hentry"],"_links":{"self":[{"href":"https:\/\/hubertpietka.bialystok.pl\/index.php?rest_route=\/wp\/v2\/pages\/3820","targetHints":{"allow":["GET"]}}],"collection":[{"href":"https:\/\/hubertpietka.bialystok.pl\/index.php?rest_route=\/wp\/v2\/pages"}],"about":[{"href":"https:\/\/hubertpietka.bialystok.pl\/index.php?rest_route=\/wp\/v2\/types\/page"}],"author":[{"embeddable":true,"href":"https:\/\/hubertpietka.bialystok.pl\/index.php?rest_route=\/wp\/v2\/users\/1"}],"replies":[{"embeddable":true,"href":"https:\/\/hubertpietka.bialystok.pl\/index.php?rest_route=%2Fwp%2Fv2%2Fcomments&post=3820"}],"version-history":[{"count":4,"href":"https:\/\/hubertpietka.bialystok.pl\/index.php?rest_route=\/wp\/v2\/pages\/3820\/revisions"}],"predecessor-version":[{"id":3825,"href":"https:\/\/hubertpietka.bialystok.pl\/index.php?rest_route=\/wp\/v2\/pages\/3820\/revisions\/3825"}],"wp:attachment":[{"href":"https:\/\/hubertpietka.bialystok.pl\/index.php?rest_route=%2Fwp%2Fv2%2Fmedia&parent=3820"}],"curies":[{"name":"wp","href":"https:\/\/api.w.org\/{rel}","templated":true}]}}