{"id":3827,"date":"2021-03-16T00:45:30","date_gmt":"2021-03-16T00:45:30","guid":{"rendered":"http:\/\/hubertpietka.bialystok.pl\/?page_id=3827"},"modified":"2021-03-16T07:30:06","modified_gmt":"2021-03-16T07:30:06","slug":"sw-hubert-media-tour","status":"publish","type":"page","link":"https:\/\/hubertpietka.bialystok.pl\/?page_id=3827","title":{"rendered":"\u015aw. Hubert \/ media-tour"},"content":{"rendered":"<p style=\"text-align: center;\"><em><strong>\u015aw. Hubert \/ media-tour<\/strong><\/em><\/p>\n<p style=\"text-align: left;\">My\u015bli-<strong><a href=\"https:\/\/hubertpietka.bialystok.pl\/?page_id=3828&amp;preview=true\"><em>wy<\/em><\/a><\/strong><\/p>\n<p style=\"text-align: left;\"><a href=\"https:\/\/hubertpietka.bialystok.pl\/?page_id=3829&amp;preview=true\"><strong><em>las<\/em><\/strong><\/a> lubi<\/p>\n<p style=\"text-align: left;\">a tam <a href=\"https:\/\/hubertpietka.bialystok.pl\/?page_id=3830&amp;preview=true\"><em><strong>drzewa<\/strong><\/em><\/a><\/p>\n<p style=\"text-align: left;\"><a href=\"https:\/\/hubertpietka.bialystok.pl\/?page_id=3831&amp;preview=true\"><em><strong>sosny<\/strong><\/em><\/a> i <a href=\"https:\/\/hubertpietka.bialystok.pl\/?page_id=3832&amp;preview=true\"><em><strong>brzozy<\/strong><\/em><\/a><\/p>\n<p style=\"text-align: left;\"><a href=\"https:\/\/hubertpietka.bialystok.pl\/?page_id=3833&amp;preview=true\"><em><strong>run<\/strong><\/em><\/a>-no le\u015bne<\/p>\n<p style=\"text-align: left;\">i pi\u0119kna <a href=\"https:\/\/hubertpietka.bialystok.pl\/?page_id=3853&amp;preview=true\"><em><strong>ziele\u0144<\/strong><\/em><\/a><\/p>\n<p style=\"text-align: left;\">&#8211; za nami si\u0119 m\u00f3dl<\/p>\n<p style=\"text-align: left;\"><a href=\"https:\/\/hubertpietka.bialystok.pl\/?page_id=3834&amp;preview=true\"><em><strong>powtarzaj to<\/strong><\/em><\/a><\/p>\n<p><img decoding=\"async\" class=\"css-9pa8cd alignright\" draggable=\"true\" src=\"https:\/\/pbs.twimg.com\/media\/Ewjtis1WQAIbDzJ?format=jpg&amp;name=small\" alt=\"Image\" \/><\/p>\n<p>&nbsp;<\/p>\n","protected":false},"excerpt":{"rendered":"<p>\u015aw. Hubert \/ media-tour My\u015bli-wy las lubi a tam drzewa sosny i brzozy run-no le\u015bne i pi\u0119kna ziele\u0144 &#8211; za nami si\u0119 m\u00f3dl powtarzaj to&hellip; <\/p>\n","protected":false},"author":1,"featured_media":0,"parent":0,"menu_order":0,"comment_status":"closed","ping_status":"closed","template":"","meta":{"footnotes":""},"class_list":["post-3827","page","type-page","status-publish","hentry"],"_links":{"self":[{"href":"https:\/\/hubertpietka.bialystok.pl\/index.php?rest_route=\/wp\/v2\/pages\/3827","targetHints":{"allow":["GET"]}}],"collection":[{"href":"https:\/\/hubertpietka.bialystok.pl\/index.php?rest_route=\/wp\/v2\/pages"}],"about":[{"href":"https:\/\/hubertpietka.bialystok.pl\/index.php?rest_route=\/wp\/v2\/types\/page"}],"author":[{"embeddable":true,"href":"https:\/\/hubertpietka.bialystok.pl\/index.php?rest_route=\/wp\/v2\/users\/1"}],"replies":[{"embeddable":true,"href":"https:\/\/hubertpietka.bialystok.pl\/index.php?rest_route=%2Fwp%2Fv2%2Fcomments&post=3827"}],"version-history":[{"count":4,"href":"https:\/\/hubertpietka.bialystok.pl\/index.php?rest_route=\/wp\/v2\/pages\/3827\/revisions"}],"predecessor-version":[{"id":3857,"href":"https:\/\/hubertpietka.bialystok.pl\/index.php?rest_route=\/wp\/v2\/pages\/3827\/revisions\/3857"}],"wp:attachment":[{"href":"https:\/\/hubertpietka.bialystok.pl\/index.php?rest_route=%2Fwp%2Fv2%2Fmedia&parent=3827"}],"curies":[{"name":"wp","href":"https:\/\/api.w.org\/{rel}","templated":true}]}}