{"id":3829,"date":"2021-03-16T01:12:30","date_gmt":"2021-03-16T01:12:30","guid":{"rendered":"http:\/\/hubertpietka.bialystok.pl\/?page_id=3829"},"modified":"2021-03-16T01:12:30","modified_gmt":"2021-03-16T01:12:30","slug":"las","status":"publish","type":"page","link":"https:\/\/hubertpietka.bialystok.pl\/?page_id=3829","title":{"rendered":"Las"},"content":{"rendered":"<p style=\"text-align: center;\"><a href=\"https:\/\/www.youtube.com\/watch?v=jh_mFB9pf88\"><em><strong>Janusz Laskowski &#8211; \u015ani\u0142 mi si\u0119 rodzinny dom<\/strong><\/em><\/a><\/p>\n","protected":false},"excerpt":{"rendered":"<p>Janusz Laskowski &#8211; \u015ani\u0142 mi si\u0119 rodzinny dom<\/p>\n","protected":false},"author":1,"featured_media":0,"parent":0,"menu_order":0,"comment_status":"closed","ping_status":"closed","template":"","meta":{"footnotes":""},"class_list":["post-3829","page","type-page","status-publish","hentry"],"_links":{"self":[{"href":"https:\/\/hubertpietka.bialystok.pl\/index.php?rest_route=\/wp\/v2\/pages\/3829","targetHints":{"allow":["GET"]}}],"collection":[{"href":"https:\/\/hubertpietka.bialystok.pl\/index.php?rest_route=\/wp\/v2\/pages"}],"about":[{"href":"https:\/\/hubertpietka.bialystok.pl\/index.php?rest_route=\/wp\/v2\/types\/page"}],"author":[{"embeddable":true,"href":"https:\/\/hubertpietka.bialystok.pl\/index.php?rest_route=\/wp\/v2\/users\/1"}],"replies":[{"embeddable":true,"href":"https:\/\/hubertpietka.bialystok.pl\/index.php?rest_route=%2Fwp%2Fv2%2Fcomments&post=3829"}],"version-history":[{"count":1,"href":"https:\/\/hubertpietka.bialystok.pl\/index.php?rest_route=\/wp\/v2\/pages\/3829\/revisions"}],"predecessor-version":[{"id":3848,"href":"https:\/\/hubertpietka.bialystok.pl\/index.php?rest_route=\/wp\/v2\/pages\/3829\/revisions\/3848"}],"wp:attachment":[{"href":"https:\/\/hubertpietka.bialystok.pl\/index.php?rest_route=%2Fwp%2Fv2%2Fmedia&parent=3829"}],"curies":[{"name":"wp","href":"https:\/\/api.w.org\/{rel}","templated":true}]}}