{"id":3867,"date":"2021-03-23T11:32:53","date_gmt":"2021-03-23T11:32:53","guid":{"rendered":"http:\/\/hubertpietka.bialystok.pl\/?page_id=3867"},"modified":"2021-03-23T11:53:54","modified_gmt":"2021-03-23T11:53:54","slug":"wezwania-pana","status":"publish","type":"page","link":"https:\/\/hubertpietka.bialystok.pl\/?page_id=3867","title":{"rendered":"Wezwania \/ Pana"},"content":{"rendered":"<p><em><strong>Wezwania \/ Pana<\/strong><\/em><\/p>\n<p>Pan wezwa\u0142 nas<\/p>\n<p>Do modlitwy za zmar\u0142ych<br \/>\nDo cichego w Nim \u017cycia<br \/>\nDo rozkwitania mi\u0142o\u015bci\u0105<br \/>\nDo u\u015bwi\u0119cania tego miejsca<\/p>\n<p>Tak nam dopom\u00f3\u017c Panie<br \/>\nZmar\u0142ym daj wieczne spoczywanie<br \/>\nA nam w pokoju trwanie<\/p>\n<p><strong>Dzisiaj \u015bw. Turybiusza<\/strong><br \/>\n<strong>Kt\u00f3rego imi\u0119 &#8222;kadzid\u0142o&#8221; oznacza<\/strong><br \/>\n<strong>Niech modlitwa nasza<\/strong><br \/>\n<strong>Wznosi si\u0119 do nieba<\/strong><br \/>\n<strong>A B\u00f3g niech znajdzie<\/strong><br \/>\n<strong>W niej upodobanie<\/strong><br \/>\n<strong>Amen<\/strong><\/p>\n<p><strong><a href=\"http:\/\/hubertpietka.bialystok.pl\/wp-content\/uploads\/2021\/03\/IMG_20210323_122809.jpg\"><img loading=\"lazy\" decoding=\"async\" class=\"alignnone size-thumbnail wp-image-3868\" src=\"http:\/\/hubertpietka.bialystok.pl\/wp-content\/uploads\/2021\/03\/IMG_20210323_122809-150x150.jpg\" alt=\"\" width=\"150\" height=\"150\" srcset=\"https:\/\/hubertpietka.bialystok.pl\/wp-content\/uploads\/2021\/03\/IMG_20210323_122809-150x150.jpg 150w, https:\/\/hubertpietka.bialystok.pl\/wp-content\/uploads\/2021\/03\/IMG_20210323_122809-75x75.jpg 75w\" sizes=\"auto, (max-width: 150px) 100vw, 150px\" \/><\/a><\/strong><\/p>\n<p><em>Na zdj. Maryja Gwiazda Morza<\/em><br \/>\n<em>W Rogach przy cmentarzu<\/em><br \/>\n<em>Niech miejsca \u015bmierci\u0105 dotkni\u0119te<\/em><br \/>\n<em>Maryja rozja\u015bnia Bo\u017cym blaskiem<\/em><br \/>\n<em>A rogi niegodziwo\u015bci wszelkiej<\/em><br \/>\n<em>Niech b\u0119d\u0105 obci\u0119te<\/em><br \/>\n<em>Totus Tuus<\/em><\/p>\n<p style=\"text-align: right;\"><a href=\"https:\/\/youtu.be\/v4sNRW_XD4k\"><strong><em>Ja wierz\u0119, \u017ce to Jezus<\/em><\/strong><\/a><\/p>\n","protected":false},"excerpt":{"rendered":"<p>Wezwania \/ Pana Pan wezwa\u0142 nas Do modlitwy za zmar\u0142ych Do cichego w Nim \u017cycia Do rozkwitania mi\u0142o\u015bci\u0105 Do u\u015bwi\u0119cania tego miejsca Tak nam dopom\u00f3\u017c&hellip; <\/p>\n","protected":false},"author":1,"featured_media":0,"parent":0,"menu_order":0,"comment_status":"closed","ping_status":"closed","template":"","meta":{"footnotes":""},"class_list":["post-3867","page","type-page","status-publish","hentry"],"_links":{"self":[{"href":"https:\/\/hubertpietka.bialystok.pl\/index.php?rest_route=\/wp\/v2\/pages\/3867","targetHints":{"allow":["GET"]}}],"collection":[{"href":"https:\/\/hubertpietka.bialystok.pl\/index.php?rest_route=\/wp\/v2\/pages"}],"about":[{"href":"https:\/\/hubertpietka.bialystok.pl\/index.php?rest_route=\/wp\/v2\/types\/page"}],"author":[{"embeddable":true,"href":"https:\/\/hubertpietka.bialystok.pl\/index.php?rest_route=\/wp\/v2\/users\/1"}],"replies":[{"embeddable":true,"href":"https:\/\/hubertpietka.bialystok.pl\/index.php?rest_route=%2Fwp%2Fv2%2Fcomments&post=3867"}],"version-history":[{"count":5,"href":"https:\/\/hubertpietka.bialystok.pl\/index.php?rest_route=\/wp\/v2\/pages\/3867\/revisions"}],"predecessor-version":[{"id":3874,"href":"https:\/\/hubertpietka.bialystok.pl\/index.php?rest_route=\/wp\/v2\/pages\/3867\/revisions\/3874"}],"wp:attachment":[{"href":"https:\/\/hubertpietka.bialystok.pl\/index.php?rest_route=%2Fwp%2Fv2%2Fmedia&parent=3867"}],"curies":[{"name":"wp","href":"https:\/\/api.w.org\/{rel}","templated":true}]}}