{"id":387,"date":"2017-01-19T22:34:54","date_gmt":"2017-01-19T22:34:54","guid":{"rendered":"http:\/\/hubertpietka.bialystok.pl\/?page_id=387"},"modified":"2017-01-19T22:35:07","modified_gmt":"2017-01-19T22:35:07","slug":"zycie-jak-morze-czas-jak-rzeka","status":"publish","type":"page","link":"https:\/\/hubertpietka.bialystok.pl\/?page_id=387","title":{"rendered":"\u017bycie jak morze, czas jak rzeka&#8230;"},"content":{"rendered":"<p><strong>\u017bycie jak morze, czas jak rzeka&#8230;<\/strong><\/p>\n<p>&nbsp;<\/p>\n<p>&#8230;a wieczno\u015b\u0107 czeka<\/p>\n<p>&nbsp;<\/p>\n<p>i chocia\u017c<\/p>\n<p>\u017cycie jest sum\u0105<\/p>\n<p>przychod\u00f3w i rozchod\u00f3w<\/p>\n<p>&nbsp;<\/p>\n<p>chocia\u017c<\/p>\n<p>czasem wzbiera jak wrz\u00f3d<\/p>\n<p>by nast\u0119pnie rozpierzchn\u0105\u0107 si\u0119<\/p>\n<p>w nic<\/p>\n<p>&nbsp;<\/p>\n<p>jest<\/p>\n<p>jak przyp\u0142ywy i odp\u0142ywy<\/p>\n<p>s\u0105<\/p>\n<p>dobre i z\u0142e dni<\/p>\n<p>chwile tryumfu i rozpaczy<\/p>\n<p>czas oczekiwanie<\/p>\n<p>na&#8230;<\/p>\n<p>&nbsp;<\/p>\n<p>nic wi\u0119cej<\/p>\n<p>wa\u017cne jest tylko<\/p>\n<p>aby naczynie ludzkie<\/p>\n<p>si\u0119 wype\u0142nia\u0142o i opr\u00f3\u017cnia\u0142o<\/p>\n<p>przez dar z samego siebie<\/p>\n<p>&nbsp;<\/p>\n<p>suma bilans<\/p>\n<p>zawsze b\u0119dzie dodatnio-ujemny<\/p>\n<p>bo ja si\u0119 dzieli przez my<\/p>\n<p>i wtedy wyzerowuje si\u0119<\/p>\n<p>ku dobru<\/p>\n<p>&nbsp;<\/p>\n<p>taka<\/p>\n<p>matematyka istnienia<\/p>\n<p>ale jest ona<\/p>\n<p>r\u00f3wnowag\u0105 przyrody<\/p>\n<p>i iskry w\u0142o\u017conej w nas<\/p>\n<p>z kt\u00f3rej b\u0119dziemy rozliczeni<\/p>\n<p>przy wieczorze \u017cycia<\/p>\n","protected":false},"excerpt":{"rendered":"<p>\u017bycie jak morze, czas jak rzeka&#8230; &nbsp; &#8230;a wieczno\u015b\u0107 czeka &nbsp; i chocia\u017c \u017cycie jest sum\u0105 przychod\u00f3w i rozchod\u00f3w &nbsp; chocia\u017c czasem wzbiera jak wrz\u00f3d&hellip; <\/p>\n","protected":false},"author":1,"featured_media":0,"parent":0,"menu_order":0,"comment_status":"closed","ping_status":"closed","template":"","meta":{"footnotes":""},"class_list":["post-387","page","type-page","status-publish","hentry"],"_links":{"self":[{"href":"https:\/\/hubertpietka.bialystok.pl\/index.php?rest_route=\/wp\/v2\/pages\/387","targetHints":{"allow":["GET"]}}],"collection":[{"href":"https:\/\/hubertpietka.bialystok.pl\/index.php?rest_route=\/wp\/v2\/pages"}],"about":[{"href":"https:\/\/hubertpietka.bialystok.pl\/index.php?rest_route=\/wp\/v2\/types\/page"}],"author":[{"embeddable":true,"href":"https:\/\/hubertpietka.bialystok.pl\/index.php?rest_route=\/wp\/v2\/users\/1"}],"replies":[{"embeddable":true,"href":"https:\/\/hubertpietka.bialystok.pl\/index.php?rest_route=%2Fwp%2Fv2%2Fcomments&post=387"}],"version-history":[{"count":2,"href":"https:\/\/hubertpietka.bialystok.pl\/index.php?rest_route=\/wp\/v2\/pages\/387\/revisions"}],"predecessor-version":[{"id":389,"href":"https:\/\/hubertpietka.bialystok.pl\/index.php?rest_route=\/wp\/v2\/pages\/387\/revisions\/389"}],"wp:attachment":[{"href":"https:\/\/hubertpietka.bialystok.pl\/index.php?rest_route=%2Fwp%2Fv2%2Fmedia&parent=387"}],"curies":[{"name":"wp","href":"https:\/\/api.w.org\/{rel}","templated":true}]}}