{"id":3895,"date":"2021-03-30T09:00:21","date_gmt":"2021-03-30T09:00:21","guid":{"rendered":"http:\/\/hubertpietka.bialystok.pl\/?page_id=3895"},"modified":"2021-03-30T09:00:21","modified_gmt":"2021-03-30T09:00:21","slug":"przemiany-niech-sie-stana","status":"publish","type":"page","link":"https:\/\/hubertpietka.bialystok.pl\/?page_id=3895","title":{"rendered":"Przemiany \/ niech si\u0119 stan\u0105"},"content":{"rendered":"<p><em><strong>Przemiany \/ niech si\u0119 stan\u0105<\/strong><\/em><\/p>\n<p><strong>1.<\/strong> Dzisiaj w duszy mej wewn\u0105trz<br \/>\nZobaczy\u0142em obraz<br \/>\nSz\u00f3stka si\u0119 rozp\u0142aszczy\u0142a<br \/>\nTak si\u0119 te\u017c stanie<br \/>\nSz\u00f3stka si\u0119 skompromituje<br \/>\nI zniknie<br \/>\nTo tak jakby skorupk\u0119 \u015blimaka<br \/>\nRozprostowa\u0107 i u\u0142o\u017cy\u0107<br \/>\nWzd\u0142u\u017c p\u0142aszczyzny<br \/>\nA nast\u0119pnie nawet<br \/>\nJak \u015blad po \u015blimaku<br \/>\nZniknie<\/p>\n<p><strong>2.<\/strong> Kto przyjmie to dziecko<br \/>\nPipp\u0119 Knight 5-letni\u0105<br \/>\nTen Jezusa jakby przyj\u0105\u0142<br \/>\nPozw\u00f3lcie jej do\u017cy\u0107<br \/>\nKolejnych urodzin<br \/>\nA dalej b\u0119dzie<br \/>\nCo B\u00f3g da i pozwoli<br \/>\nBy mog\u0142a by\u0107 w domu<br \/>\nZe swoj\u0105 mam\u0105<\/p>\n<p><a href=\"http:\/\/hubertpietka.bialystok.pl\/wp-content\/uploads\/2021\/03\/IMG_20210330_101837.jpg\"><img loading=\"lazy\" decoding=\"async\" class=\"alignnone size-thumbnail wp-image-3896\" src=\"http:\/\/hubertpietka.bialystok.pl\/wp-content\/uploads\/2021\/03\/IMG_20210330_101837-150x150.jpg\" alt=\"\" width=\"150\" height=\"150\" srcset=\"https:\/\/hubertpietka.bialystok.pl\/wp-content\/uploads\/2021\/03\/IMG_20210330_101837-150x150.jpg 150w, https:\/\/hubertpietka.bialystok.pl\/wp-content\/uploads\/2021\/03\/IMG_20210330_101837-75x75.jpg 75w\" sizes=\"auto, (max-width: 150px) 100vw, 150px\" \/><\/a><\/p>\n<p><em>Na zdj. Frasobliwy Jezus<\/em><br \/>\n<em>W Stopnicy przy klasztorze sercan\u00f3w<\/em><br \/>\n<em>Ja wiem \u017ce jestem niczym<\/em><br \/>\n<em>N\u0119dzny marny i ma\u0142y<\/em><br \/>\n<em>Przez wszystkich zapomniany<\/em><br \/>\n<em>Ale to nie wa\u017cne<\/em><br \/>\n<em>Jezusie Synu Dawida<\/em><br \/>\n<em>Ulituj si\u0119 nad nami<\/em><br \/>\n<em>Miej Sw\u0105 lito\u015b\u0107 zawsze<\/em><\/p>\n","protected":false},"excerpt":{"rendered":"<p>Przemiany \/ niech si\u0119 stan\u0105 1. Dzisiaj w duszy mej wewn\u0105trz Zobaczy\u0142em obraz Sz\u00f3stka si\u0119 rozp\u0142aszczy\u0142a Tak si\u0119 te\u017c stanie Sz\u00f3stka si\u0119 skompromituje I zniknie&hellip; <\/p>\n","protected":false},"author":1,"featured_media":0,"parent":0,"menu_order":0,"comment_status":"closed","ping_status":"closed","template":"","meta":{"footnotes":""},"class_list":["post-3895","page","type-page","status-publish","hentry"],"_links":{"self":[{"href":"https:\/\/hubertpietka.bialystok.pl\/index.php?rest_route=\/wp\/v2\/pages\/3895","targetHints":{"allow":["GET"]}}],"collection":[{"href":"https:\/\/hubertpietka.bialystok.pl\/index.php?rest_route=\/wp\/v2\/pages"}],"about":[{"href":"https:\/\/hubertpietka.bialystok.pl\/index.php?rest_route=\/wp\/v2\/types\/page"}],"author":[{"embeddable":true,"href":"https:\/\/hubertpietka.bialystok.pl\/index.php?rest_route=\/wp\/v2\/users\/1"}],"replies":[{"embeddable":true,"href":"https:\/\/hubertpietka.bialystok.pl\/index.php?rest_route=%2Fwp%2Fv2%2Fcomments&post=3895"}],"version-history":[{"count":1,"href":"https:\/\/hubertpietka.bialystok.pl\/index.php?rest_route=\/wp\/v2\/pages\/3895\/revisions"}],"predecessor-version":[{"id":3897,"href":"https:\/\/hubertpietka.bialystok.pl\/index.php?rest_route=\/wp\/v2\/pages\/3895\/revisions\/3897"}],"wp:attachment":[{"href":"https:\/\/hubertpietka.bialystok.pl\/index.php?rest_route=%2Fwp%2Fv2%2Fmedia&parent=3895"}],"curies":[{"name":"wp","href":"https:\/\/api.w.org\/{rel}","templated":true}]}}