{"id":3915,"date":"2021-04-04T21:50:24","date_gmt":"2021-04-04T21:50:24","guid":{"rendered":"http:\/\/hubertpietka.bialystok.pl\/?page_id=3915"},"modified":"2021-04-04T21:50:24","modified_gmt":"2021-04-04T21:50:24","slug":"spotkanie-ze-zmartwychwstalym","status":"publish","type":"page","link":"https:\/\/hubertpietka.bialystok.pl\/?page_id=3915","title":{"rendered":"Spotkanie \/ ze Zmartwychwsta\u0142ym"},"content":{"rendered":"<p><em><strong>Spotkanie \/ ze Zmartwychwsta\u0142ym<\/strong><\/em><\/p>\n<p style=\"text-align: right;\">Wtedy wszed\u0142 do wn\u0119trza tak\u017ce i \u00f3w drugi ucze\u0144, kt\u00f3ry przyby\u0142 pierwszy do grobu. Ujrza\u0142 i uwierzy\u0142.<br \/>\n\/ J 20,8 \/<\/p>\n<p>Jak i gdzie<br \/>\nGo spotka\u0107 mo\u017cesz<\/p>\n<p>We swoim wn\u0119trzu<\/p>\n<p>Na zgliszczach egoizmu<br \/>\nNa grobie pychy<br \/>\nNa cmentarzu k\u0142amstwa i fa\u0142szu<br \/>\nNa sepulturze kultury \u015bmierci i ob\u0142udy<\/p>\n<p>I ty mo\u017cesz<br \/>\nBy\u0107 drugim po papie\u017cu<br \/>\nUmi\u0142owanym uczniem Pana<br \/>\nTylko uchwy\u0107 si\u0119 Go<br \/>\nWe swym wn\u0119trzu \u015bwiat\u0142a<\/p>\n<p><a href=\"http:\/\/hubertpietka.bialystok.pl\/wp-content\/uploads\/2021\/04\/IMG_20210404_234524.jpg\"><img loading=\"lazy\" decoding=\"async\" class=\"alignnone size-thumbnail wp-image-3916\" src=\"http:\/\/hubertpietka.bialystok.pl\/wp-content\/uploads\/2021\/04\/IMG_20210404_234524-150x150.jpg\" alt=\"\" width=\"150\" height=\"150\" srcset=\"https:\/\/hubertpietka.bialystok.pl\/wp-content\/uploads\/2021\/04\/IMG_20210404_234524-150x150.jpg 150w, https:\/\/hubertpietka.bialystok.pl\/wp-content\/uploads\/2021\/04\/IMG_20210404_234524-75x75.jpg 75w\" sizes=\"auto, (max-width: 150px) 100vw, 150px\" \/><\/a><\/p>\n<p><em>Na zdj. Pascha\u0142 i zmartwychwsta\u0142y Jezus<\/em><br \/>\n<em>W ko\u015bciele stopnickim sercan\u00f3w<\/em><br \/>\n<em>Jezus jest \u015bwiat\u0142em<\/em><br \/>\n<em>I ciemno\u015b\u0107 Go nie ogarnie<\/em><\/p>\n<p style=\"text-align: right;\"><a href=\"https:\/\/youtu.be\/eDiiiNBK3lU\"><strong><i>niemaGOtu &#8211; Amen<\/i><\/strong><\/a><\/p>\n","protected":false},"excerpt":{"rendered":"<p>Spotkanie \/ ze Zmartwychwsta\u0142ym Wtedy wszed\u0142 do wn\u0119trza tak\u017ce i \u00f3w drugi ucze\u0144, kt\u00f3ry przyby\u0142 pierwszy do grobu. Ujrza\u0142 i uwierzy\u0142. \/ J 20,8 \/&hellip; <\/p>\n","protected":false},"author":1,"featured_media":0,"parent":0,"menu_order":0,"comment_status":"closed","ping_status":"closed","template":"","meta":{"footnotes":""},"class_list":["post-3915","page","type-page","status-publish","hentry"],"_links":{"self":[{"href":"https:\/\/hubertpietka.bialystok.pl\/index.php?rest_route=\/wp\/v2\/pages\/3915","targetHints":{"allow":["GET"]}}],"collection":[{"href":"https:\/\/hubertpietka.bialystok.pl\/index.php?rest_route=\/wp\/v2\/pages"}],"about":[{"href":"https:\/\/hubertpietka.bialystok.pl\/index.php?rest_route=\/wp\/v2\/types\/page"}],"author":[{"embeddable":true,"href":"https:\/\/hubertpietka.bialystok.pl\/index.php?rest_route=\/wp\/v2\/users\/1"}],"replies":[{"embeddable":true,"href":"https:\/\/hubertpietka.bialystok.pl\/index.php?rest_route=%2Fwp%2Fv2%2Fcomments&post=3915"}],"version-history":[{"count":1,"href":"https:\/\/hubertpietka.bialystok.pl\/index.php?rest_route=\/wp\/v2\/pages\/3915\/revisions"}],"predecessor-version":[{"id":3917,"href":"https:\/\/hubertpietka.bialystok.pl\/index.php?rest_route=\/wp\/v2\/pages\/3915\/revisions\/3917"}],"wp:attachment":[{"href":"https:\/\/hubertpietka.bialystok.pl\/index.php?rest_route=%2Fwp%2Fv2%2Fmedia&parent=3915"}],"curies":[{"name":"wp","href":"https:\/\/api.w.org\/{rel}","templated":true}]}}